{"id":3095,"date":"2024-10-08T12:14:55","date_gmt":"2024-10-08T10:14:55","guid":{"rendered":"https:\/\/new.paint-car.com\/entreprise\/"},"modified":"2025-04-09T11:45:28","modified_gmt":"2025-04-09T09:45:28","slug":"entreprise","status":"publish","type":"page","link":"https:\/\/paint-car.com\/fr\/entreprise\/","title":{"rendered":"Entreprise"},"content":{"rendered":"\t\t<div data-elementor-type=\"wp-page\" data-elementor-id=\"3095\" class=\"elementor elementor-3095 elementor-928\" data-elementor-post-type=\"page\">\n\t\t\t\t\t\t<section class=\"elementor-section elementor-top-section elementor-element elementor-element-512785a elementor-section-full_width elementor-section-height-default elementor-section-height-default\" data-id=\"512785a\" data-element_type=\"section\" data-e-type=\"section\" data-settings=\"{&quot;background_background&quot;:&quot;classic&quot;}\">\n\t\t\t\t\t\t<div class=\"elementor-container elementor-column-gap-default\">\n\t\t\t\t\t<div class=\"elementor-column elementor-col-50 elementor-top-column elementor-element elementor-element-1022196\" data-id=\"1022196\" data-element_type=\"column\" data-e-type=\"column\">\n\t\t\t<div class=\"elementor-widget-wrap\">\n\t\t\t\t\t\t\t<\/div>\n\t\t<\/div>\n\t\t\t\t<div class=\"elementor-column elementor-col-50 elementor-top-column elementor-element elementor-element-f51b5f6\" data-id=\"f51b5f6\" data-element_type=\"column\" data-e-type=\"column\">\n\t\t\t<div class=\"elementor-widget-wrap elementor-element-populated\">\n\t\t\t\t\t\t<div class=\"elementor-element elementor-element-df98187 elementor-widget__width-initial elementor-widget elementor-widget-heading\" data-id=\"df98187\" data-element_type=\"widget\" data-e-type=\"widget\" data-widget_type=\"heading.default\">\n\t\t\t\t<div class=\"elementor-widget-container\">\n\t\t\t\t\t<h1 class=\"elementor-heading-title elementor-size-default\">NOS PRODUITS<br>VOS SOLUTIONS<\/h1>\t\t\t\t<\/div>\n\t\t\t\t<\/div>\n\t\t\t\t<div class=\"elementor-element elementor-element-040a445 elementor-widget-divider--view-line elementor-widget elementor-widget-divider\" data-id=\"040a445\" data-element_type=\"widget\" data-e-type=\"widget\" data-widget_type=\"divider.default\">\n\t\t\t\t<div class=\"elementor-widget-container\">\n\t\t\t\t\t\t\t<div class=\"elementor-divider\">\n\t\t\t<span class=\"elementor-divider-separator\">\n\t\t\t\t\t\t<\/span>\n\t\t<\/div>\n\t\t\t\t\t\t<\/div>\n\t\t\t\t<\/div>\n\t\t\t\t<div class=\"elementor-element elementor-element-16c6bb9 elementor-widget__width-initial elementor-widget elementor-widget-heading\" data-id=\"16c6bb9\" data-element_type=\"widget\" data-e-type=\"widget\" data-widget_type=\"heading.default\">\n\t\t\t\t<div class=\"elementor-widget-container\">\n\t\t\t\t\t<h2 class=\"elementor-heading-title elementor-size-default\">PaintCar \u00e9volue et s'am\u00e9liore constamment, en concevant des produits qui aident \u00e0 r\u00e9soudre efficacement les d\u00e9fis de nos clients.<\/h2>\t\t\t\t<\/div>\n\t\t\t\t<\/div>\n\t\t\t\t\t<\/div>\n\t\t<\/div>\n\t\t\t\t\t<\/div>\n\t\t<\/section>\n\t\t\t\t<section class=\"elementor-section elementor-top-section elementor-element elementor-element-ad4ebb2 elementor-section-full_width elementor-section-height-default elementor-section-height-default\" data-id=\"ad4ebb2\" data-element_type=\"section\" data-e-type=\"section\">\n\t\t\t\t\t\t<div class=\"elementor-container elementor-column-gap-default\">\n\t\t\t\t\t<div class=\"elementor-column elementor-col-50 elementor-top-column elementor-element elementor-element-50b0d02\" data-id=\"50b0d02\" data-element_type=\"column\" data-e-type=\"column\">\n\t\t\t<div class=\"elementor-widget-wrap elementor-element-populated\">\n\t\t\t\t\t\t<div class=\"elementor-element elementor-element-b148029 elementor-widget elementor-widget-image\" data-id=\"b148029\" data-element_type=\"widget\" data-e-type=\"widget\" data-widget_type=\"image.default\">\n\t\t\t\t<div class=\"elementor-widget-container\">\n\t\t\t\t\t\t\t\t\t\t\t\t\t\t\t<img fetchpriority=\"high\" decoding=\"async\" width=\"549\" height=\"247\" src=\"https:\/\/paint-car.com\/wp-content\/uploads\/2024\/10\/company.jpg\" class=\"attachment-large size-large wp-image-2543\" alt=\"Expertos en productos para la automoci\u00f3n\" srcset=\"https:\/\/paint-car.com\/wp-content\/uploads\/2024\/10\/company.jpg 549w, https:\/\/paint-car.com\/wp-content\/uploads\/2024\/10\/company-300x135.jpg 300w\" sizes=\"(max-width: 549px) 100vw, 549px\" \/>\t\t\t\t\t\t\t\t\t\t\t\t\t\t\t<\/div>\n\t\t\t\t<\/div>\n\t\t\t\t<div class=\"elementor-element elementor-element-1ccb79f elementor-widget__width-initial elementor-widget elementor-widget-video\" data-id=\"1ccb79f\" data-element_type=\"widget\" data-e-type=\"widget\" data-settings=\"{&quot;youtube_url&quot;:&quot;https:\\\/\\\/youtu.be\\\/2ypJzHeyCnA&quot;,&quot;video_type&quot;:&quot;youtube&quot;}\" data-widget_type=\"video.default\">\n\t\t\t\t<div class=\"elementor-widget-container\">\n\t\t\t\t\t\t\t<div class=\"elementor-wrapper elementor-open-inline\">\n\t\t\t<div class=\"elementor-video\"><\/div>\t\t<\/div>\n\t\t\t\t\t\t<\/div>\n\t\t\t\t<\/div>\n\t\t\t\t\t<\/div>\n\t\t<\/div>\n\t\t\t\t<div class=\"elementor-column elementor-col-50 elementor-top-column elementor-element elementor-element-2188a71\" data-id=\"2188a71\" data-element_type=\"column\" data-e-type=\"column\" data-settings=\"{&quot;background_background&quot;:&quot;classic&quot;}\">\n\t\t\t<div class=\"elementor-widget-wrap elementor-element-populated\">\n\t\t\t\t\t\t<div class=\"elementor-element elementor-element-67382f8 elementor-widget__width-initial elementor-widget-mobile__width-inherit elementor-widget elementor-widget-text-editor\" data-id=\"67382f8\" data-element_type=\"widget\" data-e-type=\"widget\" data-widget_type=\"text-editor.default\">\n\t\t\t\t<div class=\"elementor-widget-container\">\n\t\t\t\t\t\t\t\t\t<p>PaintCar est la marque experte pour les produits automobiles professionnels.<\/p><p>Fond\u00e9 dans les ann\u00e9es 1990 par le Groupe Tot Color, sp\u00e9cialiste de la fabrication, de la distribution et de l&rsquo;exportation de peintures et de produits connexes pour les secteurs de l&rsquo;automobile, de la d\u00e9coration, de l&rsquo;industrie et du nautisme.<\/p><p>PaintCar \u00e9volue et s&rsquo;am\u00e9liore constamment, en concevant des produits qui aident \u00e0 r\u00e9soudre efficacement les d\u00e9fis de nos clients. Ces am\u00e9liorations continues, associ\u00e9es \u00e0 une \u00e9quipe exp\u00e9riment\u00e9e, qualifi\u00e9e et dynamique, nous permettent de maintenir et d&rsquo;\u00e9tendre notre pr\u00e9sence sur le march\u00e9 mondial et de devenir une marque fiable. <\/p><p>PaintCar est une marque de :<\/p>\t\t\t\t\t\t\t\t<\/div>\n\t\t\t\t<\/div>\n\t\t\t\t<div class=\"elementor-element elementor-element-2610438 elementor-widget-mobile__width-inherit elementor-widget elementor-widget-image\" data-id=\"2610438\" data-element_type=\"widget\" data-e-type=\"widget\" data-widget_type=\"image.default\">\n\t\t\t\t<div class=\"elementor-widget-container\">\n\t\t\t\t\t\t\t\t\t\t\t\t\t\t\t<img decoding=\"async\" width=\"421\" height=\"131\" src=\"https:\/\/paint-car.com\/wp-content\/uploads\/2024\/10\/group_totcolor_color.png\" class=\"attachment-large size-large wp-image-2595\" alt=\"\" srcset=\"https:\/\/paint-car.com\/wp-content\/uploads\/2024\/10\/group_totcolor_color.png 421w, https:\/\/paint-car.com\/wp-content\/uploads\/2024\/10\/group_totcolor_color-300x93.png 300w\" sizes=\"(max-width: 421px) 100vw, 421px\" \/>\t\t\t\t\t\t\t\t\t\t\t\t\t\t\t<\/div>\n\t\t\t\t<\/div>\n\t\t\t\t\t<\/div>\n\t\t<\/div>\n\t\t\t\t\t<\/div>\n\t\t<\/section>\n\t\t\t\t<section class=\"elementor-section elementor-top-section elementor-element elementor-element-b0a3101 elementor-section-full_width elementor-section-height-default elementor-section-height-default\" data-id=\"b0a3101\" data-element_type=\"section\" data-e-type=\"section\">\n\t\t\t\t\t\t<div class=\"elementor-container elementor-column-gap-default\">\n\t\t\t\t\t<div class=\"elementor-column elementor-col-50 elementor-top-column elementor-element elementor-element-5a5a06e\" data-id=\"5a5a06e\" data-element_type=\"column\" data-e-type=\"column\">\n\t\t\t<div class=\"elementor-widget-wrap elementor-element-populated\">\n\t\t\t\t\t\t<div class=\"elementor-element elementor-element-064609d elementor-widget elementor-widget-image\" data-id=\"064609d\" data-element_type=\"widget\" data-e-type=\"widget\" data-widget_type=\"image.default\">\n\t\t\t\t<div class=\"elementor-widget-container\">\n\t\t\t\t\t\t\t\t\t\t\t\t\t\t\t<img decoding=\"async\" width=\"700\" height=\"620\" src=\"https:\/\/paint-car.com\/wp-content\/uploads\/2024\/10\/pds.png\" class=\"attachment-large size-large wp-image-2593\" alt=\"Expertos en productos para la automoci\u00f3n\" srcset=\"https:\/\/paint-car.com\/wp-content\/uploads\/2024\/10\/pds.png 700w, https:\/\/paint-car.com\/wp-content\/uploads\/2024\/10\/pds-600x531.png 600w, https:\/\/paint-car.com\/wp-content\/uploads\/2024\/10\/pds-300x266.png 300w\" sizes=\"(max-width: 700px) 100vw, 700px\" \/>\t\t\t\t\t\t\t\t\t\t\t\t\t\t\t<\/div>\n\t\t\t\t<\/div>\n\t\t\t\t\t<\/div>\n\t\t<\/div>\n\t\t\t\t<div class=\"elementor-column elementor-col-50 elementor-top-column elementor-element elementor-element-87e5a3b\" data-id=\"87e5a3b\" data-element_type=\"column\" data-e-type=\"column\" data-settings=\"{&quot;background_background&quot;:&quot;classic&quot;}\">\n\t\t\t<div class=\"elementor-widget-wrap elementor-element-populated\">\n\t\t\t\t\t\t<div class=\"elementor-element elementor-element-43a6918 elementor-widget__width-initial elementor-widget elementor-widget-heading\" data-id=\"43a6918\" data-element_type=\"widget\" data-e-type=\"widget\" data-widget_type=\"heading.default\">\n\t\t\t\t<div class=\"elementor-widget-container\">\n\t\t\t\t\t<h1 class=\"elementor-heading-title elementor-size-default\">POLITIQUE\nQUALIT\u00c9 ET<\/br>\nDURABILIT\u00c9<\/h1>\t\t\t\t<\/div>\n\t\t\t\t<\/div>\n\t\t\t\t<div class=\"elementor-element elementor-element-44f23b0 elementor-widget__width-initial elementor-widget-mobile__width-inherit elementor-widget elementor-widget-text-editor\" data-id=\"44f23b0\" data-element_type=\"widget\" data-e-type=\"widget\" data-widget_type=\"text-editor.default\">\n\t\t\t\t<div class=\"elementor-widget-container\">\n\t\t\t\t\t\t\t\t\t<p>PaintCar travaille en harmonie avec l&rsquo;environnement en \u00e9tablissant une politique de qualit\u00e9 et de durabilit\u00e9 qui comprend les \u00e9l\u00e9ments fondamentaux suivants :<\/p><ol><li>Veiller au respect de la politique de qualit\u00e9 et de durabilit\u00e9 de la marque.<\/li><li>D\u00e9velopper des processus de production pour rendre les peintures plus fonctionnelles et plus respectueuses de l&rsquo;environnement.<\/li><li>R\u00e9duire l&rsquo;impact environnemental en g\u00e9n\u00e9rant moins de d\u00e9chets, en contribuant \u00e0 l&rsquo;am\u00e9lioration de nos produits avec des mat\u00e9riaux \u00e9cologiques et recycl\u00e9s.<\/li><li>Utilisez des emballages 100 % recycl\u00e9s et recyclables qui respectent les 3R du d\u00e9veloppement durable : r\u00e9duire, r\u00e9utiliser et recycler.<\/li><li>Minimiser l&#8217;empreinte carbone, qui repr\u00e9sente le volume total de gaz \u00e0 effet de serre (GES) produit par les activit\u00e9s \u00e9conomiques et quotidiennes de l&rsquo;homme.<\/li><li>Encourager l&rsquo;\u00e9conomie circulaire par le biais d&rsquo;un mod\u00e8le de production et de consommation durable en recyclant et en r\u00e9utilisant les d\u00e9chets exc\u00e9dentaires.<\/li><\/ol><p>Il est important pour PaintCar d&rsquo;\u00eatre reconnue comme une marque durable et de qualit\u00e9, c&rsquo;est pourquoi nous utilisons des produits locaux et de proximit\u00e9 km.0.<\/p>\t\t\t\t\t\t\t\t<\/div>\n\t\t\t\t<\/div>\n\t\t\t\t\t<\/div>\n\t\t<\/div>\n\t\t\t\t\t<\/div>\n\t\t<\/section>\n\t\t\t\t<\/div>\n\t\t","protected":false},"excerpt":{"rendered":"<p>NOS PRODUITSVOS SOLUTIONS PaintCar \u00e9volue et s&rsquo;am\u00e9liore constamment, en concevant des produits qui aident \u00e0 r\u00e9soudre efficacement les d\u00e9fis de nos clients. https:\/\/youtu.be\/2ypJzHeyCnA PaintCar est la marque experte pour les produits automobiles professionnels. Fond\u00e9 dans les ann\u00e9es 1990 par le Groupe Tot Color, sp\u00e9cialiste de la fabrication, de la distribution et de l&rsquo;exportation de peintures [&hellip;]<\/p>\n","protected":false},"author":1,"featured_media":0,"parent":0,"menu_order":11,"comment_status":"closed","ping_status":"closed","template":"","meta":{"_acf_changed":false,"footnotes":""},"class_list":["post-3095","page","type-page","status-publish","hentry"],"acf":[],"yoast_head":"<!-- This site is optimized with the Yoast SEO plugin v27.5 - https:\/\/yoast.com\/product\/yoast-seo-wordpress\/ -->\n<title>Entreprise - PaintCar<\/title>\n<meta name=\"robots\" content=\"index, follow, max-snippet:-1, max-image-preview:large, max-video-preview:-1\" \/>\n<link rel=\"canonical\" href=\"https:\/\/paint-car.com\/fr\/entreprise\/\" \/>\n<meta property=\"og:locale\" content=\"fr_FR\" \/>\n<meta property=\"og:type\" content=\"article\" \/>\n<meta property=\"og:title\" content=\"Entreprise - PaintCar\" \/>\n<meta property=\"og:description\" content=\"NOS PRODUITSVOS SOLUTIONS PaintCar \u00e9volue et s&rsquo;am\u00e9liore constamment, en concevant des produits qui aident \u00e0 r\u00e9soudre efficacement les d\u00e9fis de nos clients. https:\/\/youtu.be\/2ypJzHeyCnA PaintCar est la marque experte pour les produits automobiles professionnels. Fond\u00e9 dans les ann\u00e9es 1990 par le Groupe Tot Color, sp\u00e9cialiste de la fabrication, de la distribution et de l&rsquo;exportation de peintures [&hellip;]\" \/>\n<meta property=\"og:url\" content=\"https:\/\/paint-car.com\/fr\/entreprise\/\" \/>\n<meta property=\"og:site_name\" content=\"PaintCar\" \/>\n<meta property=\"article:publisher\" content=\"https:\/\/www.facebook.com\/profile.php?id=61574894891270\" \/>\n<meta property=\"article:modified_time\" content=\"2025-04-09T09:45:28+00:00\" \/>\n<meta property=\"og:image\" content=\"http:\/\/new.paint-car.com\/wp-content\/uploads\/2024\/10\/company.jpg\" \/>\n<meta name=\"twitter:card\" content=\"summary_large_image\" \/>\n<meta name=\"twitter:label1\" content=\"Dur\u00e9e de lecture estim\u00e9e\" \/>\n\t<meta name=\"twitter:data1\" content=\"2 minutes\" \/>\n<script type=\"application\/ld+json\" class=\"yoast-schema-graph\">{\"@context\":\"https:\\\/\\\/schema.org\",\"@graph\":[{\"@type\":\"WebPage\",\"@id\":\"https:\\\/\\\/paint-car.com\\\/fr\\\/entreprise\\\/\",\"url\":\"https:\\\/\\\/paint-car.com\\\/fr\\\/entreprise\\\/\",\"name\":\"Entreprise - PaintCar\",\"isPartOf\":{\"@id\":\"https:\\\/\\\/paint-car.com\\\/#website\"},\"primaryImageOfPage\":{\"@id\":\"https:\\\/\\\/paint-car.com\\\/fr\\\/entreprise\\\/#primaryimage\"},\"image\":{\"@id\":\"https:\\\/\\\/paint-car.com\\\/fr\\\/entreprise\\\/#primaryimage\"},\"thumbnailUrl\":\"http:\\\/\\\/new.paint-car.com\\\/wp-content\\\/uploads\\\/2024\\\/10\\\/company.jpg\",\"datePublished\":\"2024-10-08T10:14:55+00:00\",\"dateModified\":\"2025-04-09T09:45:28+00:00\",\"breadcrumb\":{\"@id\":\"https:\\\/\\\/paint-car.com\\\/fr\\\/entreprise\\\/#breadcrumb\"},\"inLanguage\":\"fr-FR\",\"potentialAction\":[{\"@type\":\"ReadAction\",\"target\":[\"https:\\\/\\\/paint-car.com\\\/fr\\\/entreprise\\\/\"]}]},{\"@type\":\"ImageObject\",\"inLanguage\":\"fr-FR\",\"@id\":\"https:\\\/\\\/paint-car.com\\\/fr\\\/entreprise\\\/#primaryimage\",\"url\":\"http:\\\/\\\/new.paint-car.com\\\/wp-content\\\/uploads\\\/2024\\\/10\\\/company.jpg\",\"contentUrl\":\"http:\\\/\\\/new.paint-car.com\\\/wp-content\\\/uploads\\\/2024\\\/10\\\/company.jpg\"},{\"@type\":\"BreadcrumbList\",\"@id\":\"https:\\\/\\\/paint-car.com\\\/fr\\\/entreprise\\\/#breadcrumb\",\"itemListElement\":[{\"@type\":\"ListItem\",\"position\":1,\"name\":\"Inicio\",\"item\":\"https:\\\/\\\/paint-car.com\\\/\"},{\"@type\":\"ListItem\",\"position\":2,\"name\":\"Entreprise\"}]},{\"@type\":\"WebSite\",\"@id\":\"https:\\\/\\\/paint-car.com\\\/#website\",\"url\":\"https:\\\/\\\/paint-car.com\\\/\",\"name\":\"PaintCar\",\"description\":\"Soluciones al repintado - Refinish Solutions\",\"publisher\":{\"@id\":\"https:\\\/\\\/paint-car.com\\\/#organization\"},\"alternateName\":\"PaintCar\",\"potentialAction\":[{\"@type\":\"SearchAction\",\"target\":{\"@type\":\"EntryPoint\",\"urlTemplate\":\"https:\\\/\\\/paint-car.com\\\/?s={search_term_string}\"},\"query-input\":{\"@type\":\"PropertyValueSpecification\",\"valueRequired\":true,\"valueName\":\"search_term_string\"}}],\"inLanguage\":\"fr-FR\"},{\"@type\":\"Organization\",\"@id\":\"https:\\\/\\\/paint-car.com\\\/#organization\",\"name\":\"PaintCar\",\"alternateName\":\"PaintCar - SOLUCIONES DE PINTURA PARA AUTOMOCI\u00d3N Y ANEXOS\",\"url\":\"https:\\\/\\\/paint-car.com\\\/\",\"logo\":{\"@type\":\"ImageObject\",\"inLanguage\":\"fr-FR\",\"@id\":\"https:\\\/\\\/paint-car.com\\\/#\\\/schema\\\/logo\\\/image\\\/\",\"url\":\"https:\\\/\\\/paint-car.com\\\/wp-content\\\/uploads\\\/2024\\\/10\\\/PaintCar.svg\",\"contentUrl\":\"https:\\\/\\\/paint-car.com\\\/wp-content\\\/uploads\\\/2024\\\/10\\\/PaintCar.svg\",\"width\":1,\"height\":1,\"caption\":\"PaintCar\"},\"image\":{\"@id\":\"https:\\\/\\\/paint-car.com\\\/#\\\/schema\\\/logo\\\/image\\\/\"},\"sameAs\":[\"https:\\\/\\\/www.facebook.com\\\/profile.php?id=61574894891270\",\"https:\\\/\\\/www.instagram.com\\\/paintcarsolutions\\\/\",\"https:\\\/\\\/www.tiktok.com\\\/@paintcaroficial\"]}]}<\/script>\n<!-- \/ Yoast SEO plugin. -->","yoast_head_json":{"title":"Entreprise - PaintCar","robots":{"index":"index","follow":"follow","max-snippet":"max-snippet:-1","max-image-preview":"max-image-preview:large","max-video-preview":"max-video-preview:-1"},"canonical":"https:\/\/paint-car.com\/fr\/entreprise\/","og_locale":"fr_FR","og_type":"article","og_title":"Entreprise - PaintCar","og_description":"NOS PRODUITSVOS SOLUTIONS PaintCar \u00e9volue et s&rsquo;am\u00e9liore constamment, en concevant des produits qui aident \u00e0 r\u00e9soudre efficacement les d\u00e9fis de nos clients. https:\/\/youtu.be\/2ypJzHeyCnA PaintCar est la marque experte pour les produits automobiles professionnels. Fond\u00e9 dans les ann\u00e9es 1990 par le Groupe Tot Color, sp\u00e9cialiste de la fabrication, de la distribution et de l&rsquo;exportation de peintures [&hellip;]","og_url":"https:\/\/paint-car.com\/fr\/entreprise\/","og_site_name":"PaintCar","article_publisher":"https:\/\/www.facebook.com\/profile.php?id=61574894891270","article_modified_time":"2025-04-09T09:45:28+00:00","og_image":[{"url":"http:\/\/new.paint-car.com\/wp-content\/uploads\/2024\/10\/company.jpg","type":"","width":"","height":""}],"twitter_card":"summary_large_image","twitter_misc":{"Dur\u00e9e de lecture estim\u00e9e":"2 minutes"},"schema":{"@context":"https:\/\/schema.org","@graph":[{"@type":"WebPage","@id":"https:\/\/paint-car.com\/fr\/entreprise\/","url":"https:\/\/paint-car.com\/fr\/entreprise\/","name":"Entreprise - PaintCar","isPartOf":{"@id":"https:\/\/paint-car.com\/#website"},"primaryImageOfPage":{"@id":"https:\/\/paint-car.com\/fr\/entreprise\/#primaryimage"},"image":{"@id":"https:\/\/paint-car.com\/fr\/entreprise\/#primaryimage"},"thumbnailUrl":"http:\/\/new.paint-car.com\/wp-content\/uploads\/2024\/10\/company.jpg","datePublished":"2024-10-08T10:14:55+00:00","dateModified":"2025-04-09T09:45:28+00:00","breadcrumb":{"@id":"https:\/\/paint-car.com\/fr\/entreprise\/#breadcrumb"},"inLanguage":"fr-FR","potentialAction":[{"@type":"ReadAction","target":["https:\/\/paint-car.com\/fr\/entreprise\/"]}]},{"@type":"ImageObject","inLanguage":"fr-FR","@id":"https:\/\/paint-car.com\/fr\/entreprise\/#primaryimage","url":"http:\/\/new.paint-car.com\/wp-content\/uploads\/2024\/10\/company.jpg","contentUrl":"http:\/\/new.paint-car.com\/wp-content\/uploads\/2024\/10\/company.jpg"},{"@type":"BreadcrumbList","@id":"https:\/\/paint-car.com\/fr\/entreprise\/#breadcrumb","itemListElement":[{"@type":"ListItem","position":1,"name":"Inicio","item":"https:\/\/paint-car.com\/"},{"@type":"ListItem","position":2,"name":"Entreprise"}]},{"@type":"WebSite","@id":"https:\/\/paint-car.com\/#website","url":"https:\/\/paint-car.com\/","name":"PaintCar","description":"Soluciones al repintado - Refinish Solutions","publisher":{"@id":"https:\/\/paint-car.com\/#organization"},"alternateName":"PaintCar","potentialAction":[{"@type":"SearchAction","target":{"@type":"EntryPoint","urlTemplate":"https:\/\/paint-car.com\/?s={search_term_string}"},"query-input":{"@type":"PropertyValueSpecification","valueRequired":true,"valueName":"search_term_string"}}],"inLanguage":"fr-FR"},{"@type":"Organization","@id":"https:\/\/paint-car.com\/#organization","name":"PaintCar","alternateName":"PaintCar - SOLUCIONES DE PINTURA PARA AUTOMOCI\u00d3N Y ANEXOS","url":"https:\/\/paint-car.com\/","logo":{"@type":"ImageObject","inLanguage":"fr-FR","@id":"https:\/\/paint-car.com\/#\/schema\/logo\/image\/","url":"https:\/\/paint-car.com\/wp-content\/uploads\/2024\/10\/PaintCar.svg","contentUrl":"https:\/\/paint-car.com\/wp-content\/uploads\/2024\/10\/PaintCar.svg","width":1,"height":1,"caption":"PaintCar"},"image":{"@id":"https:\/\/paint-car.com\/#\/schema\/logo\/image\/"},"sameAs":["https:\/\/www.facebook.com\/profile.php?id=61574894891270","https:\/\/www.instagram.com\/paintcarsolutions\/","https:\/\/www.tiktok.com\/@paintcaroficial"]}]}},"_links":{"self":[{"href":"https:\/\/paint-car.com\/fr\/wp-json\/wp\/v2\/pages\/3095","targetHints":{"allow":["GET"]}}],"collection":[{"href":"https:\/\/paint-car.com\/fr\/wp-json\/wp\/v2\/pages"}],"about":[{"href":"https:\/\/paint-car.com\/fr\/wp-json\/wp\/v2\/types\/page"}],"author":[{"embeddable":true,"href":"https:\/\/paint-car.com\/fr\/wp-json\/wp\/v2\/users\/1"}],"replies":[{"embeddable":true,"href":"https:\/\/paint-car.com\/fr\/wp-json\/wp\/v2\/comments?post=3095"}],"version-history":[{"count":0,"href":"https:\/\/paint-car.com\/fr\/wp-json\/wp\/v2\/pages\/3095\/revisions"}],"wp:attachment":[{"href":"https:\/\/paint-car.com\/fr\/wp-json\/wp\/v2\/media?parent=3095"}],"curies":[{"name":"wp","href":"https:\/\/api.w.org\/{rel}","templated":true}]}}