{"id":3101,"date":"2024-10-08T13:59:03","date_gmt":"2024-10-08T11:59:03","guid":{"rendered":"https:\/\/new.paint-car.com\/politique-en-matiere-de-cookies\/"},"modified":"2025-05-14T11:37:39","modified_gmt":"2025-05-14T09:37:39","slug":"politique-en-matiere-de-cookies","status":"publish","type":"page","link":"https:\/\/paint-car.com\/fr\/politique-en-matiere-de-cookies\/","title":{"rendered":"Politique en mati\u00e8re de cookies"},"content":{"rendered":"\t\t<div data-elementor-type=\"wp-page\" data-elementor-id=\"3101\" class=\"elementor elementor-3101 elementor-970\" data-elementor-post-type=\"page\">\n\t\t\t\t\t\t<section class=\"elementor-section elementor-top-section elementor-element elementor-element-f4c59f1 elementor-section-full_width elementor-section-content-top elementor-section-height-default elementor-section-height-default\" data-id=\"f4c59f1\" data-element_type=\"section\" data-e-type=\"section\" data-settings=\"{&quot;background_background&quot;:&quot;classic&quot;}\">\n\t\t\t\t\t\t<div class=\"elementor-container elementor-column-gap-default\">\n\t\t\t\t\t<div class=\"elementor-column elementor-col-100 elementor-top-column elementor-element elementor-element-7941c19\" data-id=\"7941c19\" data-element_type=\"column\" data-e-type=\"column\">\n\t\t\t<div class=\"elementor-widget-wrap elementor-element-populated\">\n\t\t\t\t\t\t<div class=\"elementor-element elementor-element-19bd132 elementor-widget__width-auto elementor-widget elementor-widget-heading\" data-id=\"19bd132\" data-element_type=\"widget\" data-e-type=\"widget\" data-widget_type=\"heading.default\">\n\t\t\t\t<div class=\"elementor-widget-container\">\n\t\t\t\t\t<h2 class=\"elementor-heading-title elementor-size-default\">PaintCar \/ Politique en mati\u00e8re de cookies<\/h2>\t\t\t\t<\/div>\n\t\t\t\t<\/div>\n\t\t\t\t\t<\/div>\n\t\t<\/div>\n\t\t\t\t\t<\/div>\n\t\t<\/section>\n\t\t\t\t<section class=\"elementor-section elementor-top-section elementor-element elementor-element-0efe0eb elementor-section-full_width elementor-section-height-default elementor-section-height-default\" data-id=\"0efe0eb\" data-element_type=\"section\" data-e-type=\"section\">\n\t\t\t\t\t\t<div class=\"elementor-container elementor-column-gap-default\">\n\t\t\t\t\t<div class=\"elementor-column elementor-col-100 elementor-top-column elementor-element elementor-element-c58ab9e\" data-id=\"c58ab9e\" data-element_type=\"column\" data-e-type=\"column\" data-settings=\"{&quot;background_background&quot;:&quot;classic&quot;}\">\n\t\t\t<div class=\"elementor-widget-wrap elementor-element-populated\">\n\t\t\t\t\t\t<div class=\"elementor-element elementor-element-3be699e elementor-widget__width-initial elementor-widget elementor-widget-text-editor\" data-id=\"3be699e\" data-element_type=\"widget\" data-e-type=\"widget\" data-widget_type=\"text-editor.default\">\n\t\t\t\t<div class=\"elementor-widget-container\">\n\t\t\t\t\t\t\t\t\t<p>L&rsquo;objectif de cette politique en mati\u00e8re de cookies est de fournir des informations claires et pr\u00e9cises sur les cookies utilis\u00e9s sur notre site web.<br>Nous utilisons nos propres cookies et ceux de tiers pour am\u00e9liorer nos services, personnaliser notre site web, faciliter la navigation de nos utilisateurs, vous offrir une meilleure exp\u00e9rience lors de l&rsquo;utilisation du site web, identifier les probl\u00e8mes afin de l&rsquo;am\u00e9liorer, effectuer des mesures et des statistiques d&rsquo;utilisation et vous montrer de la publicit\u00e9 li\u00e9e \u00e0 vos pr\u00e9f\u00e9rences en analysant l&rsquo;utilisation du site web.<\/p><p>Veuillez noter que nous pouvons utiliser des cookies sur votre ordinateur \u00e0 condition que vous ayez donn\u00e9 votre accord, sauf dans les cas o\u00f9 les cookies sont n\u00e9cessaires pour naviguer sur notre site web. Si vous y consentez, nous pouvons utiliser des cookies pour nous permettre d&rsquo;en savoir plus sur vos pr\u00e9f\u00e9rences et de personnaliser notre site web en fonction de vos int\u00e9r\u00eats personnels. <\/p><p><strong>QU&rsquo;EST-CE QU&rsquo;UN BISCUIT ?<\/strong><\/p><p>Les <em>cookies <\/em>et autres technologies similaires telles que les objets locaux partag\u00e9s, les <em>cookies <\/em>flash ou les pixels sont des outils utilis\u00e9s par les serveurs web pour stocker et r\u00e9cup\u00e9rer des informations sur leurs visiteurs et pour assurer le bon fonctionnement du site.<\/p><p><strong>TYPES DE COOKIES<\/strong><\/p><p><strong>Les types de cookies d\u00e9pendent de l&rsquo;entit\u00e9 qui les g\u00e8re :<\/strong><\/p><ul><li><strong>Les cookies propres :<\/strong> ce sont ceux qui sont envoy\u00e9s \u00e0 l&rsquo;\u00e9quipement terminal de l&rsquo;utilisateur \u00e0 partir d&rsquo;un ordinateur ou d&rsquo;un domaine g\u00e9r\u00e9 par le propri\u00e9taire du site web et \u00e0 partir duquel le service demand\u00e9 par l&rsquo;utilisateur est fourni.<\/li><li><strong>Cookies de tiers :<\/strong> ce sont ceux qui sont envoy\u00e9s \u00e0 l&rsquo;\u00e9quipement terminal de l&rsquo;utilisateur \u00e0 partir d&rsquo;un ordinateur ou d&rsquo;un domaine qui n&rsquo;est pas g\u00e9r\u00e9 par le propri\u00e9taire du site web \u00e0 partir duquel le service demand\u00e9 par l&rsquo;utilisateur est fourni, mais par une autre entit\u00e9 qui traite les donn\u00e9es obtenues par le biais des cookies. De m\u00eame, si les cookies sont install\u00e9s \u00e0 partir d&rsquo;un ordinateur ou d&rsquo;un domaine g\u00e9r\u00e9 par le propri\u00e9taire du site lui-m\u00eame, mais que les informations collect\u00e9es \u00e0 travers eux sont g\u00e9r\u00e9es par un tiers, ils seront \u00e9galement consid\u00e9r\u00e9s comme des cookies de tiers. <\/li><\/ul><p><strong>Types de cookies en fonction de leur finalit\u00e9 :<\/strong><\/p><ul><li><strong>Cookies techniques :  <\/strong>sont ceux qui permettent \u00e0 l&rsquo;utilisateur de naviguer sur un site web, une plateforme ou une application et d&rsquo;utiliser les diff\u00e9rentes options ou services qui y existent, y compris ceux que l&rsquo;\u00e9diteur utilise pour permettre la gestion et l&rsquo;exploitation du site web et permettre ses fonctions et services, tels que, par exemple, le contr\u00f4le du trafic et de la communication des donn\u00e9es, l&rsquo;identification de la session, l&rsquo;acc\u00e8s aux parties \u00e0 acc\u00e8s restreint, la m\u00e9morisation des \u00e9l\u00e9ments constitutifs d&rsquo;une commande, la r\u00e9alisation du processus d&rsquo;achat d&rsquo;une commande, la gestion du paiement, la lutte contre la fraude li\u00e9e \u00e0 la s\u00e9curit\u00e9 du service, la r\u00e9alisation d&rsquo;une demande d&rsquo;inscription ou de participation \u00e0 un \u00e9v\u00e9nement, le d\u00e9compte des visites aux fins de la facturation des licences du logiciel avec lequel le service fonctionne (site web, plateforme ou application), g\u00e9rer le paiement, contr\u00f4ler la fraude li\u00e9e \u00e0 la s\u00e9curit\u00e9 du service, effectuer la demande d&rsquo;inscription ou de participation \u00e0 un \u00e9v\u00e9nement, comptabiliser les visites aux fins de la facturation des licences du logiciel avec lequel le service fonctionne (site web, plateforme ou application), utiliser des \u00e9l\u00e9ments de s\u00e9curit\u00e9 lors de la navigation, stocker des contenus pour la diffusion de vid\u00e9os ou de sons, activer des contenus dynamiques (par exemple, l&rsquo;animation du chargement d&rsquo;un texte ou d&rsquo;une image) ou partager des contenus via les r\u00e9seaux sociaux. Appartiennent \u00e9galement \u00e0 cette cat\u00e9gorie, en raison de leur nature technique, les cookies qui permettent de g\u00e9rer, de la mani\u00e8re la plus efficace possible, les espaces publicitaires que, comme autre \u00e9l\u00e9ment de conception ou \u00ab\u00a0layout\u00a0\u00bb du service offert \u00e0 l&rsquo;utilisateur, l&rsquo;\u00e9diteur a inclus sur un site web, une application ou une plateforme en fonction de crit\u00e8res tels que le contenu \u00e9dit\u00e9, sans collecter d&rsquo;informations aupr\u00e8s des utilisateurs \u00e0 d&rsquo;autres fins, telles que la personnalisation de ce contenu publicitaire ou d&rsquo;autres contenus. <\/li><li><strong>Cookies de pr\u00e9f\u00e9rence ou de personnalisation<\/strong>: il s&rsquo;agit de cookies qui permettent de m\u00e9moriser des informations afin que l&rsquo;utilisateur puisse acc\u00e9der au service avec certaines caract\u00e9ristiques qui peuvent diff\u00e9rencier son exp\u00e9rience de celle d&rsquo;autres utilisateurs, comme, par exemple, la langue, le nombre de r\u00e9sultats \u00e0 afficher lorsque l&rsquo;utilisateur effectue une recherche, l&rsquo;apparence ou le contenu du service en fonction du type de navigateur par lequel l&rsquo;utilisateur acc\u00e8de au service ou de la r\u00e9gion \u00e0 partir de laquelle il acc\u00e8de au service, etc.<\/li><li><strong>Cookies d&rsquo;analyse ou de mesure : il <\/strong>s&rsquo;agit de cookies qui permettent au responsable de suivre et d&rsquo;analyser le comportement des utilisateurs des sites web auxquels ils sont li\u00e9s, y compris la quantification de l&rsquo;impact des publicit\u00e9s. Les informations collect\u00e9es par ce type de cookies sont utilis\u00e9es pour mesurer l&rsquo;activit\u00e9 des sites web, de l&rsquo;application ou de la plateforme, afin d&rsquo;introduire des am\u00e9liorations bas\u00e9es sur l&rsquo;analyse des donn\u00e9es relatives \u00e0 l&rsquo;utilisation faite par les utilisateurs du service. <\/li><li><strong>Cookies de publicit\u00e9 comportementale : <\/strong>ce sont ceux qui permettent de g\u00e9rer, de la mani\u00e8re la plus efficace possible, les espaces publicitaires sur le site web. Ces cookies stockent des informations sur le comportement des utilisateurs, obtenues gr\u00e2ce \u00e0 l&rsquo;observation continue de leurs habitudes de navigation, ce qui permet de d\u00e9velopper un profil sp\u00e9cifique afin d&rsquo;afficher des publicit\u00e9s bas\u00e9es sur ce dernier. <\/li><li><strong>Cookies de g\u00e9olocalisation<\/strong>: ils sont utilis\u00e9s pour savoir o\u00f9 se trouve un utilisateur lorsqu&rsquo;il demande un service. Ce cookie est anonyme et sert, par exemple, \u00e0 vous fournir les informations appropri\u00e9es en fonction du pays dans lequel vous vous trouvez. <\/li><\/ul><p><strong>Types de cookies en fonction de la dur\u00e9e pendant laquelle ils restent activ\u00e9s :<\/strong><\/p><ul><li>Les <strong>cookies de session<\/strong>: ils sont con\u00e7us pour collecter et stocker des donn\u00e9es pendant que l&rsquo;utilisateur acc\u00e8de \u00e0 un site web. Ils sont g\u00e9n\u00e9ralement utilis\u00e9s pour stocker des informations qui ne doivent \u00eatre conserv\u00e9es que pour la fourniture du service demand\u00e9 par l&rsquo;utilisateur \u00e0 une seule occasion (par exemple, une liste de produits achet\u00e9s) et disparaissent \u00e0 la fin de la session. <\/li><li><strong>Cookies persistants : il<\/strong> s&rsquo;agit de cookies dans lesquels les donn\u00e9es restent stock\u00e9es dans le terminal et peuvent \u00eatre consult\u00e9es et trait\u00e9es pendant une p\u00e9riode d\u00e9finie par le responsable du cookie, qui peut aller de quelques minutes \u00e0 plusieurs ann\u00e9es.<\/li><\/ul><p><strong>COOKIES UTILIS\u00c9S SUR NOTRE SITE WEB<\/strong><\/p><p><strong>En cours de construction : le site web est en train d&rsquo;\u00eatre scann\u00e9 pour les cookies pour la premi\u00e8re fois.<\/strong><\/p><p><strong>COMMENT D\u00c9SACTIVER LES COOKIES DANS LES NAVIGATEURS ?<\/strong><\/p><p>L&rsquo;utilisateur peut, \u00e0 tout moment, autoriser, bloquer ou supprimer les cookies install\u00e9s sur son ordinateur en modifiant les param\u00e8tres de configuration du navigateur install\u00e9 sur son ordinateur :<\/p><ul><li>Param\u00e8tres de <a href=\"https:\/\/support.google.com\/chrome\/answer\/95647?hl=es&amp;sc_ref_bbva=https:\/\/www.bbva.es\/sistema\/meta\/aviso-legal\/index.jsp\">Chrome<\/a> -&gt;  Afficher les options avanc\u00e9es -&gt;  Vie priv\u00e9e &#8211; Vie priv\u00e9e&gt;  Configuration du contenu.<p>Pour plus d&rsquo;informations, vous pouvez <a href=\"https:\/\/support.google.com\/chrome\/answer\/95647?hl=es&amp;ref_topic=3434352\">consulter l&rsquo;assistance de Google<\/a> ou l&rsquo;aide du navigateur.<\/p><\/li><li>Outils de <a href=\"https:\/\/www.microsoft.com\/es-es\/edge\">bord<\/a> -&gt;  Options Internet &#8211; Options Internet &#8211; Options Internet &#8211; Options Internet &#8211; Options Internet&gt;  Vie priv\u00e9e &#8211; Vie priv\u00e9e&gt;  Configuration.<p>Pour plus d&rsquo;informations, vous pouvez <a href=\"http:\/\/windows.microsoft.com\/es-es\/internet-explorer\/delete-managecookies#ie=ie-11\">consulter le support Microsoft<\/a> ou l&rsquo;aide du navigateur.<\/p><\/li><li><a href=\"http:\/\/support.mozilla.org\/es\/kb\/habilitar-y-deshabilitar-cookies-que-los-sitios-we?sc_ref_bbva=https:\/\/www.bbva.es\/sistema\/meta\/aviso-legal\/index.jsp\">Firefox<\/a>: Outils -&gt;Options&gt;  Vie priv\u00e9e &#8211; Vie priv\u00e9e&gt;  Histoire -&gt;  Configuration personnalis\u00e9e.<p>Pour plus d&rsquo;informations, vous pouvez <a href=\"https:\/\/support.mozilla.org\/es\/\">consulter le support Mozilla<\/a> ou l&rsquo;aide du navigateur.<\/p><\/li><li>Pr\u00e9f\u00e9rences de <a href=\"http:\/\/support.apple.com\/kb\/ph5042?sc_ref_bbva=https:\/\/www.bbva.es\/sistema\/meta\/aviso-legal\/index.jsp\">Safari &#8211; Pr\u00e9f\u00e9rences de Safari &#8211; Pr\u00e9f\u00e9rences de Safari<\/a> &gt;  La s\u00e9curit\u00e9.<p>Pour plus d&rsquo;informations, vous pouvez <a href=\"https:\/\/support.apple.com\/es-es\/HT201265\">consulter l&rsquo;assistance Apple<\/a> ou l&rsquo;aide du navigateur.<\/p><\/li><\/ul><p>La d\u00e9sactivation des cookies ne vous emp\u00eache pas de naviguer sur le site web, mais l&rsquo;utilisation de certains de ses services peut \u00eatre limit\u00e9e et, par cons\u00e9quent, votre exp\u00e9rience de navigation peut \u00eatre moins satisfaisante.<\/p><p><strong>RETIRER SON CONSENTEMENT<\/strong><\/p><p>Les utilisateurs peuvent \u00e0 tout moment retirer leur consentement en ce qui concerne la politique en mati\u00e8re de cookies et supprimer les cookies stock\u00e9s sur leur \u00e9quipement par le biais des param\u00e8tres et des configurations de leur navigateur Internet, indiqu\u00e9s ci-dessus, ainsi qu&rsquo;en acc\u00e9dant \u00e0 notre panneau de configuration.<\/p><p>La pr\u00e9sente politique en mati\u00e8re de cookies peut \u00eatre modifi\u00e9e si la l\u00e9gislation en vigueur l&rsquo;exige ou si le type de cookies utilis\u00e9s sur le site web varie. Nous vous recommandons donc de consulter cette politique chaque fois que vous acc\u00e9dez \u00e0 notre site web afin d&rsquo;\u00eatre correctement inform\u00e9 de la mani\u00e8re dont nous utilisons les cookies et des raisons pour lesquelles nous les utilisons. <\/p>\t\t\t\t\t\t\t\t<\/div>\n\t\t\t\t<\/div>\n\t\t\t\t\t<\/div>\n\t\t<\/div>\n\t\t\t\t\t<\/div>\n\t\t<\/section>\n\t\t\t\t<\/div>\n\t\t","protected":false},"excerpt":{"rendered":"<p>PaintCar \/ Politique en mati\u00e8re de cookies L&rsquo;objectif de cette politique en mati\u00e8re de cookies est de fournir des informations claires et pr\u00e9cises sur les cookies utilis\u00e9s sur notre site web.Nous utilisons nos propres cookies et ceux de tiers pour am\u00e9liorer nos services, personnaliser notre site web, faciliter la navigation de nos utilisateurs, vous offrir [&hellip;]<\/p>\n","protected":false},"author":1,"featured_media":0,"parent":0,"menu_order":32,"comment_status":"closed","ping_status":"closed","template":"","meta":{"_acf_changed":false,"footnotes":""},"class_list":["post-3101","page","type-page","status-publish","hentry"],"acf":[],"yoast_head":"<!-- This site is optimized with the Yoast SEO plugin v27.5 - https:\/\/yoast.com\/product\/yoast-seo-wordpress\/ -->\n<title>Politique en mati\u00e8re de cookies - PaintCar<\/title>\n<meta name=\"robots\" content=\"index, follow, max-snippet:-1, max-image-preview:large, max-video-preview:-1\" \/>\n<link rel=\"canonical\" href=\"https:\/\/paint-car.com\/fr\/politique-en-matiere-de-cookies\/\" \/>\n<meta property=\"og:locale\" content=\"fr_FR\" \/>\n<meta property=\"og:type\" content=\"article\" \/>\n<meta property=\"og:title\" content=\"Politique en mati\u00e8re de cookies - PaintCar\" \/>\n<meta property=\"og:description\" content=\"PaintCar \/ Politique en mati\u00e8re de cookies L&rsquo;objectif de cette politique en mati\u00e8re de cookies est de fournir des informations claires et pr\u00e9cises sur les cookies utilis\u00e9s sur notre site web.Nous utilisons nos propres cookies et ceux de tiers pour am\u00e9liorer nos services, personnaliser notre site web, faciliter la navigation de nos utilisateurs, vous offrir [&hellip;]\" \/>\n<meta property=\"og:url\" content=\"https:\/\/paint-car.com\/fr\/politique-en-matiere-de-cookies\/\" \/>\n<meta property=\"og:site_name\" content=\"PaintCar\" \/>\n<meta property=\"article:publisher\" content=\"https:\/\/www.facebook.com\/profile.php?id=61574894891270\" \/>\n<meta property=\"article:modified_time\" content=\"2025-05-14T09:37:39+00:00\" \/>\n<meta property=\"og:image\" content=\"https:\/\/paint-car.com\/wp-content\/uploads\/img_web_PC.jpg\" \/>\n\t<meta property=\"og:image:width\" content=\"1623\" \/>\n\t<meta property=\"og:image:height\" content=\"717\" \/>\n\t<meta property=\"og:image:type\" content=\"image\/jpeg\" \/>\n<meta name=\"twitter:card\" content=\"summary_large_image\" \/>\n<meta name=\"twitter:label1\" content=\"Dur\u00e9e de lecture estim\u00e9e\" \/>\n\t<meta name=\"twitter:data1\" content=\"8 minutes\" \/>\n<script type=\"application\/ld+json\" class=\"yoast-schema-graph\">{\"@context\":\"https:\\\/\\\/schema.org\",\"@graph\":[{\"@type\":\"WebPage\",\"@id\":\"https:\\\/\\\/paint-car.com\\\/fr\\\/politique-en-matiere-de-cookies\\\/\",\"url\":\"https:\\\/\\\/paint-car.com\\\/fr\\\/politique-en-matiere-de-cookies\\\/\",\"name\":\"Politique en mati\u00e8re de cookies - PaintCar\",\"isPartOf\":{\"@id\":\"https:\\\/\\\/paint-car.com\\\/#website\"},\"datePublished\":\"2024-10-08T11:59:03+00:00\",\"dateModified\":\"2025-05-14T09:37:39+00:00\",\"breadcrumb\":{\"@id\":\"https:\\\/\\\/paint-car.com\\\/fr\\\/politique-en-matiere-de-cookies\\\/#breadcrumb\"},\"inLanguage\":\"fr-FR\",\"potentialAction\":[{\"@type\":\"ReadAction\",\"target\":[\"https:\\\/\\\/paint-car.com\\\/fr\\\/politique-en-matiere-de-cookies\\\/\"]}]},{\"@type\":\"BreadcrumbList\",\"@id\":\"https:\\\/\\\/paint-car.com\\\/fr\\\/politique-en-matiere-de-cookies\\\/#breadcrumb\",\"itemListElement\":[{\"@type\":\"ListItem\",\"position\":1,\"name\":\"Inicio\",\"item\":\"https:\\\/\\\/paint-car.com\\\/\"},{\"@type\":\"ListItem\",\"position\":2,\"name\":\"Politique en mati\u00e8re de cookies\"}]},{\"@type\":\"WebSite\",\"@id\":\"https:\\\/\\\/paint-car.com\\\/#website\",\"url\":\"https:\\\/\\\/paint-car.com\\\/\",\"name\":\"PaintCar\",\"description\":\"Soluciones al repintado - Refinish Solutions\",\"publisher\":{\"@id\":\"https:\\\/\\\/paint-car.com\\\/#organization\"},\"alternateName\":\"PaintCar\",\"potentialAction\":[{\"@type\":\"SearchAction\",\"target\":{\"@type\":\"EntryPoint\",\"urlTemplate\":\"https:\\\/\\\/paint-car.com\\\/?s={search_term_string}\"},\"query-input\":{\"@type\":\"PropertyValueSpecification\",\"valueRequired\":true,\"valueName\":\"search_term_string\"}}],\"inLanguage\":\"fr-FR\"},{\"@type\":\"Organization\",\"@id\":\"https:\\\/\\\/paint-car.com\\\/#organization\",\"name\":\"PaintCar\",\"alternateName\":\"PaintCar - SOLUCIONES DE PINTURA PARA AUTOMOCI\u00d3N Y ANEXOS\",\"url\":\"https:\\\/\\\/paint-car.com\\\/\",\"logo\":{\"@type\":\"ImageObject\",\"inLanguage\":\"fr-FR\",\"@id\":\"https:\\\/\\\/paint-car.com\\\/#\\\/schema\\\/logo\\\/image\\\/\",\"url\":\"https:\\\/\\\/paint-car.com\\\/wp-content\\\/uploads\\\/2024\\\/10\\\/PaintCar.svg\",\"contentUrl\":\"https:\\\/\\\/paint-car.com\\\/wp-content\\\/uploads\\\/2024\\\/10\\\/PaintCar.svg\",\"width\":1,\"height\":1,\"caption\":\"PaintCar\"},\"image\":{\"@id\":\"https:\\\/\\\/paint-car.com\\\/#\\\/schema\\\/logo\\\/image\\\/\"},\"sameAs\":[\"https:\\\/\\\/www.facebook.com\\\/profile.php?id=61574894891270\",\"https:\\\/\\\/www.instagram.com\\\/paintcarsolutions\\\/\",\"https:\\\/\\\/www.tiktok.com\\\/@paintcaroficial\"]}]}<\/script>\n<!-- \/ Yoast SEO plugin. -->","yoast_head_json":{"title":"Politique en mati\u00e8re de cookies - PaintCar","robots":{"index":"index","follow":"follow","max-snippet":"max-snippet:-1","max-image-preview":"max-image-preview:large","max-video-preview":"max-video-preview:-1"},"canonical":"https:\/\/paint-car.com\/fr\/politique-en-matiere-de-cookies\/","og_locale":"fr_FR","og_type":"article","og_title":"Politique en mati\u00e8re de cookies - PaintCar","og_description":"PaintCar \/ Politique en mati\u00e8re de cookies L&rsquo;objectif de cette politique en mati\u00e8re de cookies est de fournir des informations claires et pr\u00e9cises sur les cookies utilis\u00e9s sur notre site web.Nous utilisons nos propres cookies et ceux de tiers pour am\u00e9liorer nos services, personnaliser notre site web, faciliter la navigation de nos utilisateurs, vous offrir [&hellip;]","og_url":"https:\/\/paint-car.com\/fr\/politique-en-matiere-de-cookies\/","og_site_name":"PaintCar","article_publisher":"https:\/\/www.facebook.com\/profile.php?id=61574894891270","article_modified_time":"2025-05-14T09:37:39+00:00","og_image":[{"width":1623,"height":717,"url":"https:\/\/paint-car.com\/wp-content\/uploads\/img_web_PC.jpg","type":"image\/jpeg"}],"twitter_card":"summary_large_image","twitter_misc":{"Dur\u00e9e de lecture estim\u00e9e":"8 minutes"},"schema":{"@context":"https:\/\/schema.org","@graph":[{"@type":"WebPage","@id":"https:\/\/paint-car.com\/fr\/politique-en-matiere-de-cookies\/","url":"https:\/\/paint-car.com\/fr\/politique-en-matiere-de-cookies\/","name":"Politique en mati\u00e8re de cookies - PaintCar","isPartOf":{"@id":"https:\/\/paint-car.com\/#website"},"datePublished":"2024-10-08T11:59:03+00:00","dateModified":"2025-05-14T09:37:39+00:00","breadcrumb":{"@id":"https:\/\/paint-car.com\/fr\/politique-en-matiere-de-cookies\/#breadcrumb"},"inLanguage":"fr-FR","potentialAction":[{"@type":"ReadAction","target":["https:\/\/paint-car.com\/fr\/politique-en-matiere-de-cookies\/"]}]},{"@type":"BreadcrumbList","@id":"https:\/\/paint-car.com\/fr\/politique-en-matiere-de-cookies\/#breadcrumb","itemListElement":[{"@type":"ListItem","position":1,"name":"Inicio","item":"https:\/\/paint-car.com\/"},{"@type":"ListItem","position":2,"name":"Politique en mati\u00e8re de cookies"}]},{"@type":"WebSite","@id":"https:\/\/paint-car.com\/#website","url":"https:\/\/paint-car.com\/","name":"PaintCar","description":"Soluciones al repintado - Refinish Solutions","publisher":{"@id":"https:\/\/paint-car.com\/#organization"},"alternateName":"PaintCar","potentialAction":[{"@type":"SearchAction","target":{"@type":"EntryPoint","urlTemplate":"https:\/\/paint-car.com\/?s={search_term_string}"},"query-input":{"@type":"PropertyValueSpecification","valueRequired":true,"valueName":"search_term_string"}}],"inLanguage":"fr-FR"},{"@type":"Organization","@id":"https:\/\/paint-car.com\/#organization","name":"PaintCar","alternateName":"PaintCar - SOLUCIONES DE PINTURA PARA AUTOMOCI\u00d3N Y ANEXOS","url":"https:\/\/paint-car.com\/","logo":{"@type":"ImageObject","inLanguage":"fr-FR","@id":"https:\/\/paint-car.com\/#\/schema\/logo\/image\/","url":"https:\/\/paint-car.com\/wp-content\/uploads\/2024\/10\/PaintCar.svg","contentUrl":"https:\/\/paint-car.com\/wp-content\/uploads\/2024\/10\/PaintCar.svg","width":1,"height":1,"caption":"PaintCar"},"image":{"@id":"https:\/\/paint-car.com\/#\/schema\/logo\/image\/"},"sameAs":["https:\/\/www.facebook.com\/profile.php?id=61574894891270","https:\/\/www.instagram.com\/paintcarsolutions\/","https:\/\/www.tiktok.com\/@paintcaroficial"]}]}},"_links":{"self":[{"href":"https:\/\/paint-car.com\/fr\/wp-json\/wp\/v2\/pages\/3101","targetHints":{"allow":["GET"]}}],"collection":[{"href":"https:\/\/paint-car.com\/fr\/wp-json\/wp\/v2\/pages"}],"about":[{"href":"https:\/\/paint-car.com\/fr\/wp-json\/wp\/v2\/types\/page"}],"author":[{"embeddable":true,"href":"https:\/\/paint-car.com\/fr\/wp-json\/wp\/v2\/users\/1"}],"replies":[{"embeddable":true,"href":"https:\/\/paint-car.com\/fr\/wp-json\/wp\/v2\/comments?post=3101"}],"version-history":[{"count":0,"href":"https:\/\/paint-car.com\/fr\/wp-json\/wp\/v2\/pages\/3101\/revisions"}],"wp:attachment":[{"href":"https:\/\/paint-car.com\/fr\/wp-json\/wp\/v2\/media?parent=3101"}],"curies":[{"name":"wp","href":"https:\/\/api.w.org\/{rel}","templated":true}]}}