{"id":3109,"date":"2024-10-08T14:00:45","date_gmt":"2024-10-08T12:00:45","guid":{"rendered":"https:\/\/new.paint-car.com\/politique-en-matiere-de-medias-sociaux\/"},"modified":"2025-06-30T12:46:12","modified_gmt":"2025-06-30T10:46:12","slug":"politique-en-matiere-de-medias-sociaux","status":"publish","type":"page","link":"https:\/\/paint-car.com\/fr\/politique-en-matiere-de-medias-sociaux\/","title":{"rendered":"Politique en mati\u00e8re de m\u00e9dias sociaux"},"content":{"rendered":"\t\t<div data-elementor-type=\"wp-page\" data-elementor-id=\"3109\" class=\"elementor elementor-3109 elementor-975\" data-elementor-post-type=\"page\">\n\t\t\t\t\t\t<section class=\"elementor-section elementor-top-section elementor-element elementor-element-f4c59f1 elementor-section-full_width elementor-section-content-top elementor-section-height-default elementor-section-height-default\" data-id=\"f4c59f1\" data-element_type=\"section\" data-e-type=\"section\" data-settings=\"{&quot;background_background&quot;:&quot;classic&quot;}\">\n\t\t\t\t\t\t<div class=\"elementor-container elementor-column-gap-default\">\n\t\t\t\t\t<div class=\"elementor-column elementor-col-100 elementor-top-column elementor-element elementor-element-7941c19\" data-id=\"7941c19\" data-element_type=\"column\" data-e-type=\"column\">\n\t\t\t<div class=\"elementor-widget-wrap elementor-element-populated\">\n\t\t\t\t\t\t<div class=\"elementor-element elementor-element-19bd132 elementor-widget__width-auto elementor-widget elementor-widget-heading\" data-id=\"19bd132\" data-element_type=\"widget\" data-e-type=\"widget\" data-widget_type=\"heading.default\">\n\t\t\t\t<div class=\"elementor-widget-container\">\n\t\t\t\t\t<h2 class=\"elementor-heading-title elementor-size-default\">PaintCar \/ Politique en mati\u00e8re de m\u00e9dias sociaux<\/h2>\t\t\t\t<\/div>\n\t\t\t\t<\/div>\n\t\t\t\t\t<\/div>\n\t\t<\/div>\n\t\t\t\t\t<\/div>\n\t\t<\/section>\n\t\t\t\t<section class=\"elementor-section elementor-top-section elementor-element elementor-element-0efe0eb elementor-section-full_width elementor-section-height-default elementor-section-height-default\" data-id=\"0efe0eb\" data-element_type=\"section\" data-e-type=\"section\">\n\t\t\t\t\t\t<div class=\"elementor-container elementor-column-gap-default\">\n\t\t\t\t\t<div class=\"elementor-column elementor-col-100 elementor-top-column elementor-element elementor-element-c58ab9e\" data-id=\"c58ab9e\" data-element_type=\"column\" data-e-type=\"column\" data-settings=\"{&quot;background_background&quot;:&quot;classic&quot;}\">\n\t\t\t<div class=\"elementor-widget-wrap elementor-element-populated\">\n\t\t\t\t\t\t<div class=\"elementor-element elementor-element-3be699e elementor-widget__width-initial elementor-widget elementor-widget-text-editor\" data-id=\"3be699e\" data-element_type=\"widget\" data-e-type=\"widget\" data-widget_type=\"text-editor.default\">\n\t\t\t\t<div class=\"elementor-widget-container\">\n\t\t\t\t\t\t\t\t\t<ol>\n<li><strong>L&rsquo;INFORMATION DE L&rsquo;UTILISATEUR<\/strong><\/li>\n<\/ol>\n<p><\/p>\n<p><strong>Qui est le responsable du traitement de vos donn\u00e9es personnelles ?<\/strong><\/p>\n<p><\/p>\n<p>Crisol Color S.L. sera responsable du traitement des donn\u00e9es personnelles des PERSONNES qui ont proc\u00e9d\u00e9 \u00e0 la cr\u00e9ation d&rsquo;un profil sur l&rsquo;un de ses r\u00e9seaux sociaux, et ces donn\u00e9es seront trait\u00e9es conform\u00e9ment aux dispositions du r\u00e8glement (UE) 2016\/679, du 27 avril (GDPR), de la loi organique 3\/2018, du 5 d\u00e9cembre (LOPDGDD), et de la loi sur les services de la soci\u00e9t\u00e9 de l&rsquo;information et le commerce \u00e9lectronique (LSSI), en fournissant les informations de traitement suivantes :<\/p>\n<p><\/p>\n<p><strong>Pourquoi traitons-nous vos donn\u00e9es personnelles ?<\/strong><\/p>\n<p><\/p>\n<p><strong>Finalit\u00e9 du traitement :<\/strong>&nbsp;pour maintenir une relation entre l&rsquo;UTILISATEUR et&nbsp;<strong>Crisol Color S.L.<\/strong>&nbsp;(ci-apr\u00e8s le RESPONSABLE) qui peut inclure les op\u00e9rations suivantes :<\/p>\n<p><\/p>\n<ul>\n<li>Traiter les demandes et les requ\u00eates adress\u00e9es \u00e0 la personne responsable<\/li>\n<li>Informer sur les activit\u00e9s et les \u00e9v\u00e9nements organis\u00e9s par la personne responsable.<\/li>\n<li>Informer sur les produits ou services offerts par le responsable<\/li>\n<li>Interagissez par le biais des profils officiels<\/li>\n<\/ul>\n<p><\/p>\n<p>Lorsque la RESPONSABILIT\u00c9 collecte et traite des donn\u00e9es \u00e0 caract\u00e8re personnel par l&rsquo;interm\u00e9diaire de ses r\u00e9seaux sociaux, les UTILISATEURS seront inform\u00e9s de l&rsquo;objectif de la collecte de donn\u00e9es, ainsi que de leurs droits en ce qui concerne leurs donn\u00e9es \u00e0 caract\u00e8re personnel. Les donn\u00e9es personnelles ne seront utilis\u00e9es qu&rsquo;aux fins indiqu\u00e9es et seront conserv\u00e9es en toute s\u00e9curit\u00e9. <\/p>\n<p><\/p>\n<p><strong>Base juridique du traitement :<\/strong>&nbsp;le consentement explicite donn\u00e9 par l&rsquo;UTILISATEUR au traitement de ses donn\u00e9es \u00e0 caract\u00e8re personnel pour une ou plusieurs finalit\u00e9s sp\u00e9cifiques (article 6, paragraphe 1, point a), du RGPD).<\/p>\n<p><\/p>\n<p>D&rsquo;autre part, l&rsquo;UTILISATEUR peut \u00e0 tout moment acc\u00e9der aux politiques de confidentialit\u00e9 du r\u00e9seau social lui-m\u00eame, ainsi que configurer son profil pour garantir sa confidentialit\u00e9.<\/p>\n<p><\/p>\n<p><strong>Combien de temps conserverons-nous vos donn\u00e9es personnelles ?<\/strong><\/p>\n<p><\/p>\n<p>Crit\u00e8res de conservation des donn\u00e9es : les donn\u00e9es seront conserv\u00e9es tant que l&rsquo;UTILISATEUR ne r\u00e9voque pas le consentement donn\u00e9 comme indiqu\u00e9 dans la pr\u00e9sente politique de confidentialit\u00e9.<\/p>\n<p><\/p>\n<p><strong>\u00c0 qui fournissons-nous vos donn\u00e9es personnelles ?<\/strong><\/p>\n<p><\/p>\n<p><strong>Communication de donn\u00e9es :<\/strong>&nbsp;l&rsquo;information fournie par l&rsquo;UTILISATEUR \u00e0 travers les r\u00e9seaux sociaux du RESPONSABLE, y compris ses donn\u00e9es personnelles, peut \u00eatre publi\u00e9e, toujours en fonction des services que l&rsquo;UTILISATEUR utilise, et peut donc \u00eatre publiquement accessible \u00e0 d&rsquo;autres utilisateurs tiers des r\u00e9seaux sociaux. Depuis le profil de chaque r\u00e9seau social, l&rsquo;UTILISATEUR peut configurer les informations qu&rsquo;il souhaite rendre publiques dans chaque cas, voir les autorisations qui ont \u00e9t\u00e9 accord\u00e9es, les supprimer ou les d\u00e9sactiver, comme toute application tierce qu&rsquo;il ne souhaite plus utiliser. <\/p>\n<p><\/p>\n<p>Toutefois, aucune communication de donn\u00e9es personnelles \u00e0 des tiers en dehors du r\u00e9seau social n&rsquo;est pr\u00e9vue, sauf, si cela est essentiel au d\u00e9veloppement et \u00e0 l&rsquo;ex\u00e9cution des finalit\u00e9s du traitement, \u00e0 nos prestataires de services li\u00e9s aux communications, avec lesquels le RESPONSABLE a sign\u00e9 les contrats de confidentialit\u00e9 et de traitement des donn\u00e9es requis par la r\u00e9glementation en vigueur en mati\u00e8re de protection de la vie priv\u00e9e.<\/p>\n<p><\/p>\n<p><strong>Quels sont vos droits ?<\/strong><\/p>\n<p><\/p>\n<p>Droits de l&rsquo;UTILISATEUR : ils ne peuvent \u00eatre exerc\u00e9s qu&rsquo;en relation avec les informations qui sont sous le contr\u00f4le du CONTR\u00d4LEUR DE RESPONSABILIT\u00c9.<\/p>\n<p><\/p>\n<ul>\n<li>Droit de retirer son consentement \u00e0 tout moment.<\/li>\n<li>Le droit d&rsquo;acc\u00e8s, de rectification, de portabilit\u00e9 et d&rsquo;effacement de vos donn\u00e9es, ainsi que le droit de limiter leur traitement ou de s&rsquo;y opposer.<\/li>\n<li>&nbsp;Le droit d&rsquo;introduire&nbsp; une r\u00e9clamation aupr\u00e8s de l&rsquo;autorit\u00e9 de contr\u00f4le<a href=\"http:\/\/www.aepd.es\/\">(www.aepd.es)<\/a> si vous estimez que le traitement n&rsquo;est pas conforme \u00e0 la r\u00e9glementation en vigueur.<\/li>\n<\/ul>\n<p><\/p>\n<p><strong>Coordonn\u00e9es pour l&rsquo;exercice de vos droits :<\/strong><\/p>\n<p><\/p>\n<p>Crisol Color S.L.<br \/>Ctra. Girona a Banyoles, km&nbsp;10,8 Palol de Revardit Girona 17843 Spain<br \/>T. +34 972 59 69 19 <br \/>E-mail : info@paint-car.com <\/p>\n<p><\/p>\n<p>La politique de confidentialit\u00e9 compl\u00e8te est disponible sur paint-car.com.<\/p>\n<p><\/p>\n<ol start=\"2\">\n<li><strong>  UTILISATION DU PROFIL<\/strong><\/li>\n<\/ol>\n<p><\/p>\n<p>La personne responsable mettra en \u0153uvre les actions suivantes :<\/p>\n<p><\/p>\n<ul>\n<li>Acc\u00e8s aux informations du profil public.<\/li>\n<li>Publication sur le profil de l&rsquo;UTILISATEUR de toutes les informations d\u00e9j\u00e0 publi\u00e9es sur le r\u00e9seau social de la PERSONNE RESPONSABLE.<\/li>\n<li>Envoyez des messages personnels et individuels par le biais des r\u00e9seaux sociaux.<\/li>\n<li>Mises \u00e0 jour de l&rsquo;\u00e9tat de la page qui sera publi\u00e9e sur le profil de l&rsquo;UTILISATEUR.<\/li>\n<\/ul>\n<p><\/p>\n<p>L&rsquo;UTILISATEUR peut toujours contr\u00f4ler ses connexions, supprimer les contenus qui ne l&rsquo;int\u00e9ressent plus et restreindre les personnes avec lesquelles il partage ses connexions ; pour ce faire, il doit acc\u00e9der \u00e0 ses param\u00e8tres o\u00f9 il trouvera diff\u00e9rentes possibilit\u00e9s de configuration en rapport avec le degr\u00e9 de confidentialit\u00e9 du profil de l&rsquo;utilisateur sur le r\u00e9seau social.<\/p>\n<p><\/p>\n<ol start=\"3\">\n<li><strong>  PUBLICATIONS<\/strong><\/li>\n<\/ol>\n<p><\/p>\n<p>L&rsquo;objectif des r\u00e9seaux sociaux est de donner de la visibilit\u00e9 et de la diffusion aux activit\u00e9s men\u00e9es par le RESPONSABLE. Ces outils stockent les donn\u00e9es personnelles sur les serveurs des services respectifs et sont r\u00e9gis par leur propre politique de confidentialit\u00e9. <\/p>\n<p><\/p>\n<p>L&rsquo;UTILISATEUR, une fois qu&rsquo;il est un adepte ou qu&rsquo;il a rejoint le r\u00e9seau social de la RESPONSABILIT\u00c9, peut publier des commentaires, des liens, des images, des photographies ou tout autre type de contenu multim\u00e9dia support\u00e9 par ce dernier. Dans tous les cas, l&rsquo;UTILISATEUR doit \u00eatre le propri\u00e9taire du contenu publi\u00e9, d\u00e9tenir les droits d&rsquo;auteur et de propri\u00e9t\u00e9 intellectuelle ou avoir le consentement des tiers concern\u00e9s. <\/p>\n<p><\/p>\n<p>Toute publication sur le r\u00e9seau social, qu&rsquo;il s&rsquo;agisse de textes, de graphiques, de photographies, de vid\u00e9os, etc. qui violent ou sont susceptibles de violer la morale, l&rsquo;\u00e9thique, le bon go\u00fbt ou la biens\u00e9ance, et\/ou qui enfreignent, violent ou violent les droits de propri\u00e9t\u00e9 intellectuelle ou industrielle, le droit \u00e0 l&rsquo;image ou la loi, est express\u00e9ment interdite. Les commentaires ou contenus offensants, diffamatoires, ill\u00e9gaux ou inappropri\u00e9s ne seront pas tol\u00e9r\u00e9s sur les profils de l&rsquo;entreprise. L&rsquo;entreprise se r\u00e9serve le droit de supprimer ces commentaires ou contenus et de bloquer les utilisateurs responsables.  <\/p>\n<p><\/p>\n<p>Dans ce cas, la PARTIE RESPONSABLE se r\u00e9serve le droit de supprimer le contenu imm\u00e9diatement, sans pr\u00e9avis, et peut demander le blocage permanent de l&rsquo;UTILISATEUR.<\/p>\n<p><\/p>\n<p>La PARTIE RESPONSABLE n&rsquo;est pas responsable des contenus librement publi\u00e9s par l&rsquo;UTILISATEUR.<\/p>\n<p><\/p>\n<p>L&rsquo;UTILISATEUR doit garder \u00e0 l&rsquo;esprit que ses publications seront connues des autres utilisateurs et qu&rsquo;il est donc le premier responsable du respect de sa vie priv\u00e9e.<\/p>\n<p><\/p>\n<p>Les images qui peuvent \u00eatre publi\u00e9es sur le r\u00e9seau social ne seront stock\u00e9es dans aucun fichier par le RESPONSABLE, mais elles resteront sur le r\u00e9seau social.<\/p>\n<p><\/p>\n<ol start=\"4\">\n<li><strong>  LES DONN\u00c9ES DES MINEURS OU DES PERSONNES AYANT DES CAPACIT\u00c9S PARTICULI\u00c8RES<\/strong><\/li>\n<\/ol>\n<p><\/p>\n<p>Il est recommand\u00e9 de prendre connaissance des conditions d&rsquo;utilisation et de la politique de confidentialit\u00e9 de chaque r\u00e9seau social au moment de l&rsquo;inscription, en tenant compte des diff\u00e9rents \u00e2ges requis pour l&rsquo;inscription.<\/p>\n<p><\/p>\n<p>De m\u00eame, le RESPONSABLE est express\u00e9ment exon\u00e9r\u00e9 de toute responsabilit\u00e9 pouvant d\u00e9couler de l&rsquo;utilisation des r\u00e9seaux sociaux par des mineurs ou des personnes ayant des capacit\u00e9s particuli\u00e8res et dont l&rsquo;acc\u00e8s doit se faire sous la surveillance et le contr\u00f4le de leurs repr\u00e9sentants l\u00e9gaux.<\/p>\n<p><\/p>\n<p>RESPONSABLE se r\u00e9serve le droit de modifier cette politique \u00e0 tout moment. Les modifications seront communiqu\u00e9es par le biais de nos profils de m\u00e9dias sociaux et\/ou de notre site web. <\/p>\n<p><\/p>\n\t\t\t\t\t\t\t\t<\/div>\n\t\t\t\t<\/div>\n\t\t\t\t\t<\/div>\n\t\t<\/div>\n\t\t\t\t\t<\/div>\n\t\t<\/section>\n\t\t\t\t<\/div>\n\t\t","protected":false},"excerpt":{"rendered":"<p>PaintCar \/ Politique en mati\u00e8re de m\u00e9dias sociaux L&rsquo;INFORMATION DE L&rsquo;UTILISATEUR Qui est le responsable du traitement de vos donn\u00e9es personnelles ? Crisol Color S.L. sera responsable du traitement des donn\u00e9es personnelles des PERSONNES qui ont proc\u00e9d\u00e9 \u00e0 la cr\u00e9ation d&rsquo;un profil sur l&rsquo;un de ses r\u00e9seaux sociaux, et ces donn\u00e9es seront trait\u00e9es conform\u00e9ment aux [&hellip;]<\/p>\n","protected":false},"author":1,"featured_media":0,"parent":0,"menu_order":56,"comment_status":"closed","ping_status":"closed","template":"","meta":{"_acf_changed":false,"footnotes":""},"class_list":["post-3109","page","type-page","status-publish","hentry"],"acf":[],"yoast_head":"<!-- This site is optimized with the Yoast SEO plugin v27.5 - https:\/\/yoast.com\/product\/yoast-seo-wordpress\/ -->\n<title>Politique en mati\u00e8re de m\u00e9dias sociaux - PaintCar<\/title>\n<meta name=\"robots\" content=\"index, follow, max-snippet:-1, max-image-preview:large, max-video-preview:-1\" \/>\n<link rel=\"canonical\" href=\"https:\/\/paint-car.com\/fr\/politique-en-matiere-de-medias-sociaux\/\" \/>\n<meta property=\"og:locale\" content=\"fr_FR\" \/>\n<meta property=\"og:type\" content=\"article\" \/>\n<meta property=\"og:title\" content=\"Politique en mati\u00e8re de m\u00e9dias sociaux - PaintCar\" \/>\n<meta property=\"og:description\" content=\"PaintCar \/ Politique en mati\u00e8re de m\u00e9dias sociaux L&rsquo;INFORMATION DE L&rsquo;UTILISATEUR Qui est le responsable du traitement de vos donn\u00e9es personnelles ? Crisol Color S.L. sera responsable du traitement des donn\u00e9es personnelles des PERSONNES qui ont proc\u00e9d\u00e9 \u00e0 la cr\u00e9ation d&rsquo;un profil sur l&rsquo;un de ses r\u00e9seaux sociaux, et ces donn\u00e9es seront trait\u00e9es conform\u00e9ment aux [&hellip;]\" \/>\n<meta property=\"og:url\" content=\"https:\/\/paint-car.com\/fr\/politique-en-matiere-de-medias-sociaux\/\" \/>\n<meta property=\"og:site_name\" content=\"PaintCar\" \/>\n<meta property=\"article:publisher\" content=\"https:\/\/www.facebook.com\/profile.php?id=61574894891270\" \/>\n<meta property=\"article:modified_time\" content=\"2025-06-30T10:46:12+00:00\" \/>\n<meta property=\"og:image\" content=\"https:\/\/paint-car.com\/wp-content\/uploads\/img_web_PC.jpg\" \/>\n\t<meta property=\"og:image:width\" content=\"1623\" \/>\n\t<meta property=\"og:image:height\" content=\"717\" \/>\n\t<meta property=\"og:image:type\" content=\"image\/jpeg\" \/>\n<meta name=\"twitter:card\" content=\"summary_large_image\" \/>\n<meta name=\"twitter:label1\" content=\"Dur\u00e9e de lecture estim\u00e9e\" \/>\n\t<meta name=\"twitter:data1\" content=\"6 minutes\" \/>\n<script type=\"application\/ld+json\" class=\"yoast-schema-graph\">{\"@context\":\"https:\\\/\\\/schema.org\",\"@graph\":[{\"@type\":\"WebPage\",\"@id\":\"https:\\\/\\\/paint-car.com\\\/fr\\\/politique-en-matiere-de-medias-sociaux\\\/\",\"url\":\"https:\\\/\\\/paint-car.com\\\/fr\\\/politique-en-matiere-de-medias-sociaux\\\/\",\"name\":\"Politique en mati\u00e8re de m\u00e9dias sociaux - PaintCar\",\"isPartOf\":{\"@id\":\"https:\\\/\\\/paint-car.com\\\/#website\"},\"datePublished\":\"2024-10-08T12:00:45+00:00\",\"dateModified\":\"2025-06-30T10:46:12+00:00\",\"breadcrumb\":{\"@id\":\"https:\\\/\\\/paint-car.com\\\/fr\\\/politique-en-matiere-de-medias-sociaux\\\/#breadcrumb\"},\"inLanguage\":\"fr-FR\",\"potentialAction\":[{\"@type\":\"ReadAction\",\"target\":[\"https:\\\/\\\/paint-car.com\\\/fr\\\/politique-en-matiere-de-medias-sociaux\\\/\"]}]},{\"@type\":\"BreadcrumbList\",\"@id\":\"https:\\\/\\\/paint-car.com\\\/fr\\\/politique-en-matiere-de-medias-sociaux\\\/#breadcrumb\",\"itemListElement\":[{\"@type\":\"ListItem\",\"position\":1,\"name\":\"Inicio\",\"item\":\"https:\\\/\\\/paint-car.com\\\/\"},{\"@type\":\"ListItem\",\"position\":2,\"name\":\"Politique en mati\u00e8re de m\u00e9dias sociaux\"}]},{\"@type\":\"WebSite\",\"@id\":\"https:\\\/\\\/paint-car.com\\\/#website\",\"url\":\"https:\\\/\\\/paint-car.com\\\/\",\"name\":\"PaintCar\",\"description\":\"Soluciones al repintado - Refinish Solutions\",\"publisher\":{\"@id\":\"https:\\\/\\\/paint-car.com\\\/#organization\"},\"alternateName\":\"PaintCar\",\"potentialAction\":[{\"@type\":\"SearchAction\",\"target\":{\"@type\":\"EntryPoint\",\"urlTemplate\":\"https:\\\/\\\/paint-car.com\\\/?s={search_term_string}\"},\"query-input\":{\"@type\":\"PropertyValueSpecification\",\"valueRequired\":true,\"valueName\":\"search_term_string\"}}],\"inLanguage\":\"fr-FR\"},{\"@type\":\"Organization\",\"@id\":\"https:\\\/\\\/paint-car.com\\\/#organization\",\"name\":\"PaintCar\",\"alternateName\":\"PaintCar - SOLUCIONES DE PINTURA PARA AUTOMOCI\u00d3N Y ANEXOS\",\"url\":\"https:\\\/\\\/paint-car.com\\\/\",\"logo\":{\"@type\":\"ImageObject\",\"inLanguage\":\"fr-FR\",\"@id\":\"https:\\\/\\\/paint-car.com\\\/#\\\/schema\\\/logo\\\/image\\\/\",\"url\":\"https:\\\/\\\/paint-car.com\\\/wp-content\\\/uploads\\\/2024\\\/10\\\/PaintCar.svg\",\"contentUrl\":\"https:\\\/\\\/paint-car.com\\\/wp-content\\\/uploads\\\/2024\\\/10\\\/PaintCar.svg\",\"width\":1,\"height\":1,\"caption\":\"PaintCar\"},\"image\":{\"@id\":\"https:\\\/\\\/paint-car.com\\\/#\\\/schema\\\/logo\\\/image\\\/\"},\"sameAs\":[\"https:\\\/\\\/www.facebook.com\\\/profile.php?id=61574894891270\",\"https:\\\/\\\/www.instagram.com\\\/paintcarsolutions\\\/\",\"https:\\\/\\\/www.tiktok.com\\\/@paintcaroficial\"]}]}<\/script>\n<!-- \/ Yoast SEO plugin. -->","yoast_head_json":{"title":"Politique en mati\u00e8re de m\u00e9dias sociaux - PaintCar","robots":{"index":"index","follow":"follow","max-snippet":"max-snippet:-1","max-image-preview":"max-image-preview:large","max-video-preview":"max-video-preview:-1"},"canonical":"https:\/\/paint-car.com\/fr\/politique-en-matiere-de-medias-sociaux\/","og_locale":"fr_FR","og_type":"article","og_title":"Politique en mati\u00e8re de m\u00e9dias sociaux - PaintCar","og_description":"PaintCar \/ Politique en mati\u00e8re de m\u00e9dias sociaux L&rsquo;INFORMATION DE L&rsquo;UTILISATEUR Qui est le responsable du traitement de vos donn\u00e9es personnelles ? Crisol Color S.L. sera responsable du traitement des donn\u00e9es personnelles des PERSONNES qui ont proc\u00e9d\u00e9 \u00e0 la cr\u00e9ation d&rsquo;un profil sur l&rsquo;un de ses r\u00e9seaux sociaux, et ces donn\u00e9es seront trait\u00e9es conform\u00e9ment aux [&hellip;]","og_url":"https:\/\/paint-car.com\/fr\/politique-en-matiere-de-medias-sociaux\/","og_site_name":"PaintCar","article_publisher":"https:\/\/www.facebook.com\/profile.php?id=61574894891270","article_modified_time":"2025-06-30T10:46:12+00:00","og_image":[{"width":1623,"height":717,"url":"https:\/\/paint-car.com\/wp-content\/uploads\/img_web_PC.jpg","type":"image\/jpeg"}],"twitter_card":"summary_large_image","twitter_misc":{"Dur\u00e9e de lecture estim\u00e9e":"6 minutes"},"schema":{"@context":"https:\/\/schema.org","@graph":[{"@type":"WebPage","@id":"https:\/\/paint-car.com\/fr\/politique-en-matiere-de-medias-sociaux\/","url":"https:\/\/paint-car.com\/fr\/politique-en-matiere-de-medias-sociaux\/","name":"Politique en mati\u00e8re de m\u00e9dias sociaux - PaintCar","isPartOf":{"@id":"https:\/\/paint-car.com\/#website"},"datePublished":"2024-10-08T12:00:45+00:00","dateModified":"2025-06-30T10:46:12+00:00","breadcrumb":{"@id":"https:\/\/paint-car.com\/fr\/politique-en-matiere-de-medias-sociaux\/#breadcrumb"},"inLanguage":"fr-FR","potentialAction":[{"@type":"ReadAction","target":["https:\/\/paint-car.com\/fr\/politique-en-matiere-de-medias-sociaux\/"]}]},{"@type":"BreadcrumbList","@id":"https:\/\/paint-car.com\/fr\/politique-en-matiere-de-medias-sociaux\/#breadcrumb","itemListElement":[{"@type":"ListItem","position":1,"name":"Inicio","item":"https:\/\/paint-car.com\/"},{"@type":"ListItem","position":2,"name":"Politique en mati\u00e8re de m\u00e9dias sociaux"}]},{"@type":"WebSite","@id":"https:\/\/paint-car.com\/#website","url":"https:\/\/paint-car.com\/","name":"PaintCar","description":"Soluciones al repintado - Refinish Solutions","publisher":{"@id":"https:\/\/paint-car.com\/#organization"},"alternateName":"PaintCar","potentialAction":[{"@type":"SearchAction","target":{"@type":"EntryPoint","urlTemplate":"https:\/\/paint-car.com\/?s={search_term_string}"},"query-input":{"@type":"PropertyValueSpecification","valueRequired":true,"valueName":"search_term_string"}}],"inLanguage":"fr-FR"},{"@type":"Organization","@id":"https:\/\/paint-car.com\/#organization","name":"PaintCar","alternateName":"PaintCar - SOLUCIONES DE PINTURA PARA AUTOMOCI\u00d3N Y ANEXOS","url":"https:\/\/paint-car.com\/","logo":{"@type":"ImageObject","inLanguage":"fr-FR","@id":"https:\/\/paint-car.com\/#\/schema\/logo\/image\/","url":"https:\/\/paint-car.com\/wp-content\/uploads\/2024\/10\/PaintCar.svg","contentUrl":"https:\/\/paint-car.com\/wp-content\/uploads\/2024\/10\/PaintCar.svg","width":1,"height":1,"caption":"PaintCar"},"image":{"@id":"https:\/\/paint-car.com\/#\/schema\/logo\/image\/"},"sameAs":["https:\/\/www.facebook.com\/profile.php?id=61574894891270","https:\/\/www.instagram.com\/paintcarsolutions\/","https:\/\/www.tiktok.com\/@paintcaroficial"]}]}},"_links":{"self":[{"href":"https:\/\/paint-car.com\/fr\/wp-json\/wp\/v2\/pages\/3109","targetHints":{"allow":["GET"]}}],"collection":[{"href":"https:\/\/paint-car.com\/fr\/wp-json\/wp\/v2\/pages"}],"about":[{"href":"https:\/\/paint-car.com\/fr\/wp-json\/wp\/v2\/types\/page"}],"author":[{"embeddable":true,"href":"https:\/\/paint-car.com\/fr\/wp-json\/wp\/v2\/users\/1"}],"replies":[{"embeddable":true,"href":"https:\/\/paint-car.com\/fr\/wp-json\/wp\/v2\/comments?post=3109"}],"version-history":[{"count":0,"href":"https:\/\/paint-car.com\/fr\/wp-json\/wp\/v2\/pages\/3109\/revisions"}],"wp:attachment":[{"href":"https:\/\/paint-car.com\/fr\/wp-json\/wp\/v2\/media?parent=3109"}],"curies":[{"name":"wp","href":"https:\/\/api.w.org\/{rel}","templated":true}]}}