{"id":3809,"date":"2025-06-30T08:22:39","date_gmt":"2025-06-30T06:22:39","guid":{"rendered":"https:\/\/paint-car.com\/produits-pour-la-reparation-de-carrosseries\/"},"modified":"2025-06-30T10:08:34","modified_gmt":"2025-06-30T08:08:34","slug":"produits-pour-la-reparation-de-carrosseries","status":"publish","type":"page","link":"https:\/\/paint-car.com\/fr\/produits-pour-la-reparation-de-carrosseries\/","title":{"rendered":"Produits pour la r\u00e9paration de carrosseries"},"content":{"rendered":"\t\t<div data-elementor-type=\"wp-page\" data-elementor-id=\"3809\" class=\"elementor elementor-3809 elementor-3770\" data-elementor-post-type=\"page\">\n\t\t\t\t\t\t<section class=\"elementor-section elementor-top-section elementor-element elementor-element-f4c59f1 elementor-section-full_width elementor-section-content-top elementor-section-height-default elementor-section-height-default\" data-id=\"f4c59f1\" data-element_type=\"section\" data-e-type=\"section\" data-settings=\"{&quot;background_background&quot;:&quot;classic&quot;}\">\n\t\t\t\t\t\t<div class=\"elementor-container elementor-column-gap-default\">\n\t\t\t\t\t<div class=\"elementor-column elementor-col-100 elementor-top-column elementor-element elementor-element-7941c19\" data-id=\"7941c19\" data-element_type=\"column\" data-e-type=\"column\">\n\t\t\t<div class=\"elementor-widget-wrap elementor-element-populated\">\n\t\t\t\t\t\t<div class=\"elementor-element elementor-element-19bd132 elementor-widget__width-auto elementor-widget elementor-widget-heading\" data-id=\"19bd132\" data-element_type=\"widget\" data-e-type=\"widget\" data-widget_type=\"heading.default\">\n\t\t\t\t<div class=\"elementor-widget-container\">\n\t\t\t\t\t<h1 class=\"elementor-heading-title elementor-size-default\">Produits pour la r\u00e9paration de carrosseries<\/h1>\t\t\t\t<\/div>\n\t\t\t\t<\/div>\n\t\t\t\t\t<\/div>\n\t\t<\/div>\n\t\t\t\t\t<\/div>\n\t\t<\/section>\n\t\t\t\t<section class=\"elementor-section elementor-top-section elementor-element elementor-element-0efe0eb elementor-section-full_width elementor-section-height-default elementor-section-height-default\" data-id=\"0efe0eb\" data-element_type=\"section\" data-e-type=\"section\">\n\t\t\t\t\t\t<div class=\"elementor-container elementor-column-gap-default\">\n\t\t\t\t\t<div class=\"elementor-column elementor-col-100 elementor-top-column elementor-element elementor-element-c58ab9e\" data-id=\"c58ab9e\" data-element_type=\"column\" data-e-type=\"column\" data-settings=\"{&quot;background_background&quot;:&quot;classic&quot;}\">\n\t\t\t<div class=\"elementor-widget-wrap elementor-element-populated\">\n\t\t\t\t\t\t<div class=\"elementor-element elementor-element-3be699e elementor-widget__width-initial elementor-widget elementor-widget-text-editor\" data-id=\"3be699e\" data-element_type=\"widget\" data-e-type=\"widget\" data-widget_type=\"text-editor.default\">\n\t\t\t\t<div class=\"elementor-widget-container\">\n\t\t\t\t\t\t\t\t\t<p>Chez PaintCar, vous trouverez une gamme compl\u00e8te de produits pour la r\u00e9paration de carrosseries : mastics, appr\u00eats, vernis, abrasifs, rubans, accessoires et outils pour chaque \u00e9tape du processus de r\u00e9paration et de retouche. Des solutions de qualit\u00e9, disponibles imm\u00e9diatement, avec un accompagnement technique personnalis\u00e9.<\/p>\n\t\t\t\t\t\t\t\t<\/div>\n\t\t\t\t<\/div>\n\t\t\t\t<div class=\"elementor-element elementor-element-360491f elementor-widget-divider--view-line elementor-widget elementor-widget-divider\" data-id=\"360491f\" data-element_type=\"widget\" data-e-type=\"widget\" data-widget_type=\"divider.default\">\n\t\t\t\t<div class=\"elementor-widget-container\">\n\t\t\t\t\t\t\t<div class=\"elementor-divider\">\n\t\t\t<span class=\"elementor-divider-separator\">\n\t\t\t\t\t\t<\/span>\n\t\t<\/div>\n\t\t\t\t\t\t<\/div>\n\t\t\t\t<\/div>\n\t\t\t\t<div class=\"elementor-element elementor-element-afa1224 elementor-widget__width-initial elementor-widget elementor-widget-text-editor\" data-id=\"afa1224\" data-element_type=\"widget\" data-e-type=\"widget\" data-widget_type=\"text-editor.default\">\n\t\t\t\t<div class=\"elementor-widget-container\">\n\t\t\t\t\t\t\t\t\t<h3><b>Mastics et Appr\u00eats<\/b><\/h3>\n<p>Produits \u00e0 haut pouvoir garnissant et adh\u00e9rence pour pr\u00e9parer les surfaces m\u00e9talliques ou plastiques avant la peinture.<\/p>\n\t\t\t\t\t\t\t\t<\/div>\n\t\t\t\t<\/div>\n\t\t\t\t<div class=\"elementor-element elementor-element-462ae24 elementor-widget__width-initial elementor-widget elementor-widget-text-editor\" data-id=\"462ae24\" data-element_type=\"widget\" data-e-type=\"widget\" data-widget_type=\"text-editor.default\">\n\t\t\t\t<div class=\"elementor-widget-container\">\n\t\t\t\t\t\t\t\t\t<h3><b>Vernis et Peintures<\/b><\/h3><br><br>Vernis acryliques haute brillance, peintures bicouches et monocouches pour des finitions durables et professionnelles.\t\t\t\t\t\t\t\t<\/div>\n\t\t\t\t<\/div>\n\t\t\t\t<div class=\"elementor-element elementor-element-38d1a50 elementor-widget__width-initial elementor-widget elementor-widget-text-editor\" data-id=\"38d1a50\" data-element_type=\"widget\" data-e-type=\"widget\" data-widget_type=\"text-editor.default\">\n\t\t\t\t<div class=\"elementor-widget-container\">\n\t\t\t\t\t\t\t\t\t<h3><b>Pon\u00e7age et Abrasifs<\/b><\/h3><br><br>Abrasifs haute performance pour pon\u00e7age \u00e0 sec ou humide, manuel ou m\u00e9canique.\t\t\t\t\t\t\t\t<\/div>\n\t\t\t\t<\/div>\n\t\t\t\t<div class=\"elementor-element elementor-element-b1a19f6 elementor-widget__width-initial elementor-widget elementor-widget-text-editor\" data-id=\"b1a19f6\" data-element_type=\"widget\" data-e-type=\"widget\" data-widget_type=\"text-editor.default\">\n\t\t\t\t<div class=\"elementor-widget-container\">\n\t\t\t\t\t\t\t\t\t<h3><b>Rubans et Masquage<\/b><\/h3><br><br>Rubans adh\u00e9sifs, plastiques et papiers de masquage r\u00e9sistants aux hautes temp\u00e9ratures.\t\t\t\t\t\t\t\t<\/div>\n\t\t\t\t<\/div>\n\t\t\t\t<div class=\"elementor-element elementor-element-12beb34 elementor-widget__width-initial elementor-widget elementor-widget-text-editor\" data-id=\"12beb34\" data-element_type=\"widget\" data-e-type=\"widget\" data-widget_type=\"text-editor.default\">\n\t\t\t\t<div class=\"elementor-widget-container\">\n\t\t\t\t\t\t\t\t\t<h3><b>Outils pour Carrosserie<\/b><\/h3><br><br>Outils manuels et \u00e9lectriques sp\u00e9cifiques pour la r\u00e9paration et la peinture des carrosseries.\t\t\t\t\t\t\t\t<\/div>\n\t\t\t\t<\/div>\n\t\t\t\t<div class=\"elementor-element elementor-element-0ab4ab5 elementor-widget__width-initial elementor-widget elementor-widget-text-editor\" data-id=\"0ab4ab5\" data-element_type=\"widget\" data-e-type=\"widget\" data-widget_type=\"text-editor.default\">\n\t\t\t\t<div class=\"elementor-widget-container\">\n\t\t\t\t\t\t\t\t\t<h3><b>Syst\u00e8mes d\u2019Application et de Protection<\/b><\/h3><br><br>Pistolets, filtres, combinaisons, gants et autres accessoires pour une application s\u00fbre et efficace.\t\t\t\t\t\t\t\t<\/div>\n\t\t\t\t<\/div>\n\t\t\t\t\t<\/div>\n\t\t<\/div>\n\t\t\t\t\t<\/div>\n\t\t<\/section>\n\t\t\t\t<section class=\"elementor-section elementor-top-section elementor-element elementor-element-beebbe7 elementor-section-boxed elementor-section-height-default elementor-section-height-default\" data-id=\"beebbe7\" data-element_type=\"section\" data-e-type=\"section\" data-settings=\"{&quot;background_background&quot;:&quot;classic&quot;}\">\n\t\t\t\t\t\t<div class=\"elementor-container elementor-column-gap-default\">\n\t\t\t\t\t<div class=\"elementor-column elementor-col-100 elementor-top-column elementor-element elementor-element-b02a2c1\" data-id=\"b02a2c1\" data-element_type=\"column\" data-e-type=\"column\">\n\t\t\t<div class=\"elementor-widget-wrap elementor-element-populated\">\n\t\t\t\t\t\t<div class=\"elementor-element elementor-element-a305fb5 elementor-widget__width-initial elementor-widget elementor-widget-heading\" data-id=\"a305fb5\" data-element_type=\"widget\" data-e-type=\"widget\" data-widget_type=\"heading.default\">\n\t\t\t\t<div class=\"elementor-widget-container\">\n\t\t\t\t\t<h1 class=\"elementor-heading-title elementor-size-default\">D\u00c9COUVREZ NOS SOLUTIONS<\/h1>\t\t\t\t<\/div>\n\t\t\t\t<\/div>\n\t\t\t\t<div class=\"elementor-element elementor-element-243e526 elementor-align-center elementor-widget elementor-widget-button\" data-id=\"243e526\" data-element_type=\"widget\" data-e-type=\"widget\" data-widget_type=\"button.default\">\n\t\t\t\t<div class=\"elementor-widget-container\">\n\t\t\t\t\t\t\t\t\t<div class=\"elementor-button-wrapper\">\n\t\t\t\t\t<a class=\"elementor-button elementor-button-link elementor-size-sm\" href=\"https:\/\/paint-car.com\/fr\/boutique\/\">\n\t\t\t\t\t\t<span class=\"elementor-button-content-wrapper\">\n\t\t\t\t\t\t\t\t\t<span class=\"elementor-button-text\">PRODUITS PAINTCAR<\/span>\n\t\t\t\t\t<\/span>\n\t\t\t\t\t<\/a>\n\t\t\t\t<\/div>\n\t\t\t\t\t\t\t\t<\/div>\n\t\t\t\t<\/div>\n\t\t\t\t\t<\/div>\n\t\t<\/div>\n\t\t\t\t\t<\/div>\n\t\t<\/section>\n\t\t\t\t<\/div>\n\t\t","protected":false},"excerpt":{"rendered":"<p>Produits pour la r\u00e9paration de carrosseries Chez PaintCar, vous trouverez une gamme compl\u00e8te de produits pour la r\u00e9paration de carrosseries : mastics, appr\u00eats, vernis, abrasifs, rubans, accessoires et outils pour chaque \u00e9tape du processus de r\u00e9paration et de retouche. Des solutions de qualit\u00e9, disponibles imm\u00e9diatement, avec un accompagnement technique personnalis\u00e9. Mastics et Appr\u00eats Produits \u00e0 [&hellip;]<\/p>\n","protected":false},"author":1,"featured_media":0,"parent":0,"menu_order":50,"comment_status":"closed","ping_status":"closed","template":"","meta":{"_acf_changed":false,"footnotes":""},"class_list":["post-3809","page","type-page","status-publish","hentry"],"acf":[],"yoast_head":"<!-- This site is optimized with the Yoast SEO plugin v27.5 - https:\/\/yoast.com\/product\/yoast-seo-wordpress\/ -->\n<title>Produits pour la r\u00e9paration de carrosseries - PaintCar<\/title>\n<meta name=\"robots\" content=\"index, follow, max-snippet:-1, max-image-preview:large, max-video-preview:-1\" \/>\n<link rel=\"canonical\" href=\"https:\/\/paint-car.com\/fr\/produits-pour-la-reparation-de-carrosseries\/\" \/>\n<meta property=\"og:locale\" content=\"fr_FR\" \/>\n<meta property=\"og:type\" content=\"article\" \/>\n<meta property=\"og:title\" content=\"Produits pour la r\u00e9paration de carrosseries - PaintCar\" \/>\n<meta property=\"og:description\" content=\"Produits pour la r\u00e9paration de carrosseries Chez PaintCar, vous trouverez une gamme compl\u00e8te de produits pour la r\u00e9paration de carrosseries : mastics, appr\u00eats, vernis, abrasifs, rubans, accessoires et outils pour chaque \u00e9tape du processus de r\u00e9paration et de retouche. Des solutions de qualit\u00e9, disponibles imm\u00e9diatement, avec un accompagnement technique personnalis\u00e9. Mastics et Appr\u00eats Produits \u00e0 [&hellip;]\" \/>\n<meta property=\"og:url\" content=\"https:\/\/paint-car.com\/fr\/produits-pour-la-reparation-de-carrosseries\/\" \/>\n<meta property=\"og:site_name\" content=\"PaintCar\" \/>\n<meta property=\"article:publisher\" content=\"https:\/\/www.facebook.com\/profile.php?id=61574894891270\" \/>\n<meta property=\"article:modified_time\" content=\"2025-06-30T08:08:34+00:00\" \/>\n<meta property=\"og:image\" content=\"https:\/\/paint-car.com\/wp-content\/uploads\/img_web_PC.jpg\" \/>\n\t<meta property=\"og:image:width\" content=\"1623\" \/>\n\t<meta property=\"og:image:height\" content=\"717\" \/>\n\t<meta property=\"og:image:type\" content=\"image\/jpeg\" \/>\n<meta name=\"twitter:card\" content=\"summary_large_image\" \/>\n<meta name=\"twitter:label1\" content=\"Dur\u00e9e de lecture estim\u00e9e\" \/>\n\t<meta name=\"twitter:data1\" content=\"1 minute\" \/>\n<script type=\"application\/ld+json\" class=\"yoast-schema-graph\">{\"@context\":\"https:\\\/\\\/schema.org\",\"@graph\":[{\"@type\":\"WebPage\",\"@id\":\"https:\\\/\\\/paint-car.com\\\/fr\\\/produits-pour-la-reparation-de-carrosseries\\\/\",\"url\":\"https:\\\/\\\/paint-car.com\\\/fr\\\/produits-pour-la-reparation-de-carrosseries\\\/\",\"name\":\"Produits pour la r\u00e9paration de carrosseries - PaintCar\",\"isPartOf\":{\"@id\":\"https:\\\/\\\/paint-car.com\\\/#website\"},\"datePublished\":\"2025-06-30T06:22:39+00:00\",\"dateModified\":\"2025-06-30T08:08:34+00:00\",\"breadcrumb\":{\"@id\":\"https:\\\/\\\/paint-car.com\\\/fr\\\/produits-pour-la-reparation-de-carrosseries\\\/#breadcrumb\"},\"inLanguage\":\"fr-FR\",\"potentialAction\":[{\"@type\":\"ReadAction\",\"target\":[\"https:\\\/\\\/paint-car.com\\\/fr\\\/produits-pour-la-reparation-de-carrosseries\\\/\"]}]},{\"@type\":\"BreadcrumbList\",\"@id\":\"https:\\\/\\\/paint-car.com\\\/fr\\\/produits-pour-la-reparation-de-carrosseries\\\/#breadcrumb\",\"itemListElement\":[{\"@type\":\"ListItem\",\"position\":1,\"name\":\"Inicio\",\"item\":\"https:\\\/\\\/paint-car.com\\\/\"},{\"@type\":\"ListItem\",\"position\":2,\"name\":\"Produits pour la r\u00e9paration de carrosseries\"}]},{\"@type\":\"WebSite\",\"@id\":\"https:\\\/\\\/paint-car.com\\\/#website\",\"url\":\"https:\\\/\\\/paint-car.com\\\/\",\"name\":\"PaintCar\",\"description\":\"Soluciones al repintado - Refinish Solutions\",\"publisher\":{\"@id\":\"https:\\\/\\\/paint-car.com\\\/#organization\"},\"alternateName\":\"PaintCar\",\"potentialAction\":[{\"@type\":\"SearchAction\",\"target\":{\"@type\":\"EntryPoint\",\"urlTemplate\":\"https:\\\/\\\/paint-car.com\\\/?s={search_term_string}\"},\"query-input\":{\"@type\":\"PropertyValueSpecification\",\"valueRequired\":true,\"valueName\":\"search_term_string\"}}],\"inLanguage\":\"fr-FR\"},{\"@type\":\"Organization\",\"@id\":\"https:\\\/\\\/paint-car.com\\\/#organization\",\"name\":\"PaintCar\",\"alternateName\":\"PaintCar - SOLUCIONES DE PINTURA PARA AUTOMOCI\u00d3N Y ANEXOS\",\"url\":\"https:\\\/\\\/paint-car.com\\\/\",\"logo\":{\"@type\":\"ImageObject\",\"inLanguage\":\"fr-FR\",\"@id\":\"https:\\\/\\\/paint-car.com\\\/#\\\/schema\\\/logo\\\/image\\\/\",\"url\":\"https:\\\/\\\/paint-car.com\\\/wp-content\\\/uploads\\\/2024\\\/10\\\/PaintCar.svg\",\"contentUrl\":\"https:\\\/\\\/paint-car.com\\\/wp-content\\\/uploads\\\/2024\\\/10\\\/PaintCar.svg\",\"width\":1,\"height\":1,\"caption\":\"PaintCar\"},\"image\":{\"@id\":\"https:\\\/\\\/paint-car.com\\\/#\\\/schema\\\/logo\\\/image\\\/\"},\"sameAs\":[\"https:\\\/\\\/www.facebook.com\\\/profile.php?id=61574894891270\",\"https:\\\/\\\/www.instagram.com\\\/paintcarsolutions\\\/\",\"https:\\\/\\\/www.tiktok.com\\\/@paintcaroficial\"]}]}<\/script>\n<!-- \/ Yoast SEO plugin. -->","yoast_head_json":{"title":"Produits pour la r\u00e9paration de carrosseries - PaintCar","robots":{"index":"index","follow":"follow","max-snippet":"max-snippet:-1","max-image-preview":"max-image-preview:large","max-video-preview":"max-video-preview:-1"},"canonical":"https:\/\/paint-car.com\/fr\/produits-pour-la-reparation-de-carrosseries\/","og_locale":"fr_FR","og_type":"article","og_title":"Produits pour la r\u00e9paration de carrosseries - PaintCar","og_description":"Produits pour la r\u00e9paration de carrosseries Chez PaintCar, vous trouverez une gamme compl\u00e8te de produits pour la r\u00e9paration de carrosseries : mastics, appr\u00eats, vernis, abrasifs, rubans, accessoires et outils pour chaque \u00e9tape du processus de r\u00e9paration et de retouche. Des solutions de qualit\u00e9, disponibles imm\u00e9diatement, avec un accompagnement technique personnalis\u00e9. Mastics et Appr\u00eats Produits \u00e0 [&hellip;]","og_url":"https:\/\/paint-car.com\/fr\/produits-pour-la-reparation-de-carrosseries\/","og_site_name":"PaintCar","article_publisher":"https:\/\/www.facebook.com\/profile.php?id=61574894891270","article_modified_time":"2025-06-30T08:08:34+00:00","og_image":[{"width":1623,"height":717,"url":"https:\/\/paint-car.com\/wp-content\/uploads\/img_web_PC.jpg","type":"image\/jpeg"}],"twitter_card":"summary_large_image","twitter_misc":{"Dur\u00e9e de lecture estim\u00e9e":"1 minute"},"schema":{"@context":"https:\/\/schema.org","@graph":[{"@type":"WebPage","@id":"https:\/\/paint-car.com\/fr\/produits-pour-la-reparation-de-carrosseries\/","url":"https:\/\/paint-car.com\/fr\/produits-pour-la-reparation-de-carrosseries\/","name":"Produits pour la r\u00e9paration de carrosseries - PaintCar","isPartOf":{"@id":"https:\/\/paint-car.com\/#website"},"datePublished":"2025-06-30T06:22:39+00:00","dateModified":"2025-06-30T08:08:34+00:00","breadcrumb":{"@id":"https:\/\/paint-car.com\/fr\/produits-pour-la-reparation-de-carrosseries\/#breadcrumb"},"inLanguage":"fr-FR","potentialAction":[{"@type":"ReadAction","target":["https:\/\/paint-car.com\/fr\/produits-pour-la-reparation-de-carrosseries\/"]}]},{"@type":"BreadcrumbList","@id":"https:\/\/paint-car.com\/fr\/produits-pour-la-reparation-de-carrosseries\/#breadcrumb","itemListElement":[{"@type":"ListItem","position":1,"name":"Inicio","item":"https:\/\/paint-car.com\/"},{"@type":"ListItem","position":2,"name":"Produits pour la r\u00e9paration de carrosseries"}]},{"@type":"WebSite","@id":"https:\/\/paint-car.com\/#website","url":"https:\/\/paint-car.com\/","name":"PaintCar","description":"Soluciones al repintado - Refinish Solutions","publisher":{"@id":"https:\/\/paint-car.com\/#organization"},"alternateName":"PaintCar","potentialAction":[{"@type":"SearchAction","target":{"@type":"EntryPoint","urlTemplate":"https:\/\/paint-car.com\/?s={search_term_string}"},"query-input":{"@type":"PropertyValueSpecification","valueRequired":true,"valueName":"search_term_string"}}],"inLanguage":"fr-FR"},{"@type":"Organization","@id":"https:\/\/paint-car.com\/#organization","name":"PaintCar","alternateName":"PaintCar - SOLUCIONES DE PINTURA PARA AUTOMOCI\u00d3N Y ANEXOS","url":"https:\/\/paint-car.com\/","logo":{"@type":"ImageObject","inLanguage":"fr-FR","@id":"https:\/\/paint-car.com\/#\/schema\/logo\/image\/","url":"https:\/\/paint-car.com\/wp-content\/uploads\/2024\/10\/PaintCar.svg","contentUrl":"https:\/\/paint-car.com\/wp-content\/uploads\/2024\/10\/PaintCar.svg","width":1,"height":1,"caption":"PaintCar"},"image":{"@id":"https:\/\/paint-car.com\/#\/schema\/logo\/image\/"},"sameAs":["https:\/\/www.facebook.com\/profile.php?id=61574894891270","https:\/\/www.instagram.com\/paintcarsolutions\/","https:\/\/www.tiktok.com\/@paintcaroficial"]}]}},"_links":{"self":[{"href":"https:\/\/paint-car.com\/fr\/wp-json\/wp\/v2\/pages\/3809","targetHints":{"allow":["GET"]}}],"collection":[{"href":"https:\/\/paint-car.com\/fr\/wp-json\/wp\/v2\/pages"}],"about":[{"href":"https:\/\/paint-car.com\/fr\/wp-json\/wp\/v2\/types\/page"}],"author":[{"embeddable":true,"href":"https:\/\/paint-car.com\/fr\/wp-json\/wp\/v2\/users\/1"}],"replies":[{"embeddable":true,"href":"https:\/\/paint-car.com\/fr\/wp-json\/wp\/v2\/comments?post=3809"}],"version-history":[{"count":0,"href":"https:\/\/paint-car.com\/fr\/wp-json\/wp\/v2\/pages\/3809\/revisions"}],"wp:attachment":[{"href":"https:\/\/paint-car.com\/fr\/wp-json\/wp\/v2\/media?parent=3809"}],"curies":[{"name":"wp","href":"https:\/\/api.w.org\/{rel}","templated":true}]}}