{"id":3891,"date":"2025-07-28T15:37:09","date_gmt":"2025-07-28T13:37:09","guid":{"rendered":"https:\/\/paint-car.com\/vernis-pour-carrosserie\/"},"modified":"2025-07-28T15:58:44","modified_gmt":"2025-07-28T13:58:44","slug":"vernis-pour-carrosserie","status":"publish","type":"page","link":"https:\/\/paint-car.com\/fr\/vernis-pour-carrosserie\/","title":{"rendered":"Vernis pour carrosserie"},"content":{"rendered":"\t\t<div data-elementor-type=\"wp-page\" data-elementor-id=\"3891\" class=\"elementor elementor-3891 elementor-3877\" data-elementor-post-type=\"page\">\n\t\t\t\t\t\t<section class=\"elementor-section elementor-top-section elementor-element elementor-element-f4c59f1 elementor-section-full_width elementor-section-content-top elementor-section-height-default elementor-section-height-default\" data-id=\"f4c59f1\" data-element_type=\"section\" data-e-type=\"section\" data-settings=\"{&quot;background_background&quot;:&quot;classic&quot;}\">\n\t\t\t\t\t\t<div class=\"elementor-container elementor-column-gap-default\">\n\t\t\t\t\t<div class=\"elementor-column elementor-col-100 elementor-top-column elementor-element elementor-element-7941c19\" data-id=\"7941c19\" data-element_type=\"column\" data-e-type=\"column\">\n\t\t\t<div class=\"elementor-widget-wrap elementor-element-populated\">\n\t\t\t\t\t\t<div class=\"elementor-element elementor-element-19bd132 elementor-widget__width-auto elementor-widget elementor-widget-heading\" data-id=\"19bd132\" data-element_type=\"widget\" data-e-type=\"widget\" data-widget_type=\"heading.default\">\n\t\t\t\t<div class=\"elementor-widget-container\">\n\t\t\t\t\t<h1 class=\"elementor-heading-title elementor-size-default\">Vernis pour carrosserie<\/h1>\t\t\t\t<\/div>\n\t\t\t\t<\/div>\n\t\t\t\t\t<\/div>\n\t\t<\/div>\n\t\t\t\t\t<\/div>\n\t\t<\/section>\n\t\t\t\t<section class=\"elementor-section elementor-top-section elementor-element elementor-element-0efe0eb elementor-section-full_width elementor-section-height-default elementor-section-height-default\" data-id=\"0efe0eb\" data-element_type=\"section\" data-e-type=\"section\">\n\t\t\t\t\t\t<div class=\"elementor-container elementor-column-gap-default\">\n\t\t\t\t\t<div class=\"elementor-column elementor-col-100 elementor-top-column elementor-element elementor-element-c58ab9e\" data-id=\"c58ab9e\" data-element_type=\"column\" data-e-type=\"column\" data-settings=\"{&quot;background_background&quot;:&quot;classic&quot;}\">\n\t\t\t<div class=\"elementor-widget-wrap elementor-element-populated\">\n\t\t\t\t\t\t<div class=\"elementor-element elementor-element-3be699e elementor-widget__width-initial elementor-widget elementor-widget-text-editor\" data-id=\"3be699e\" data-element_type=\"widget\" data-e-type=\"widget\" data-widget_type=\"text-editor.default\">\n\t\t\t\t<div class=\"elementor-widget-container\">\n\t\t\t\t\t\t\t\t\t<h2 data-start=\"123\" data-end=\"210\"><strong data-start=\"126\" data-end=\"210\">Vernis PaintCar pour Carrosserie : Finition Professionnelle, Durabilit\u00e9 Maximale<\/strong><\/h2>\n<p><\/p>\n<h3 data-start=\"212\" data-end=\"263\"><strong data-start=\"216\" data-end=\"263\">Vernis UHS pour peinture automobile et moto<\/strong><\/h3>\n<p><\/p>\n<p data-start=\"265\" data-end=\"614\">Chez PaintCar, nous proposons une gamme compl\u00e8te de <strong data-start=\"317\" data-end=\"344\">vernis pour carrosserie<\/strong> con\u00e7ue pour les professionnels les plus exigeants. Nos <strong data-start=\"400\" data-end=\"433\">vernis UHS (Ultra High Solid)<\/strong> pr\u00e9sentent une haute teneur en extraits secs, une excellente extensibilit\u00e9 et une r\u00e9sistance durable, id\u00e9als pour les retouches locales, les r\u00e9parations ou les peintures compl\u00e8tes.<\/p>\n<p><\/p>\n<p data-start=\"616\" data-end=\"763\">Que ce soit pour une voiture, une moto ou un v\u00e9hicule industriel, les vernis PaintCar garantissent une <strong data-start=\"719\" data-end=\"762\">finition brillante, profonde et durable<\/strong>.<\/p>\n<h3 data-start=\"770\" data-end=\"809\"><strong data-start=\"776\" data-end=\"809\">Avantages des Vernis PaintCar<\/strong><\/h3>\n<p><\/p>\n<ul data-start=\"811\" data-end=\"1262\">\n<li data-start=\"811\" data-end=\"855\">\n<p data-start=\"813\" data-end=\"855\"><strong data-start=\"813\" data-end=\"853\">Finition brillante et aspect premium<\/strong><\/p>\n<\/li>\n<li data-start=\"856\" data-end=\"933\">\n<p data-start=\"858\" data-end=\"933\"><strong data-start=\"858\" data-end=\"880\">Application facile<\/strong>, excellente nivellement et r\u00e9sistance aux coulures<\/p>\n<\/li>\n<li data-start=\"934\" data-end=\"1008\">\n<p data-start=\"936\" data-end=\"1008\"><strong data-start=\"936\" data-end=\"970\">S\u00e9chage rapide ou ultra rapide<\/strong>, selon les besoins de votre atelier<\/p>\n<\/li>\n<li data-start=\"1009\" data-end=\"1076\">\n<p data-start=\"1011\" data-end=\"1076\"><strong data-start=\"1011\" data-end=\"1074\">Excellente r\u00e9sistance aux UV, rayures et produits chimiques<\/strong><\/p>\n<\/li>\n<li data-start=\"1077\" data-end=\"1168\">\n<p data-start=\"1079\" data-end=\"1168\"><strong data-start=\"1079\" data-end=\"1166\">Conformes \u00e0 la r\u00e9glementation europ\u00e9enne sur les COV (compos\u00e9s organiques volatils)<\/strong><\/p>\n<\/li>\n<li data-start=\"1169\" data-end=\"1262\">\n<p data-start=\"1171\" data-end=\"1262\"><strong data-start=\"1171\" data-end=\"1260\">Formules optimis\u00e9es pour r\u00e9duire les temps d&rsquo;application et la consommation d&rsquo;\u00e9nergie<\/strong><\/p>\n<\/li>\n<\/ul>\n<p><\/p>\n<h3 data-start=\"1269\" data-end=\"1328\"><strong data-start=\"1276\" data-end=\"1328\">Con\u00e7us pour am\u00e9liorer la productivit\u00e9 en atelier<\/strong><\/h3>\n<p><\/p>\n<p data-start=\"1330\" data-end=\"1585\">Les vernis PaintCar sont d\u00e9velopp\u00e9s avec des technologies avanc\u00e9es de r\u00e9sines et d\u2019additifs pour maximiser l&rsquo;efficacit\u00e9 en cabine : s\u00e9chage plus rapide, application plus fluide, r\u00e9duction de la consommation \u00e9nerg\u00e9tique et meilleure rotation des v\u00e9hicules.<\/p>\n<p><\/p>\n<p data-start=\"1587\" data-end=\"1768\">Leur faible teneur en solvants volatils et leur \u00e9lasticit\u00e9 \u00e9lev\u00e9e permettent un travail plus propre, plus stable et plus s\u00fbr, en \u00e9vitant les fissures ou craqu\u00e8lements avec le temps.<\/p>\n<h3 data-start=\"1775\" data-end=\"1821\"><strong data-start=\"1783\" data-end=\"1821\">Protection et durabilit\u00e9 garanties<\/strong><\/h3>\n<p><\/p>\n<p data-start=\"1823\" data-end=\"1985\">Un bon <strong data-start=\"1830\" data-end=\"1851\">vernis automobile<\/strong> doit r\u00e9sister \u00e0 des ann\u00e9es d\u2019utilisation sans perte de brillance ni de protection. Les vernis PaintCar sont formul\u00e9s pour supporter :<\/p>\n<ul data-start=\"1987\" data-end=\"2156\">\n<li data-start=\"1987\" data-end=\"2029\">\n<p data-start=\"1989\" data-end=\"2029\">Des variations extr\u00eames de temp\u00e9rature<\/p>\n<\/li>\n<li data-start=\"2030\" data-end=\"2068\">\n<p data-start=\"2032\" data-end=\"2068\">Une exposition prolong\u00e9e au soleil<\/p>\n<\/li>\n<li data-start=\"2069\" data-end=\"2094\">\n<p data-start=\"2071\" data-end=\"2094\">Des lavages fr\u00e9quents<\/p>\n<\/li>\n<li data-start=\"2095\" data-end=\"2156\">\n<p data-start=\"2097\" data-end=\"2156\">Des conditions environnementales et industrielles s\u00e9v\u00e8res<\/p>\n<\/li>\n<\/ul>\n<p><\/p>\n<h3 data-start=\"2163\" data-end=\"2204\"><strong data-start=\"2170\" data-end=\"2204\">Notre gamme de Vernis PaintCar<\/strong><\/h3>\n<p><\/p>\n<h4 data-start=\"2206\" data-end=\"2252\"><strong data-start=\"2214\" data-end=\"2250\">CLEAR UHS CREATIVE PLATINUM LINE<\/strong><\/h4>\n<p><\/p>\n<p data-start=\"2253\" data-end=\"2266\">Vernis UHS 2K<\/p>\n<h4 data-start=\"2268\" data-end=\"2296\"><strong data-start=\"2276\" data-end=\"2294\">2002 BARNIZ HS<\/strong><\/h4>\n<p><\/p>\n<p data-start=\"2297\" data-end=\"2309\">Vernis HS 2K<\/p>\n<h4 data-start=\"2311\" data-end=\"2338\"><strong data-start=\"2319\" data-end=\"2336\">CLEAR SUBLIME<\/strong><\/h4>\n<p><\/p>\n<p data-start=\"2339\" data-end=\"2359\">Vernis UHS Rapide 2K<\/p>\n<h4 data-start=\"2361\" data-end=\"2385\"><strong data-start=\"2369\" data-end=\"2383\">VERNIS MAT<\/strong><\/h4>\n<p><\/p>\n<p data-start=\"2386\" data-end=\"2402\">Vernis HS Mat 2K<\/p>\n<p><\/p>\n<p data-start=\"2404\" data-end=\"2569\">Tous nos vernis sont disponibles en <strong data-start=\"2440\" data-end=\"2480\">kits complets (produit + durcisseur)<\/strong> et sont compatibles avec les syst\u00e8mes de peinture <strong data-start=\"2531\" data-end=\"2568\">hydro (base aqueuse) et solvant\u00e9s<\/strong>.<\/p>\n<h3 data-start=\"2576\" data-end=\"2645\"><strong data-start=\"2583\" data-end=\"2645\">Vous souhaitez en savoir plus sur les aspects techniques ?<\/strong><\/h3>\n<p><\/p>\n<p data-start=\"2647\" data-end=\"2756\">Consultez la <strong data-start=\"2660\" data-end=\"2679\">fiche technique<\/strong> de chaque produit dans la section :<br data-start=\"2715\" data-end=\"2718\" \/><strong data-start=\"2718\" data-end=\"2739\">Produits &gt; Vernis<\/strong> pour d\u00e9couvrir :<\/p>\n<ul data-start=\"2758\" data-end=\"2878\">\n<li data-start=\"2758\" data-end=\"2780\">\n<p data-start=\"2760\" data-end=\"2780\">Rapport de m\u00e9lange<\/p>\n<\/li>\n<li data-start=\"2781\" data-end=\"2818\">\n<p data-start=\"2783\" data-end=\"2818\">Temps d\u2019\u00e9vaporation et de s\u00e9chage<\/p>\n<\/li>\n<li data-start=\"2819\" data-end=\"2851\">\n<p data-start=\"2821\" data-end=\"2851\">Compatibilit\u00e9 avec les bases<\/p>\n<\/li>\n<li data-start=\"2852\" data-end=\"2878\">\n<p data-start=\"2854\" data-end=\"2878\">Conseils d\u2019application<\/p>\n<\/li>\n<\/ul>\n<p><\/p>\n<h3 data-start=\"2885\" data-end=\"2944\"><strong data-start=\"2892\" data-end=\"2944\">Besoin de conseils ou envie de passer commande ?<\/strong><\/h3>\n<p><\/p>\n<p data-start=\"2946\" data-end=\"3118\">Contactez notre \u00e9quipe technique ou votre distributeur le plus proche pour un <strong data-start=\"3024\" data-end=\"3055\">accompagnement personnalis\u00e9<\/strong> dans le choix du <strong data-start=\"3073\" data-end=\"3117\">vernis adapt\u00e9 \u00e0 votre m\u00e9thode de travail<\/strong>.<\/p>\n\t\t\t\t\t\t\t\t<\/div>\n\t\t\t\t<\/div>\n\t\t\t\t\t<\/div>\n\t\t<\/div>\n\t\t\t\t\t<\/div>\n\t\t<\/section>\n\t\t\t\t<section class=\"elementor-section elementor-top-section elementor-element elementor-element-beebbe7 elementor-section-boxed elementor-section-height-default elementor-section-height-default\" data-id=\"beebbe7\" data-element_type=\"section\" data-e-type=\"section\" data-settings=\"{&quot;background_background&quot;:&quot;classic&quot;}\">\n\t\t\t\t\t\t<div class=\"elementor-container elementor-column-gap-default\">\n\t\t\t\t\t<div class=\"elementor-column elementor-col-100 elementor-top-column elementor-element elementor-element-b02a2c1\" data-id=\"b02a2c1\" data-element_type=\"column\" data-e-type=\"column\">\n\t\t\t<div class=\"elementor-widget-wrap elementor-element-populated\">\n\t\t\t\t\t\t<div class=\"elementor-element elementor-element-a305fb5 elementor-widget__width-initial elementor-widget elementor-widget-heading\" data-id=\"a305fb5\" data-element_type=\"widget\" data-e-type=\"widget\" data-widget_type=\"heading.default\">\n\t\t\t\t<div class=\"elementor-widget-container\">\n\t\t\t\t\t<h1 class=\"elementor-heading-title elementor-size-default\">D\u00c9COUVREZ NOS VERNIS<\/h1>\t\t\t\t<\/div>\n\t\t\t\t<\/div>\n\t\t\t\t<div class=\"elementor-element elementor-element-243e526 elementor-align-center elementor-widget elementor-widget-button\" data-id=\"243e526\" data-element_type=\"widget\" data-e-type=\"widget\" data-widget_type=\"button.default\">\n\t\t\t\t<div class=\"elementor-widget-container\">\n\t\t\t\t\t\t\t\t\t<div class=\"elementor-button-wrapper\">\n\t\t\t\t\t<a class=\"elementor-button elementor-button-link elementor-size-sm\" href=\"https:\/\/paint-car.com\/fr\/categoria-producto\/vernis\/\">\n\t\t\t\t\t\t<span class=\"elementor-button-content-wrapper\">\n\t\t\t\t\t\t\t\t\t<span class=\"elementor-button-text\">VERNIS PAINTCAR<\/span>\n\t\t\t\t\t<\/span>\n\t\t\t\t\t<\/a>\n\t\t\t\t<\/div>\n\t\t\t\t\t\t\t\t<\/div>\n\t\t\t\t<\/div>\n\t\t\t\t\t<\/div>\n\t\t<\/div>\n\t\t\t\t\t<\/div>\n\t\t<\/section>\n\t\t\t\t<\/div>\n\t\t","protected":false},"excerpt":{"rendered":"<p>Vernis pour carrosserie Vernis PaintCar pour Carrosserie : Finition Professionnelle, Durabilit\u00e9 Maximale Vernis UHS pour peinture automobile et moto Chez PaintCar, nous proposons une gamme compl\u00e8te de vernis pour carrosserie con\u00e7ue pour les professionnels les plus exigeants. Nos vernis UHS (Ultra High Solid) pr\u00e9sentent une haute teneur en extraits secs, une excellente extensibilit\u00e9 et une [&hellip;]<\/p>\n","protected":false},"author":1,"featured_media":0,"parent":0,"menu_order":44,"comment_status":"closed","ping_status":"closed","template":"","meta":{"_acf_changed":false,"footnotes":""},"class_list":["post-3891","page","type-page","status-publish","hentry"],"acf":[],"yoast_head":"<!-- This site is optimized with the Yoast SEO plugin v27.5 - https:\/\/yoast.com\/product\/yoast-seo-wordpress\/ -->\n<title>Vernis pour carrosserie - PaintCar<\/title>\n<meta name=\"robots\" content=\"index, follow, max-snippet:-1, max-image-preview:large, max-video-preview:-1\" \/>\n<link rel=\"canonical\" href=\"https:\/\/paint-car.com\/fr\/vernis-pour-carrosserie\/\" \/>\n<meta property=\"og:locale\" content=\"fr_FR\" \/>\n<meta property=\"og:type\" content=\"article\" \/>\n<meta property=\"og:title\" content=\"Vernis pour carrosserie - PaintCar\" \/>\n<meta property=\"og:description\" content=\"Vernis pour carrosserie Vernis PaintCar pour Carrosserie : Finition Professionnelle, Durabilit\u00e9 Maximale Vernis UHS pour peinture automobile et moto Chez PaintCar, nous proposons une gamme compl\u00e8te de vernis pour carrosserie con\u00e7ue pour les professionnels les plus exigeants. Nos vernis UHS (Ultra High Solid) pr\u00e9sentent une haute teneur en extraits secs, une excellente extensibilit\u00e9 et une [&hellip;]\" \/>\n<meta property=\"og:url\" content=\"https:\/\/paint-car.com\/fr\/vernis-pour-carrosserie\/\" \/>\n<meta property=\"og:site_name\" content=\"PaintCar\" \/>\n<meta property=\"article:publisher\" content=\"https:\/\/www.facebook.com\/profile.php?id=61574894891270\" \/>\n<meta property=\"article:modified_time\" content=\"2025-07-28T13:58:44+00:00\" \/>\n<meta property=\"og:image\" content=\"https:\/\/paint-car.com\/wp-content\/uploads\/img_web_PC.jpg\" \/>\n\t<meta property=\"og:image:width\" content=\"1623\" \/>\n\t<meta property=\"og:image:height\" content=\"717\" \/>\n\t<meta property=\"og:image:type\" content=\"image\/jpeg\" \/>\n<meta name=\"twitter:card\" content=\"summary_large_image\" \/>\n<meta name=\"twitter:label1\" content=\"Dur\u00e9e de lecture estim\u00e9e\" \/>\n\t<meta name=\"twitter:data1\" content=\"2 minutes\" \/>\n<script type=\"application\/ld+json\" class=\"yoast-schema-graph\">{\"@context\":\"https:\\\/\\\/schema.org\",\"@graph\":[{\"@type\":\"WebPage\",\"@id\":\"https:\\\/\\\/paint-car.com\\\/fr\\\/vernis-pour-carrosserie\\\/\",\"url\":\"https:\\\/\\\/paint-car.com\\\/fr\\\/vernis-pour-carrosserie\\\/\",\"name\":\"Vernis pour carrosserie - PaintCar\",\"isPartOf\":{\"@id\":\"https:\\\/\\\/paint-car.com\\\/#website\"},\"datePublished\":\"2025-07-28T13:37:09+00:00\",\"dateModified\":\"2025-07-28T13:58:44+00:00\",\"breadcrumb\":{\"@id\":\"https:\\\/\\\/paint-car.com\\\/fr\\\/vernis-pour-carrosserie\\\/#breadcrumb\"},\"inLanguage\":\"fr-FR\",\"potentialAction\":[{\"@type\":\"ReadAction\",\"target\":[\"https:\\\/\\\/paint-car.com\\\/fr\\\/vernis-pour-carrosserie\\\/\"]}]},{\"@type\":\"BreadcrumbList\",\"@id\":\"https:\\\/\\\/paint-car.com\\\/fr\\\/vernis-pour-carrosserie\\\/#breadcrumb\",\"itemListElement\":[{\"@type\":\"ListItem\",\"position\":1,\"name\":\"Inicio\",\"item\":\"https:\\\/\\\/paint-car.com\\\/\"},{\"@type\":\"ListItem\",\"position\":2,\"name\":\"Vernis pour carrosserie\"}]},{\"@type\":\"WebSite\",\"@id\":\"https:\\\/\\\/paint-car.com\\\/#website\",\"url\":\"https:\\\/\\\/paint-car.com\\\/\",\"name\":\"PaintCar\",\"description\":\"Soluciones al repintado - Refinish Solutions\",\"publisher\":{\"@id\":\"https:\\\/\\\/paint-car.com\\\/#organization\"},\"alternateName\":\"PaintCar\",\"potentialAction\":[{\"@type\":\"SearchAction\",\"target\":{\"@type\":\"EntryPoint\",\"urlTemplate\":\"https:\\\/\\\/paint-car.com\\\/?s={search_term_string}\"},\"query-input\":{\"@type\":\"PropertyValueSpecification\",\"valueRequired\":true,\"valueName\":\"search_term_string\"}}],\"inLanguage\":\"fr-FR\"},{\"@type\":\"Organization\",\"@id\":\"https:\\\/\\\/paint-car.com\\\/#organization\",\"name\":\"PaintCar\",\"alternateName\":\"PaintCar - SOLUCIONES DE PINTURA PARA AUTOMOCI\u00d3N Y ANEXOS\",\"url\":\"https:\\\/\\\/paint-car.com\\\/\",\"logo\":{\"@type\":\"ImageObject\",\"inLanguage\":\"fr-FR\",\"@id\":\"https:\\\/\\\/paint-car.com\\\/#\\\/schema\\\/logo\\\/image\\\/\",\"url\":\"https:\\\/\\\/paint-car.com\\\/wp-content\\\/uploads\\\/2024\\\/10\\\/PaintCar.svg\",\"contentUrl\":\"https:\\\/\\\/paint-car.com\\\/wp-content\\\/uploads\\\/2024\\\/10\\\/PaintCar.svg\",\"width\":1,\"height\":1,\"caption\":\"PaintCar\"},\"image\":{\"@id\":\"https:\\\/\\\/paint-car.com\\\/#\\\/schema\\\/logo\\\/image\\\/\"},\"sameAs\":[\"https:\\\/\\\/www.facebook.com\\\/profile.php?id=61574894891270\",\"https:\\\/\\\/www.instagram.com\\\/paintcarsolutions\\\/\",\"https:\\\/\\\/www.tiktok.com\\\/@paintcaroficial\"]}]}<\/script>\n<!-- \/ Yoast SEO plugin. -->","yoast_head_json":{"title":"Vernis pour carrosserie - PaintCar","robots":{"index":"index","follow":"follow","max-snippet":"max-snippet:-1","max-image-preview":"max-image-preview:large","max-video-preview":"max-video-preview:-1"},"canonical":"https:\/\/paint-car.com\/fr\/vernis-pour-carrosserie\/","og_locale":"fr_FR","og_type":"article","og_title":"Vernis pour carrosserie - PaintCar","og_description":"Vernis pour carrosserie Vernis PaintCar pour Carrosserie : Finition Professionnelle, Durabilit\u00e9 Maximale Vernis UHS pour peinture automobile et moto Chez PaintCar, nous proposons une gamme compl\u00e8te de vernis pour carrosserie con\u00e7ue pour les professionnels les plus exigeants. Nos vernis UHS (Ultra High Solid) pr\u00e9sentent une haute teneur en extraits secs, une excellente extensibilit\u00e9 et une [&hellip;]","og_url":"https:\/\/paint-car.com\/fr\/vernis-pour-carrosserie\/","og_site_name":"PaintCar","article_publisher":"https:\/\/www.facebook.com\/profile.php?id=61574894891270","article_modified_time":"2025-07-28T13:58:44+00:00","og_image":[{"width":1623,"height":717,"url":"https:\/\/paint-car.com\/wp-content\/uploads\/img_web_PC.jpg","type":"image\/jpeg"}],"twitter_card":"summary_large_image","twitter_misc":{"Dur\u00e9e de lecture estim\u00e9e":"2 minutes"},"schema":{"@context":"https:\/\/schema.org","@graph":[{"@type":"WebPage","@id":"https:\/\/paint-car.com\/fr\/vernis-pour-carrosserie\/","url":"https:\/\/paint-car.com\/fr\/vernis-pour-carrosserie\/","name":"Vernis pour carrosserie - PaintCar","isPartOf":{"@id":"https:\/\/paint-car.com\/#website"},"datePublished":"2025-07-28T13:37:09+00:00","dateModified":"2025-07-28T13:58:44+00:00","breadcrumb":{"@id":"https:\/\/paint-car.com\/fr\/vernis-pour-carrosserie\/#breadcrumb"},"inLanguage":"fr-FR","potentialAction":[{"@type":"ReadAction","target":["https:\/\/paint-car.com\/fr\/vernis-pour-carrosserie\/"]}]},{"@type":"BreadcrumbList","@id":"https:\/\/paint-car.com\/fr\/vernis-pour-carrosserie\/#breadcrumb","itemListElement":[{"@type":"ListItem","position":1,"name":"Inicio","item":"https:\/\/paint-car.com\/"},{"@type":"ListItem","position":2,"name":"Vernis pour carrosserie"}]},{"@type":"WebSite","@id":"https:\/\/paint-car.com\/#website","url":"https:\/\/paint-car.com\/","name":"PaintCar","description":"Soluciones al repintado - Refinish Solutions","publisher":{"@id":"https:\/\/paint-car.com\/#organization"},"alternateName":"PaintCar","potentialAction":[{"@type":"SearchAction","target":{"@type":"EntryPoint","urlTemplate":"https:\/\/paint-car.com\/?s={search_term_string}"},"query-input":{"@type":"PropertyValueSpecification","valueRequired":true,"valueName":"search_term_string"}}],"inLanguage":"fr-FR"},{"@type":"Organization","@id":"https:\/\/paint-car.com\/#organization","name":"PaintCar","alternateName":"PaintCar - SOLUCIONES DE PINTURA PARA AUTOMOCI\u00d3N Y ANEXOS","url":"https:\/\/paint-car.com\/","logo":{"@type":"ImageObject","inLanguage":"fr-FR","@id":"https:\/\/paint-car.com\/#\/schema\/logo\/image\/","url":"https:\/\/paint-car.com\/wp-content\/uploads\/2024\/10\/PaintCar.svg","contentUrl":"https:\/\/paint-car.com\/wp-content\/uploads\/2024\/10\/PaintCar.svg","width":1,"height":1,"caption":"PaintCar"},"image":{"@id":"https:\/\/paint-car.com\/#\/schema\/logo\/image\/"},"sameAs":["https:\/\/www.facebook.com\/profile.php?id=61574894891270","https:\/\/www.instagram.com\/paintcarsolutions\/","https:\/\/www.tiktok.com\/@paintcaroficial"]}]}},"_links":{"self":[{"href":"https:\/\/paint-car.com\/fr\/wp-json\/wp\/v2\/pages\/3891","targetHints":{"allow":["GET"]}}],"collection":[{"href":"https:\/\/paint-car.com\/fr\/wp-json\/wp\/v2\/pages"}],"about":[{"href":"https:\/\/paint-car.com\/fr\/wp-json\/wp\/v2\/types\/page"}],"author":[{"embeddable":true,"href":"https:\/\/paint-car.com\/fr\/wp-json\/wp\/v2\/users\/1"}],"replies":[{"embeddable":true,"href":"https:\/\/paint-car.com\/fr\/wp-json\/wp\/v2\/comments?post=3891"}],"version-history":[{"count":0,"href":"https:\/\/paint-car.com\/fr\/wp-json\/wp\/v2\/pages\/3891\/revisions"}],"wp:attachment":[{"href":"https:\/\/paint-car.com\/fr\/wp-json\/wp\/v2\/media?parent=3891"}],"curies":[{"name":"wp","href":"https:\/\/api.w.org\/{rel}","templated":true}]}}