{"id":5088,"date":"2026-04-17T09:43:13","date_gmt":"2026-04-17T07:43:13","guid":{"rendered":"https:\/\/paint-car.com\/nautifill\/"},"modified":"2026-04-21T10:57:04","modified_gmt":"2026-04-21T08:57:04","slug":"nautifill","status":"publish","type":"page","link":"https:\/\/paint-car.com\/fr\/nautifill\/","title":{"rendered":"Nautifill"},"content":{"rendered":"\t\t<div data-elementor-type=\"wp-page\" data-elementor-id=\"5088\" class=\"elementor elementor-5088 elementor-4995\" data-elementor-post-type=\"page\">\n\t\t\t\t\t\t<section class=\"elementor-section elementor-top-section elementor-element elementor-element-2d18d60 elementor-section-full_width elementor-section-height-default elementor-section-height-default\" data-id=\"2d18d60\" data-element_type=\"section\" data-e-type=\"section\" data-settings=\"{&quot;background_background&quot;:&quot;classic&quot;}\">\n\t\t\t\t\t\t<div class=\"elementor-container elementor-column-gap-default\">\n\t\t\t\t\t<div class=\"elementor-column elementor-col-50 elementor-top-column elementor-element elementor-element-e81bbc8\" data-id=\"e81bbc8\" data-element_type=\"column\" data-e-type=\"column\">\n\t\t\t<div class=\"elementor-widget-wrap elementor-element-populated\">\n\t\t\t\t\t\t<div class=\"elementor-element elementor-element-f5c43a5 elementor-widget elementor-widget-image\" data-id=\"f5c43a5\" data-element_type=\"widget\" data-e-type=\"widget\" data-widget_type=\"image.default\">\n\t\t\t\t<div class=\"elementor-widget-container\">\n\t\t\t\t\t\t\t\t\t\t\t\t\t\t\t<img fetchpriority=\"high\" decoding=\"async\" width=\"800\" height=\"800\" src=\"https:\/\/paint-car.com\/wp-content\/uploads\/Indumix_Masilla_Epoxy-1024x1024.jpg\" class=\"attachment-large size-large wp-image-4991\" alt=\"\" srcset=\"https:\/\/paint-car.com\/wp-content\/uploads\/Indumix_Masilla_Epoxy-1024x1024.jpg 1024w, https:\/\/paint-car.com\/wp-content\/uploads\/Indumix_Masilla_Epoxy-300x300.jpg 300w, https:\/\/paint-car.com\/wp-content\/uploads\/Indumix_Masilla_Epoxy-150x150.jpg 150w, https:\/\/paint-car.com\/wp-content\/uploads\/Indumix_Masilla_Epoxy-768x768.jpg 768w, https:\/\/paint-car.com\/wp-content\/uploads\/Indumix_Masilla_Epoxy-1536x1536.jpg 1536w, https:\/\/paint-car.com\/wp-content\/uploads\/Indumix_Masilla_Epoxy-600x600.jpg 600w, https:\/\/paint-car.com\/wp-content\/uploads\/Indumix_Masilla_Epoxy-100x100.jpg 100w, https:\/\/paint-car.com\/wp-content\/uploads\/Indumix_Masilla_Epoxy.jpg 2048w\" sizes=\"(max-width: 800px) 100vw, 800px\" \/>\t\t\t\t\t\t\t\t\t\t\t\t\t\t\t<\/div>\n\t\t\t\t<\/div>\n\t\t\t\t\t<\/div>\n\t\t<\/div>\n\t\t\t\t<div class=\"elementor-column elementor-col-50 elementor-top-column elementor-element elementor-element-d392ae2\" data-id=\"d392ae2\" data-element_type=\"column\" data-e-type=\"column\">\n\t\t\t<div class=\"elementor-widget-wrap elementor-element-populated\">\n\t\t\t\t\t\t<div class=\"elementor-element elementor-element-68c56ca elementor-widget__width-initial elementor-widget elementor-widget-heading\" data-id=\"68c56ca\" data-element_type=\"widget\" data-e-type=\"widget\" data-widget_type=\"heading.default\">\n\t\t\t\t<div class=\"elementor-widget-container\">\n\t\t\t\t\t<h1 class=\"elementor-heading-title elementor-size-default\">MASTIC EPOXY<br \/>NAUTIFILL<\/h1>\t\t\t\t<\/div>\n\t\t\t\t<\/div>\n\t\t\t\t<div class=\"elementor-element elementor-element-5156b9d elementor-widget-divider--view-line elementor-widget elementor-widget-divider\" data-id=\"5156b9d\" data-element_type=\"widget\" data-e-type=\"widget\" data-widget_type=\"divider.default\">\n\t\t\t\t<div class=\"elementor-widget-container\">\n\t\t\t\t\t\t\t<div class=\"elementor-divider\">\n\t\t\t<span class=\"elementor-divider-separator\">\n\t\t\t\t\t\t<\/span>\n\t\t<\/div>\n\t\t\t\t\t\t<\/div>\n\t\t\t\t<\/div>\n\t\t\t\t<div class=\"elementor-element elementor-element-1c76704 elementor-widget__width-initial elementor-widget elementor-widget-heading\" data-id=\"1c76704\" data-element_type=\"widget\" data-e-type=\"widget\" data-widget_type=\"heading.default\">\n\t\t\t\t<div class=\"elementor-widget-container\">\n\t\t\t\t\t<h2 class=\"elementor-heading-title elementor-size-default\">Solution \u00e9poxy bi-composante haute performance, sans solvant, con\u00e7ue pour d\u00e9fier les environnements les plus exigeants.\n<br \/><br \/>\nUne polyvalence exceptionnelle: sa formule garantit une adh\u00e9rence parfaite sur m\u00e9taux (fer, acier, zinc, aluminium), fibre de verre (PRV), bois et surfaces min\u00e9rales.<\/h2>\t\t\t\t<\/div>\n\t\t\t\t<\/div>\n\t\t\t\t\t<\/div>\n\t\t<\/div>\n\t\t\t\t\t<\/div>\n\t\t<\/section>\n\t\t\t\t<section class=\"elementor-section elementor-top-section elementor-element elementor-element-db39173 elementor-section-full_width elementor-section-height-default elementor-section-height-default\" data-id=\"db39173\" data-element_type=\"section\" data-e-type=\"section\">\n\t\t\t\t\t\t<div class=\"elementor-container elementor-column-gap-default\">\n\t\t\t\t\t<div class=\"elementor-column elementor-col-50 elementor-top-column elementor-element elementor-element-ff4cd2f\" data-id=\"ff4cd2f\" data-element_type=\"column\" data-e-type=\"column\">\n\t\t\t<div class=\"elementor-widget-wrap elementor-element-populated\">\n\t\t\t\t\t\t<div class=\"elementor-element elementor-element-272f827 elementor-widget__width-inherit elementor-widget elementor-widget-image\" data-id=\"272f827\" data-element_type=\"widget\" data-e-type=\"widget\" data-widget_type=\"image.default\">\n\t\t\t\t<div class=\"elementor-widget-container\">\n\t\t\t\t\t\t\t\t\t\t\t\t\t\t\t<img decoding=\"async\" width=\"800\" height=\"651\" src=\"https:\/\/paint-car.com\/wp-content\/uploads\/img_nautifill.jpg\" class=\"attachment-large size-large wp-image-5034\" alt=\"\" srcset=\"https:\/\/paint-car.com\/wp-content\/uploads\/img_nautifill.jpg 900w, https:\/\/paint-car.com\/wp-content\/uploads\/img_nautifill-300x244.jpg 300w, https:\/\/paint-car.com\/wp-content\/uploads\/img_nautifill-768x625.jpg 768w, https:\/\/paint-car.com\/wp-content\/uploads\/img_nautifill-600x488.jpg 600w\" sizes=\"(max-width: 800px) 100vw, 800px\" \/>\t\t\t\t\t\t\t\t\t\t\t\t\t\t\t<\/div>\n\t\t\t\t<\/div>\n\t\t\t\t\t<\/div>\n\t\t<\/div>\n\t\t\t\t<div class=\"elementor-column elementor-col-50 elementor-top-column elementor-element elementor-element-2c6229c\" data-id=\"2c6229c\" data-element_type=\"column\" data-e-type=\"column\" data-settings=\"{&quot;background_background&quot;:&quot;classic&quot;}\">\n\t\t\t<div class=\"elementor-widget-wrap elementor-element-populated\">\n\t\t\t\t\t\t<div class=\"elementor-element elementor-element-d535645 elementor-widget__width-initial elementor-widget elementor-widget-text-editor\" data-id=\"d535645\" data-element_type=\"widget\" data-e-type=\"widget\" data-widget_type=\"text-editor.default\">\n\t\t\t\t<div class=\"elementor-widget-container\">\n\t\t\t\t\t\t\t\t\t<strong>Mastic \u00e9poxy bi-composant<\/strong>, sans solvant, con\u00e7u pour offrir une r\u00e9sistance sup\u00e9rieure dans des environnements exigeants.\n<br\/><br\/>\nIl est id\u00e9al pour des applications sur une grande vari\u00e9t\u00e9 de supports, notamment:\n<br\/><br\/>\n<ul>\n \t<li>Fer<\/li>\n \t<li>Acier<\/li>\n \t<li>Zinc<\/li>\n \t<li>Aluminium<\/li>\n \t<li><strong>PRFV<\/strong> (Polyester renforc\u00e9 de fibres de verre)<\/li>\n \t<li>Bois<\/li>\n \t<li>Mat\u00e9riaux min\u00e9raux<\/li>\n<\/ul>\n&nbsp;\t\t\t\t\t\t\t\t<\/div>\n\t\t\t\t<\/div>\n\t\t\t\t<div class=\"elementor-element elementor-element-9f9439e elementor-widget__width-auto elementor-widget elementor-widget-button\" data-id=\"9f9439e\" data-element_type=\"widget\" data-e-type=\"widget\" data-widget_type=\"button.default\">\n\t\t\t\t<div class=\"elementor-widget-container\">\n\t\t\t\t\t\t\t\t\t<div class=\"elementor-button-wrapper\">\n\t\t\t\t\t<a class=\"elementor-button elementor-button-link elementor-size-sm\" href=\"https:\/\/paint-car.com\/fr\/productos\/indumix-fr\/mastic-epoxy-nautifill\/\">\n\t\t\t\t\t\t<span class=\"elementor-button-content-wrapper\">\n\t\t\t\t\t\t\t\t\t<span class=\"elementor-button-text\">VISITER LE PRODUIT<\/span>\n\t\t\t\t\t<\/span>\n\t\t\t\t\t<\/a>\n\t\t\t\t<\/div>\n\t\t\t\t\t\t\t\t<\/div>\n\t\t\t\t<\/div>\n\t\t\t\t<div class=\"elementor-element elementor-element-e581b7a elementor-widget__width-auto elementor-widget elementor-widget-button\" data-id=\"e581b7a\" data-element_type=\"widget\" data-e-type=\"widget\" data-widget_type=\"button.default\">\n\t\t\t\t<div class=\"elementor-widget-container\">\n\t\t\t\t\t\t\t\t\t<div class=\"elementor-button-wrapper\">\n\t\t\t\t\t<a class=\"elementor-button elementor-button-link elementor-size-sm\" href=\"https:\/\/paint-car.com\/wp-content\/uploads\/FC-INDUMIX-MASILLA-EPOXY_B.pdf\">\n\t\t\t\t\t\t<span class=\"elementor-button-content-wrapper\">\n\t\t\t\t\t\t\t\t\t<span class=\"elementor-button-text\">FICHE COMMERCIALE<\/span>\n\t\t\t\t\t<\/span>\n\t\t\t\t\t<\/a>\n\t\t\t\t<\/div>\n\t\t\t\t\t\t\t\t<\/div>\n\t\t\t\t<\/div>\n\t\t\t\t\t<\/div>\n\t\t<\/div>\n\t\t\t\t\t<\/div>\n\t\t<\/section>\n\t\t\t\t<\/div>\n\t\t","protected":false},"excerpt":{"rendered":"<p>MASTIC EPOXYNAUTIFILL Solution \u00e9poxy bi-composante haute performance, sans solvant, con\u00e7ue pour d\u00e9fier les environnements les plus exigeants. Une polyvalence exceptionnelle: sa formule garantit une adh\u00e9rence parfaite sur m\u00e9taux (fer, acier, zinc, aluminium), fibre de verre (PRV), bois et surfaces min\u00e9rales. Mastic \u00e9poxy bi-composant, sans solvant, con\u00e7u pour offrir une r\u00e9sistance sup\u00e9rieure dans des environnements exigeants. [&hellip;]<\/p>\n","protected":false},"author":1,"featured_media":0,"parent":0,"menu_order":21,"comment_status":"closed","ping_status":"closed","template":"","meta":{"_acf_changed":false,"footnotes":""},"class_list":["post-5088","page","type-page","status-publish","hentry"],"acf":[],"yoast_head":"<!-- This site is optimized with the Yoast SEO plugin v27.5 - https:\/\/yoast.com\/product\/yoast-seo-wordpress\/ -->\n<title>Syst\u00e8me Tintom\u00e9trique pour Peinture Carrosserie - PaintCar<\/title>\n<meta name=\"description\" content=\"Syst\u00e8me Tintom\u00e9trique pour Peinture Carrosserie. Indumix est le syst\u00e8me tintom\u00e9trique de pr\u00e9cision pour la couleur et la gamme de teintes.\" \/>\n<meta name=\"robots\" content=\"index, follow, max-snippet:-1, max-image-preview:large, max-video-preview:-1\" \/>\n<link rel=\"canonical\" href=\"https:\/\/paint-car.com\/fr\/nautifill\/\" \/>\n<meta property=\"og:locale\" content=\"fr_FR\" \/>\n<meta property=\"og:type\" content=\"article\" \/>\n<meta property=\"og:title\" content=\"Syst\u00e8me Tintom\u00e9trique pour Peinture Carrosserie - PaintCar\" \/>\n<meta property=\"og:description\" content=\"Syst\u00e8me Tintom\u00e9trique pour Peinture Carrosserie. Indumix est le syst\u00e8me tintom\u00e9trique de pr\u00e9cision pour la couleur et la gamme de teintes.\" \/>\n<meta property=\"og:url\" content=\"https:\/\/paint-car.com\/fr\/nautifill\/\" \/>\n<meta property=\"og:site_name\" content=\"PaintCar\" \/>\n<meta property=\"article:publisher\" content=\"https:\/\/www.facebook.com\/profile.php?id=61574894891270\" \/>\n<meta property=\"article:modified_time\" content=\"2026-04-21T08:57:04+00:00\" \/>\n<meta property=\"og:image\" content=\"https:\/\/paint-car.com\/wp-content\/uploads\/Indumix_Masilla_Epoxy.jpg\" \/>\n\t<meta property=\"og:image:width\" content=\"2048\" \/>\n\t<meta property=\"og:image:height\" content=\"2048\" \/>\n\t<meta property=\"og:image:type\" content=\"image\/jpeg\" \/>\n<meta name=\"twitter:card\" content=\"summary_large_image\" \/>\n<meta name=\"twitter:label1\" content=\"Dur\u00e9e de lecture estim\u00e9e\" \/>\n\t<meta name=\"twitter:data1\" content=\"1 minute\" \/>\n<script type=\"application\/ld+json\" class=\"yoast-schema-graph\">{\"@context\":\"https:\\\/\\\/schema.org\",\"@graph\":[{\"@type\":\"WebPage\",\"@id\":\"https:\\\/\\\/paint-car.com\\\/fr\\\/nautifill\\\/\",\"url\":\"https:\\\/\\\/paint-car.com\\\/fr\\\/nautifill\\\/\",\"name\":\"Syst\u00e8me Tintom\u00e9trique pour Peinture Carrosserie - PaintCar\",\"isPartOf\":{\"@id\":\"https:\\\/\\\/paint-car.com\\\/#website\"},\"primaryImageOfPage\":{\"@id\":\"https:\\\/\\\/paint-car.com\\\/fr\\\/nautifill\\\/#primaryimage\"},\"image\":{\"@id\":\"https:\\\/\\\/paint-car.com\\\/fr\\\/nautifill\\\/#primaryimage\"},\"thumbnailUrl\":\"https:\\\/\\\/paint-car.com\\\/wp-content\\\/uploads\\\/Indumix_Masilla_Epoxy-1024x1024.jpg\",\"datePublished\":\"2026-04-17T07:43:13+00:00\",\"dateModified\":\"2026-04-21T08:57:04+00:00\",\"description\":\"Syst\u00e8me Tintom\u00e9trique pour Peinture Carrosserie. Indumix est le syst\u00e8me tintom\u00e9trique de pr\u00e9cision pour la couleur et la gamme de teintes.\",\"breadcrumb\":{\"@id\":\"https:\\\/\\\/paint-car.com\\\/fr\\\/nautifill\\\/#breadcrumb\"},\"inLanguage\":\"fr-FR\",\"potentialAction\":[{\"@type\":\"ReadAction\",\"target\":[\"https:\\\/\\\/paint-car.com\\\/fr\\\/nautifill\\\/\"]}]},{\"@type\":\"ImageObject\",\"inLanguage\":\"fr-FR\",\"@id\":\"https:\\\/\\\/paint-car.com\\\/fr\\\/nautifill\\\/#primaryimage\",\"url\":\"https:\\\/\\\/paint-car.com\\\/wp-content\\\/uploads\\\/Indumix_Masilla_Epoxy-1024x1024.jpg\",\"contentUrl\":\"https:\\\/\\\/paint-car.com\\\/wp-content\\\/uploads\\\/Indumix_Masilla_Epoxy-1024x1024.jpg\"},{\"@type\":\"BreadcrumbList\",\"@id\":\"https:\\\/\\\/paint-car.com\\\/fr\\\/nautifill\\\/#breadcrumb\",\"itemListElement\":[{\"@type\":\"ListItem\",\"position\":1,\"name\":\"Inicio\",\"item\":\"https:\\\/\\\/paint-car.com\\\/\"},{\"@type\":\"ListItem\",\"position\":2,\"name\":\"Nautifill\"}]},{\"@type\":\"WebSite\",\"@id\":\"https:\\\/\\\/paint-car.com\\\/#website\",\"url\":\"https:\\\/\\\/paint-car.com\\\/\",\"name\":\"PaintCar\",\"description\":\"Soluciones al repintado - Refinish Solutions\",\"publisher\":{\"@id\":\"https:\\\/\\\/paint-car.com\\\/#organization\"},\"alternateName\":\"PaintCar\",\"potentialAction\":[{\"@type\":\"SearchAction\",\"target\":{\"@type\":\"EntryPoint\",\"urlTemplate\":\"https:\\\/\\\/paint-car.com\\\/?s={search_term_string}\"},\"query-input\":{\"@type\":\"PropertyValueSpecification\",\"valueRequired\":true,\"valueName\":\"search_term_string\"}}],\"inLanguage\":\"fr-FR\"},{\"@type\":\"Organization\",\"@id\":\"https:\\\/\\\/paint-car.com\\\/#organization\",\"name\":\"PaintCar\",\"alternateName\":\"PaintCar - SOLUCIONES DE PINTURA PARA AUTOMOCI\u00d3N Y ANEXOS\",\"url\":\"https:\\\/\\\/paint-car.com\\\/\",\"logo\":{\"@type\":\"ImageObject\",\"inLanguage\":\"fr-FR\",\"@id\":\"https:\\\/\\\/paint-car.com\\\/#\\\/schema\\\/logo\\\/image\\\/\",\"url\":\"https:\\\/\\\/paint-car.com\\\/wp-content\\\/uploads\\\/2024\\\/10\\\/PaintCar.svg\",\"contentUrl\":\"https:\\\/\\\/paint-car.com\\\/wp-content\\\/uploads\\\/2024\\\/10\\\/PaintCar.svg\",\"width\":1,\"height\":1,\"caption\":\"PaintCar\"},\"image\":{\"@id\":\"https:\\\/\\\/paint-car.com\\\/#\\\/schema\\\/logo\\\/image\\\/\"},\"sameAs\":[\"https:\\\/\\\/www.facebook.com\\\/profile.php?id=61574894891270\",\"https:\\\/\\\/www.instagram.com\\\/paintcarsolutions\\\/\",\"https:\\\/\\\/www.tiktok.com\\\/@paintcaroficial\"]}]}<\/script>\n<!-- \/ Yoast SEO plugin. -->","yoast_head_json":{"title":"Syst\u00e8me Tintom\u00e9trique pour Peinture Carrosserie - PaintCar","description":"Syst\u00e8me Tintom\u00e9trique pour Peinture Carrosserie. Indumix est le syst\u00e8me tintom\u00e9trique de pr\u00e9cision pour la couleur et la gamme de teintes.","robots":{"index":"index","follow":"follow","max-snippet":"max-snippet:-1","max-image-preview":"max-image-preview:large","max-video-preview":"max-video-preview:-1"},"canonical":"https:\/\/paint-car.com\/fr\/nautifill\/","og_locale":"fr_FR","og_type":"article","og_title":"Syst\u00e8me Tintom\u00e9trique pour Peinture Carrosserie - PaintCar","og_description":"Syst\u00e8me Tintom\u00e9trique pour Peinture Carrosserie. Indumix est le syst\u00e8me tintom\u00e9trique de pr\u00e9cision pour la couleur et la gamme de teintes.","og_url":"https:\/\/paint-car.com\/fr\/nautifill\/","og_site_name":"PaintCar","article_publisher":"https:\/\/www.facebook.com\/profile.php?id=61574894891270","article_modified_time":"2026-04-21T08:57:04+00:00","og_image":[{"width":2048,"height":2048,"url":"https:\/\/paint-car.com\/wp-content\/uploads\/Indumix_Masilla_Epoxy.jpg","type":"image\/jpeg"}],"twitter_card":"summary_large_image","twitter_misc":{"Dur\u00e9e de lecture estim\u00e9e":"1 minute"},"schema":{"@context":"https:\/\/schema.org","@graph":[{"@type":"WebPage","@id":"https:\/\/paint-car.com\/fr\/nautifill\/","url":"https:\/\/paint-car.com\/fr\/nautifill\/","name":"Syst\u00e8me Tintom\u00e9trique pour Peinture Carrosserie - PaintCar","isPartOf":{"@id":"https:\/\/paint-car.com\/#website"},"primaryImageOfPage":{"@id":"https:\/\/paint-car.com\/fr\/nautifill\/#primaryimage"},"image":{"@id":"https:\/\/paint-car.com\/fr\/nautifill\/#primaryimage"},"thumbnailUrl":"https:\/\/paint-car.com\/wp-content\/uploads\/Indumix_Masilla_Epoxy-1024x1024.jpg","datePublished":"2026-04-17T07:43:13+00:00","dateModified":"2026-04-21T08:57:04+00:00","description":"Syst\u00e8me Tintom\u00e9trique pour Peinture Carrosserie. Indumix est le syst\u00e8me tintom\u00e9trique de pr\u00e9cision pour la couleur et la gamme de teintes.","breadcrumb":{"@id":"https:\/\/paint-car.com\/fr\/nautifill\/#breadcrumb"},"inLanguage":"fr-FR","potentialAction":[{"@type":"ReadAction","target":["https:\/\/paint-car.com\/fr\/nautifill\/"]}]},{"@type":"ImageObject","inLanguage":"fr-FR","@id":"https:\/\/paint-car.com\/fr\/nautifill\/#primaryimage","url":"https:\/\/paint-car.com\/wp-content\/uploads\/Indumix_Masilla_Epoxy-1024x1024.jpg","contentUrl":"https:\/\/paint-car.com\/wp-content\/uploads\/Indumix_Masilla_Epoxy-1024x1024.jpg"},{"@type":"BreadcrumbList","@id":"https:\/\/paint-car.com\/fr\/nautifill\/#breadcrumb","itemListElement":[{"@type":"ListItem","position":1,"name":"Inicio","item":"https:\/\/paint-car.com\/"},{"@type":"ListItem","position":2,"name":"Nautifill"}]},{"@type":"WebSite","@id":"https:\/\/paint-car.com\/#website","url":"https:\/\/paint-car.com\/","name":"PaintCar","description":"Soluciones al repintado - Refinish Solutions","publisher":{"@id":"https:\/\/paint-car.com\/#organization"},"alternateName":"PaintCar","potentialAction":[{"@type":"SearchAction","target":{"@type":"EntryPoint","urlTemplate":"https:\/\/paint-car.com\/?s={search_term_string}"},"query-input":{"@type":"PropertyValueSpecification","valueRequired":true,"valueName":"search_term_string"}}],"inLanguage":"fr-FR"},{"@type":"Organization","@id":"https:\/\/paint-car.com\/#organization","name":"PaintCar","alternateName":"PaintCar - SOLUCIONES DE PINTURA PARA AUTOMOCI\u00d3N Y ANEXOS","url":"https:\/\/paint-car.com\/","logo":{"@type":"ImageObject","inLanguage":"fr-FR","@id":"https:\/\/paint-car.com\/#\/schema\/logo\/image\/","url":"https:\/\/paint-car.com\/wp-content\/uploads\/2024\/10\/PaintCar.svg","contentUrl":"https:\/\/paint-car.com\/wp-content\/uploads\/2024\/10\/PaintCar.svg","width":1,"height":1,"caption":"PaintCar"},"image":{"@id":"https:\/\/paint-car.com\/#\/schema\/logo\/image\/"},"sameAs":["https:\/\/www.facebook.com\/profile.php?id=61574894891270","https:\/\/www.instagram.com\/paintcarsolutions\/","https:\/\/www.tiktok.com\/@paintcaroficial"]}]}},"_links":{"self":[{"href":"https:\/\/paint-car.com\/fr\/wp-json\/wp\/v2\/pages\/5088","targetHints":{"allow":["GET"]}}],"collection":[{"href":"https:\/\/paint-car.com\/fr\/wp-json\/wp\/v2\/pages"}],"about":[{"href":"https:\/\/paint-car.com\/fr\/wp-json\/wp\/v2\/types\/page"}],"author":[{"embeddable":true,"href":"https:\/\/paint-car.com\/fr\/wp-json\/wp\/v2\/users\/1"}],"replies":[{"embeddable":true,"href":"https:\/\/paint-car.com\/fr\/wp-json\/wp\/v2\/comments?post=5088"}],"version-history":[{"count":26,"href":"https:\/\/paint-car.com\/fr\/wp-json\/wp\/v2\/pages\/5088\/revisions"}],"predecessor-version":[{"id":5123,"href":"https:\/\/paint-car.com\/fr\/wp-json\/wp\/v2\/pages\/5088\/revisions\/5123"}],"wp:attachment":[{"href":"https:\/\/paint-car.com\/fr\/wp-json\/wp\/v2\/media?parent=5088"}],"curies":[{"name":"wp","href":"https:\/\/api.w.org\/{rel}","templated":true}]}}