{"id":2853,"date":"2025-02-07T10:46:18","date_gmt":"2025-02-07T09:46:18","guid":{"rendered":"https:\/\/new.paint-car.com\/productos\/non class\u00e9\/pate-pigmentaire\/"},"modified":"2025-02-07T10:46:18","modified_gmt":"2025-02-07T09:46:18","slug":"pate-pigmentaire","status":"publish","type":"product","link":"https:\/\/paint-car.com\/fr\/productos\/indumix-fr\/pate-pigmentaire\/","title":{"rendered":"P\u00c2TE PIGMENTAIRE"},"content":{"rendered":"<p>Les pigments doivent assurer une excellente r\u00e9sistance aux intemp\u00e9ries et \u00e0 la lumi\u00e8re, garantir la reproduction des couleurs entre les diff\u00e9rents lots et offrir une compatibilit\u00e9 et une stabilit\u00e9 au stockage.<\/p>\n<p><strong>Cod. 3321012 <\/strong>  &#8211; 6000 Control base \/ Contr\u00f4leur Base \/ Base Controller<br \/>\n<strong>Cod. 3321001 <\/strong>  &#8211; 6001 Blanco \/ Blanc \/ White<br \/>\n<strong>Cod. 3321002 <\/strong>  &#8211; 6004 Ocre \/ Ocre \/ Ochre \/ Ochre<br \/>\n<strong>Cod. 3321016 <\/strong>  &#8211; 6006 Red Earth \/ Rouge Terre \/ Earth Red<br \/>\n<strong>Cod. 3321006 <\/strong>  &#8211; 6007 Azul \/ Bleu \/ Blue<br \/>\n<strong>Cod. 3321007 <\/strong>  &#8211; 6008 Negro Mezclas \/ Noir M\u00e9langes \/ Mixing Black<br \/>\n<strong>Cod. 3321017 <\/strong>  &#8211; 6009 Rojo Vivo \/ Rouge Vif \/ Bright Red<br \/>\n<strong>Cod. 3321004 <\/strong>  &#8211; 6010 Negro Profundo \/ Deep Black \/ Noir Profond \/ Deep Black<br \/>\n<strong>Cod. 3321018 <\/strong>  &#8211; 6011 Rouge \/ Rouge \/ Rouge<br \/>\n<strong>Cod. 3321019 <\/strong>  &#8211; 6012 Rojo Magenta \/ Rouge Magenta \/ Magenta Red<br \/>\n<strong>Cod. 3321005 <\/strong>  &#8211; 6013 Azul Luminoso \/ Bleu Lumineux \/ Bright Blue<br \/>\n<strong>Cod. 3321020 <\/strong>  &#8211; 6014 Violet \/ Violet \/ Violet<br \/>\n<strong>Cod. 3321009 <\/strong>  &#8211; 6015 Verde \/ Vert \/ Green<br \/>\n<strong>Cod. 3321021 <\/strong>  &#8211; 6016 Amarillo Liso \/ Jaune Uni \/ Plain Yellow<br \/>\n<strong>Cod. 3321023 <\/strong>  &#8211; 6018 Amarillo Dorado \/ Jaune Dor\u00e9 \/ Golden Yellow<br \/>\n<strong>Cod. 3321024 <\/strong>  &#8211; 6019 Amarillo Org\u00e1nico \/ Jaune Organique \/ Organic Yellow<br \/>\n<strong>Cod. 3321025 <\/strong>  &#8211; 6020 Naranja Org\u00e1nico \/ Organic Orange \/ Orange Organique \/ Organic Orange<br \/>\n<strong>Cod. 3321026 <\/strong>  &#8211; 6021 Rosado \/ Rose \/ Pink<br \/>\n<strong>Cod. 3321050 <\/strong>  &#8211; 6022 Amarillo Intenso \/ Jaune Fonc\u00e9 \/ Deep Yellow<br \/>\n<strong>Cod. 3321051 <\/strong>  &#8211; 6023 Naranja Intenso \/ Orange Fonc\u00e9 \/ Deep Orange<br \/>\n<strong>Cod. 3321010 <\/strong>  &#8211; 6900 Aluminio Fino \/ Aluminium Fin \/ Fine Aluminum<br \/>\n<strong>Cod. 3321011 <\/strong>  &#8211; 6901 Aluminium Medium \/ Aluminium Moyen \/ Medium Aluminum<br \/>\n<strong>Cod. 3321003 <\/strong>  &#8211; 6902 Aluminio Grueso \/ Aluminium \u00c9pais \/ Coarse Aluminum<br \/>\n<strong>Cod. 3321013 <\/strong>  &#8211; 7000 Perlado Blanco \/ Blanc Nacr\u00e9 \/ Pearly White<\/p>\n","protected":false},"excerpt":{"rendered":"<p>Pigments \u00e0 couleur stable<\/p>\n","protected":false},"featured_media":2825,"template":"","meta":{"_acf_changed":false},"product_brand":[],"product_cat":[89],"product_tag":[],"class_list":{"0":"post-2853","1":"product","2":"type-product","3":"status-publish","4":"has-post-thumbnail","6":"product_cat-indumix-fr","8":"first","9":"outofstock","10":"shipping-taxable","11":"product-type-simple"},"acf":[],"yoast_head":"<!-- This site is optimized with the Yoast SEO plugin v27.5 - https:\/\/yoast.com\/product\/yoast-seo-wordpress\/ -->\n<title>P\u00c2TE PIGMENTAIRE - PaintCar<\/title>\n<meta name=\"robots\" content=\"index, follow, max-snippet:-1, max-image-preview:large, max-video-preview:-1\" \/>\n<link rel=\"canonical\" href=\"https:\/\/paint-car.com\/fr\/productos\/indumix-fr\/pate-pigmentaire\/\" \/>\n<meta property=\"og:locale\" content=\"fr_FR\" \/>\n<meta property=\"og:type\" content=\"article\" \/>\n<meta property=\"og:title\" content=\"P\u00c2TE PIGMENTAIRE - PaintCar\" \/>\n<meta property=\"og:description\" content=\"Pigments \u00e0 couleur stable\" \/>\n<meta property=\"og:url\" content=\"https:\/\/paint-car.com\/fr\/productos\/indumix-fr\/pate-pigmentaire\/\" \/>\n<meta property=\"og:site_name\" content=\"PaintCar\" \/>\n<meta property=\"article:publisher\" content=\"https:\/\/www.facebook.com\/profile.php?id=61574894891270\" \/>\n<meta property=\"og:image\" content=\"https:\/\/paint-car.com\/wp-content\/uploads\/2025\/02\/envas_indumix.jpg\" \/>\n\t<meta property=\"og:image:width\" content=\"1000\" \/>\n\t<meta property=\"og:image:height\" content=\"1000\" \/>\n\t<meta property=\"og:image:type\" content=\"image\/jpeg\" \/>\n<meta name=\"twitter:card\" content=\"summary_large_image\" \/>\n<meta name=\"twitter:label1\" content=\"Dur\u00e9e de lecture estim\u00e9e\" \/>\n\t<meta name=\"twitter:data1\" content=\"1 minute\" \/>\n<script type=\"application\/ld+json\" class=\"yoast-schema-graph\">{\"@context\":\"https:\\\/\\\/schema.org\",\"@graph\":[{\"@type\":\"WebPage\",\"@id\":\"https:\\\/\\\/paint-car.com\\\/fr\\\/productos\\\/indumix-fr\\\/pate-pigmentaire\\\/\",\"url\":\"https:\\\/\\\/paint-car.com\\\/fr\\\/productos\\\/indumix-fr\\\/pate-pigmentaire\\\/\",\"name\":\"P\u00c2TE PIGMENTAIRE - PaintCar\",\"isPartOf\":{\"@id\":\"https:\\\/\\\/paint-car.com\\\/#website\"},\"primaryImageOfPage\":{\"@id\":\"https:\\\/\\\/paint-car.com\\\/fr\\\/productos\\\/indumix-fr\\\/pate-pigmentaire\\\/#primaryimage\"},\"image\":{\"@id\":\"https:\\\/\\\/paint-car.com\\\/fr\\\/productos\\\/indumix-fr\\\/pate-pigmentaire\\\/#primaryimage\"},\"thumbnailUrl\":\"https:\\\/\\\/paint-car.com\\\/wp-content\\\/uploads\\\/2025\\\/02\\\/envas_indumix.jpg\",\"datePublished\":\"2025-02-07T09:46:18+00:00\",\"breadcrumb\":{\"@id\":\"https:\\\/\\\/paint-car.com\\\/fr\\\/productos\\\/indumix-fr\\\/pate-pigmentaire\\\/#breadcrumb\"},\"inLanguage\":\"fr-FR\",\"potentialAction\":[{\"@type\":\"ReadAction\",\"target\":[\"https:\\\/\\\/paint-car.com\\\/fr\\\/productos\\\/indumix-fr\\\/pate-pigmentaire\\\/\"]}]},{\"@type\":\"ImageObject\",\"inLanguage\":\"fr-FR\",\"@id\":\"https:\\\/\\\/paint-car.com\\\/fr\\\/productos\\\/indumix-fr\\\/pate-pigmentaire\\\/#primaryimage\",\"url\":\"https:\\\/\\\/paint-car.com\\\/wp-content\\\/uploads\\\/2025\\\/02\\\/envas_indumix.jpg\",\"contentUrl\":\"https:\\\/\\\/paint-car.com\\\/wp-content\\\/uploads\\\/2025\\\/02\\\/envas_indumix.jpg\",\"width\":1000,\"height\":1000},{\"@type\":\"BreadcrumbList\",\"@id\":\"https:\\\/\\\/paint-car.com\\\/fr\\\/productos\\\/indumix-fr\\\/pate-pigmentaire\\\/#breadcrumb\",\"itemListElement\":[{\"@type\":\"ListItem\",\"position\":1,\"name\":\"Inicio\",\"item\":\"https:\\\/\\\/paint-car.com\\\/\"},{\"@type\":\"ListItem\",\"position\":2,\"name\":\"Produits\",\"item\":\"https:\\\/\\\/paint-car.com\\\/fr\\\/boutique\\\/\"},{\"@type\":\"ListItem\",\"position\":3,\"name\":\"P\u00c2TE PIGMENTAIRE\"}]},{\"@type\":\"WebSite\",\"@id\":\"https:\\\/\\\/paint-car.com\\\/#website\",\"url\":\"https:\\\/\\\/paint-car.com\\\/\",\"name\":\"PaintCar\",\"description\":\"Soluciones al repintado - Refinish Solutions\",\"publisher\":{\"@id\":\"https:\\\/\\\/paint-car.com\\\/#organization\"},\"alternateName\":\"PaintCar\",\"potentialAction\":[{\"@type\":\"SearchAction\",\"target\":{\"@type\":\"EntryPoint\",\"urlTemplate\":\"https:\\\/\\\/paint-car.com\\\/?s={search_term_string}\"},\"query-input\":{\"@type\":\"PropertyValueSpecification\",\"valueRequired\":true,\"valueName\":\"search_term_string\"}}],\"inLanguage\":\"fr-FR\"},{\"@type\":\"Organization\",\"@id\":\"https:\\\/\\\/paint-car.com\\\/#organization\",\"name\":\"PaintCar\",\"alternateName\":\"PaintCar - SOLUCIONES DE PINTURA PARA AUTOMOCI\u00d3N Y ANEXOS\",\"url\":\"https:\\\/\\\/paint-car.com\\\/\",\"logo\":{\"@type\":\"ImageObject\",\"inLanguage\":\"fr-FR\",\"@id\":\"https:\\\/\\\/paint-car.com\\\/#\\\/schema\\\/logo\\\/image\\\/\",\"url\":\"https:\\\/\\\/paint-car.com\\\/wp-content\\\/uploads\\\/2024\\\/10\\\/PaintCar.svg\",\"contentUrl\":\"https:\\\/\\\/paint-car.com\\\/wp-content\\\/uploads\\\/2024\\\/10\\\/PaintCar.svg\",\"width\":1,\"height\":1,\"caption\":\"PaintCar\"},\"image\":{\"@id\":\"https:\\\/\\\/paint-car.com\\\/#\\\/schema\\\/logo\\\/image\\\/\"},\"sameAs\":[\"https:\\\/\\\/www.facebook.com\\\/profile.php?id=61574894891270\",\"https:\\\/\\\/www.instagram.com\\\/paintcarsolutions\\\/\",\"https:\\\/\\\/www.tiktok.com\\\/@paintcaroficial\"]}]}<\/script>\n<!-- \/ Yoast SEO plugin. -->","yoast_head_json":{"title":"P\u00c2TE PIGMENTAIRE - PaintCar","robots":{"index":"index","follow":"follow","max-snippet":"max-snippet:-1","max-image-preview":"max-image-preview:large","max-video-preview":"max-video-preview:-1"},"canonical":"https:\/\/paint-car.com\/fr\/productos\/indumix-fr\/pate-pigmentaire\/","og_locale":"fr_FR","og_type":"article","og_title":"P\u00c2TE PIGMENTAIRE - PaintCar","og_description":"Pigments \u00e0 couleur stable","og_url":"https:\/\/paint-car.com\/fr\/productos\/indumix-fr\/pate-pigmentaire\/","og_site_name":"PaintCar","article_publisher":"https:\/\/www.facebook.com\/profile.php?id=61574894891270","og_image":[{"width":1000,"height":1000,"url":"https:\/\/paint-car.com\/wp-content\/uploads\/2025\/02\/envas_indumix.jpg","type":"image\/jpeg"}],"twitter_card":"summary_large_image","twitter_misc":{"Dur\u00e9e de lecture estim\u00e9e":"1 minute"},"schema":{"@context":"https:\/\/schema.org","@graph":[{"@type":"WebPage","@id":"https:\/\/paint-car.com\/fr\/productos\/indumix-fr\/pate-pigmentaire\/","url":"https:\/\/paint-car.com\/fr\/productos\/indumix-fr\/pate-pigmentaire\/","name":"P\u00c2TE PIGMENTAIRE - PaintCar","isPartOf":{"@id":"https:\/\/paint-car.com\/#website"},"primaryImageOfPage":{"@id":"https:\/\/paint-car.com\/fr\/productos\/indumix-fr\/pate-pigmentaire\/#primaryimage"},"image":{"@id":"https:\/\/paint-car.com\/fr\/productos\/indumix-fr\/pate-pigmentaire\/#primaryimage"},"thumbnailUrl":"https:\/\/paint-car.com\/wp-content\/uploads\/2025\/02\/envas_indumix.jpg","datePublished":"2025-02-07T09:46:18+00:00","breadcrumb":{"@id":"https:\/\/paint-car.com\/fr\/productos\/indumix-fr\/pate-pigmentaire\/#breadcrumb"},"inLanguage":"fr-FR","potentialAction":[{"@type":"ReadAction","target":["https:\/\/paint-car.com\/fr\/productos\/indumix-fr\/pate-pigmentaire\/"]}]},{"@type":"ImageObject","inLanguage":"fr-FR","@id":"https:\/\/paint-car.com\/fr\/productos\/indumix-fr\/pate-pigmentaire\/#primaryimage","url":"https:\/\/paint-car.com\/wp-content\/uploads\/2025\/02\/envas_indumix.jpg","contentUrl":"https:\/\/paint-car.com\/wp-content\/uploads\/2025\/02\/envas_indumix.jpg","width":1000,"height":1000},{"@type":"BreadcrumbList","@id":"https:\/\/paint-car.com\/fr\/productos\/indumix-fr\/pate-pigmentaire\/#breadcrumb","itemListElement":[{"@type":"ListItem","position":1,"name":"Inicio","item":"https:\/\/paint-car.com\/"},{"@type":"ListItem","position":2,"name":"Produits","item":"https:\/\/paint-car.com\/fr\/boutique\/"},{"@type":"ListItem","position":3,"name":"P\u00c2TE PIGMENTAIRE"}]},{"@type":"WebSite","@id":"https:\/\/paint-car.com\/#website","url":"https:\/\/paint-car.com\/","name":"PaintCar","description":"Soluciones al repintado - Refinish Solutions","publisher":{"@id":"https:\/\/paint-car.com\/#organization"},"alternateName":"PaintCar","potentialAction":[{"@type":"SearchAction","target":{"@type":"EntryPoint","urlTemplate":"https:\/\/paint-car.com\/?s={search_term_string}"},"query-input":{"@type":"PropertyValueSpecification","valueRequired":true,"valueName":"search_term_string"}}],"inLanguage":"fr-FR"},{"@type":"Organization","@id":"https:\/\/paint-car.com\/#organization","name":"PaintCar","alternateName":"PaintCar - SOLUCIONES DE PINTURA PARA AUTOMOCI\u00d3N Y ANEXOS","url":"https:\/\/paint-car.com\/","logo":{"@type":"ImageObject","inLanguage":"fr-FR","@id":"https:\/\/paint-car.com\/#\/schema\/logo\/image\/","url":"https:\/\/paint-car.com\/wp-content\/uploads\/2024\/10\/PaintCar.svg","contentUrl":"https:\/\/paint-car.com\/wp-content\/uploads\/2024\/10\/PaintCar.svg","width":1,"height":1,"caption":"PaintCar"},"image":{"@id":"https:\/\/paint-car.com\/#\/schema\/logo\/image\/"},"sameAs":["https:\/\/www.facebook.com\/profile.php?id=61574894891270","https:\/\/www.instagram.com\/paintcarsolutions\/","https:\/\/www.tiktok.com\/@paintcaroficial"]}]}},"_links":{"self":[{"href":"https:\/\/paint-car.com\/fr\/wp-json\/wp\/v2\/product\/2853","targetHints":{"allow":["GET"]}}],"collection":[{"href":"https:\/\/paint-car.com\/fr\/wp-json\/wp\/v2\/product"}],"about":[{"href":"https:\/\/paint-car.com\/fr\/wp-json\/wp\/v2\/types\/product"}],"wp:featuredmedia":[{"embeddable":true,"href":"https:\/\/paint-car.com\/fr\/wp-json\/wp\/v2\/media\/2825"}],"wp:attachment":[{"href":"https:\/\/paint-car.com\/fr\/wp-json\/wp\/v2\/media?parent=2853"}],"wp:term":[{"taxonomy":"product_brand","embeddable":true,"href":"https:\/\/paint-car.com\/fr\/wp-json\/wp\/v2\/product_brand?post=2853"},{"taxonomy":"product_cat","embeddable":true,"href":"https:\/\/paint-car.com\/fr\/wp-json\/wp\/v2\/product_cat?post=2853"},{"taxonomy":"product_tag","embeddable":true,"href":"https:\/\/paint-car.com\/fr\/wp-json\/wp\/v2\/product_tag?post=2853"}],"curies":[{"name":"wp","href":"https:\/\/api.w.org\/{rel}","templated":true}]}}