{"id":2854,"date":"2025-01-24T16:16:11","date_gmt":"2025-01-24T15:16:11","guid":{"rendered":"https:\/\/new.paint-car.com\/productos\/non class\u00e9\/clair-sublime\/"},"modified":"2025-01-24T16:16:11","modified_gmt":"2025-01-24T15:16:11","slug":"clair-sublime","status":"publish","type":"product","link":"https:\/\/paint-car.com\/fr\/productos\/vernis\/clair-sublime\/","title":{"rendered":"CLAIR SUBLIME"},"content":{"rendered":"<p>Le vernis 2K \u00e0 ultra-haut extrait sec conforme aux COV offre un s\u00e9chage rapide, une duret\u00e9 et une brillance excellentes, et une application facile. Il est id\u00e9al pour les r\u00e9parations rapides et tous les types de retouches, partielles ou totales, garantissant une r\u00e9sistance maximale aux facteurs environnementaux et une durabilit\u00e9 prolong\u00e9e. <\/p>\n<p><strong>Cod. 3303146 <\/strong>  &#8211; R\u00e9cipient de 5 L<\/p>\n<p><strong>CATALYSEUR (m\u00e9lange 2:1) :<\/strong><br \/>\n<strong>Cod. 3303055 <\/strong>  &#8211; C1000 UHS Global Lento &#8211; R\u00e9cipient de 1 L \/ 2,5 L (cod. 3303056)<br \/>\n<strong>Cod. 3303057 <\/strong>  &#8211; C2000 UHS Global Standard &#8211; Emballage 1 L \/ 2,5 L (cod. 3303058)<br \/>\n<strong>Cod. 3303059 <\/strong>  &#8211; C3000 UHS Global Fast &#8211; R\u00e9cipient de 1 L \/ 2,5 L (cod. 3303060)<br \/>\n<strong>Cod. 3303147 <\/strong>  &#8211; C4000 UHS Global Extra Fast &#8211; Pack 1 L<\/p>\n","protected":false},"excerpt":{"rendered":"<p>Vernis UHS Rapido 2K<\/p>\n","protected":false},"featured_media":2627,"template":"","meta":{"_acf_changed":false},"product_brand":[],"product_cat":[87],"product_tag":[],"class_list":{"0":"post-2854","1":"product","2":"type-product","3":"status-publish","4":"has-post-thumbnail","6":"product_cat-vernis","8":"first","9":"outofstock","10":"shipping-taxable","11":"product-type-variable"},"acf":[],"yoast_head":"<!-- This site is optimized with the Yoast SEO plugin v27.5 - https:\/\/yoast.com\/product\/yoast-seo-wordpress\/ -->\n<title>CLAIR SUBLIME - PaintCar<\/title>\n<meta name=\"robots\" content=\"index, follow, max-snippet:-1, max-image-preview:large, max-video-preview:-1\" \/>\n<link rel=\"canonical\" href=\"https:\/\/paint-car.com\/fr\/productos\/vernis\/clair-sublime\/\" \/>\n<meta property=\"og:locale\" content=\"fr_FR\" \/>\n<meta property=\"og:type\" content=\"article\" \/>\n<meta property=\"og:title\" content=\"CLAIR SUBLIME - PaintCar\" \/>\n<meta property=\"og:description\" content=\"Vernis UHS Rapido 2K\" \/>\n<meta property=\"og:url\" content=\"https:\/\/paint-car.com\/fr\/productos\/vernis\/clair-sublime\/\" \/>\n<meta property=\"og:site_name\" content=\"PaintCar\" \/>\n<meta property=\"article:publisher\" content=\"https:\/\/www.facebook.com\/profile.php?id=61574894891270\" \/>\n<meta property=\"og:image\" content=\"https:\/\/paint-car.com\/wp-content\/uploads\/2025\/01\/barniz_paintcar.jpg\" \/>\n\t<meta property=\"og:image:width\" content=\"1000\" \/>\n\t<meta property=\"og:image:height\" content=\"984\" \/>\n\t<meta property=\"og:image:type\" content=\"image\/jpeg\" \/>\n<meta name=\"twitter:card\" content=\"summary_large_image\" \/>\n<meta name=\"twitter:label1\" content=\"Dur\u00e9e de lecture estim\u00e9e\" \/>\n\t<meta name=\"twitter:data1\" content=\"1 minute\" \/>\n<script type=\"application\/ld+json\" class=\"yoast-schema-graph\">{\"@context\":\"https:\\\/\\\/schema.org\",\"@graph\":[{\"@type\":\"WebPage\",\"@id\":\"https:\\\/\\\/paint-car.com\\\/fr\\\/productos\\\/vernis\\\/clair-sublime\\\/\",\"url\":\"https:\\\/\\\/paint-car.com\\\/fr\\\/productos\\\/vernis\\\/clair-sublime\\\/\",\"name\":\"CLAIR SUBLIME - PaintCar\",\"isPartOf\":{\"@id\":\"https:\\\/\\\/paint-car.com\\\/#website\"},\"primaryImageOfPage\":{\"@id\":\"https:\\\/\\\/paint-car.com\\\/fr\\\/productos\\\/vernis\\\/clair-sublime\\\/#primaryimage\"},\"image\":{\"@id\":\"https:\\\/\\\/paint-car.com\\\/fr\\\/productos\\\/vernis\\\/clair-sublime\\\/#primaryimage\"},\"thumbnailUrl\":\"https:\\\/\\\/paint-car.com\\\/wp-content\\\/uploads\\\/2025\\\/01\\\/barniz_paintcar.jpg\",\"datePublished\":\"2025-01-24T15:16:11+00:00\",\"breadcrumb\":{\"@id\":\"https:\\\/\\\/paint-car.com\\\/fr\\\/productos\\\/vernis\\\/clair-sublime\\\/#breadcrumb\"},\"inLanguage\":\"fr-FR\",\"potentialAction\":[{\"@type\":\"ReadAction\",\"target\":[\"https:\\\/\\\/paint-car.com\\\/fr\\\/productos\\\/vernis\\\/clair-sublime\\\/\"]}]},{\"@type\":\"ImageObject\",\"inLanguage\":\"fr-FR\",\"@id\":\"https:\\\/\\\/paint-car.com\\\/fr\\\/productos\\\/vernis\\\/clair-sublime\\\/#primaryimage\",\"url\":\"https:\\\/\\\/paint-car.com\\\/wp-content\\\/uploads\\\/2025\\\/01\\\/barniz_paintcar.jpg\",\"contentUrl\":\"https:\\\/\\\/paint-car.com\\\/wp-content\\\/uploads\\\/2025\\\/01\\\/barniz_paintcar.jpg\",\"width\":1000,\"height\":984,\"caption\":\"peinture vernis voiture\"},{\"@type\":\"BreadcrumbList\",\"@id\":\"https:\\\/\\\/paint-car.com\\\/fr\\\/productos\\\/vernis\\\/clair-sublime\\\/#breadcrumb\",\"itemListElement\":[{\"@type\":\"ListItem\",\"position\":1,\"name\":\"Inicio\",\"item\":\"https:\\\/\\\/paint-car.com\\\/\"},{\"@type\":\"ListItem\",\"position\":2,\"name\":\"Produits\",\"item\":\"https:\\\/\\\/paint-car.com\\\/fr\\\/boutique\\\/\"},{\"@type\":\"ListItem\",\"position\":3,\"name\":\"CLAIR SUBLIME\"}]},{\"@type\":\"WebSite\",\"@id\":\"https:\\\/\\\/paint-car.com\\\/#website\",\"url\":\"https:\\\/\\\/paint-car.com\\\/\",\"name\":\"PaintCar\",\"description\":\"Soluciones al repintado - Refinish Solutions\",\"publisher\":{\"@id\":\"https:\\\/\\\/paint-car.com\\\/#organization\"},\"alternateName\":\"PaintCar\",\"potentialAction\":[{\"@type\":\"SearchAction\",\"target\":{\"@type\":\"EntryPoint\",\"urlTemplate\":\"https:\\\/\\\/paint-car.com\\\/?s={search_term_string}\"},\"query-input\":{\"@type\":\"PropertyValueSpecification\",\"valueRequired\":true,\"valueName\":\"search_term_string\"}}],\"inLanguage\":\"fr-FR\"},{\"@type\":\"Organization\",\"@id\":\"https:\\\/\\\/paint-car.com\\\/#organization\",\"name\":\"PaintCar\",\"alternateName\":\"PaintCar - SOLUCIONES DE PINTURA PARA AUTOMOCI\u00d3N Y ANEXOS\",\"url\":\"https:\\\/\\\/paint-car.com\\\/\",\"logo\":{\"@type\":\"ImageObject\",\"inLanguage\":\"fr-FR\",\"@id\":\"https:\\\/\\\/paint-car.com\\\/#\\\/schema\\\/logo\\\/image\\\/\",\"url\":\"https:\\\/\\\/paint-car.com\\\/wp-content\\\/uploads\\\/2024\\\/10\\\/PaintCar.svg\",\"contentUrl\":\"https:\\\/\\\/paint-car.com\\\/wp-content\\\/uploads\\\/2024\\\/10\\\/PaintCar.svg\",\"width\":1,\"height\":1,\"caption\":\"PaintCar\"},\"image\":{\"@id\":\"https:\\\/\\\/paint-car.com\\\/#\\\/schema\\\/logo\\\/image\\\/\"},\"sameAs\":[\"https:\\\/\\\/www.facebook.com\\\/profile.php?id=61574894891270\",\"https:\\\/\\\/www.instagram.com\\\/paintcarsolutions\\\/\",\"https:\\\/\\\/www.tiktok.com\\\/@paintcaroficial\"]}]}<\/script>\n<!-- \/ Yoast SEO plugin. -->","yoast_head_json":{"title":"CLAIR SUBLIME - PaintCar","robots":{"index":"index","follow":"follow","max-snippet":"max-snippet:-1","max-image-preview":"max-image-preview:large","max-video-preview":"max-video-preview:-1"},"canonical":"https:\/\/paint-car.com\/fr\/productos\/vernis\/clair-sublime\/","og_locale":"fr_FR","og_type":"article","og_title":"CLAIR SUBLIME - PaintCar","og_description":"Vernis UHS Rapido 2K","og_url":"https:\/\/paint-car.com\/fr\/productos\/vernis\/clair-sublime\/","og_site_name":"PaintCar","article_publisher":"https:\/\/www.facebook.com\/profile.php?id=61574894891270","og_image":[{"width":1000,"height":984,"url":"https:\/\/paint-car.com\/wp-content\/uploads\/2025\/01\/barniz_paintcar.jpg","type":"image\/jpeg"}],"twitter_card":"summary_large_image","twitter_misc":{"Dur\u00e9e de lecture estim\u00e9e":"1 minute"},"schema":{"@context":"https:\/\/schema.org","@graph":[{"@type":"WebPage","@id":"https:\/\/paint-car.com\/fr\/productos\/vernis\/clair-sublime\/","url":"https:\/\/paint-car.com\/fr\/productos\/vernis\/clair-sublime\/","name":"CLAIR SUBLIME - PaintCar","isPartOf":{"@id":"https:\/\/paint-car.com\/#website"},"primaryImageOfPage":{"@id":"https:\/\/paint-car.com\/fr\/productos\/vernis\/clair-sublime\/#primaryimage"},"image":{"@id":"https:\/\/paint-car.com\/fr\/productos\/vernis\/clair-sublime\/#primaryimage"},"thumbnailUrl":"https:\/\/paint-car.com\/wp-content\/uploads\/2025\/01\/barniz_paintcar.jpg","datePublished":"2025-01-24T15:16:11+00:00","breadcrumb":{"@id":"https:\/\/paint-car.com\/fr\/productos\/vernis\/clair-sublime\/#breadcrumb"},"inLanguage":"fr-FR","potentialAction":[{"@type":"ReadAction","target":["https:\/\/paint-car.com\/fr\/productos\/vernis\/clair-sublime\/"]}]},{"@type":"ImageObject","inLanguage":"fr-FR","@id":"https:\/\/paint-car.com\/fr\/productos\/vernis\/clair-sublime\/#primaryimage","url":"https:\/\/paint-car.com\/wp-content\/uploads\/2025\/01\/barniz_paintcar.jpg","contentUrl":"https:\/\/paint-car.com\/wp-content\/uploads\/2025\/01\/barniz_paintcar.jpg","width":1000,"height":984,"caption":"peinture vernis voiture"},{"@type":"BreadcrumbList","@id":"https:\/\/paint-car.com\/fr\/productos\/vernis\/clair-sublime\/#breadcrumb","itemListElement":[{"@type":"ListItem","position":1,"name":"Inicio","item":"https:\/\/paint-car.com\/"},{"@type":"ListItem","position":2,"name":"Produits","item":"https:\/\/paint-car.com\/fr\/boutique\/"},{"@type":"ListItem","position":3,"name":"CLAIR SUBLIME"}]},{"@type":"WebSite","@id":"https:\/\/paint-car.com\/#website","url":"https:\/\/paint-car.com\/","name":"PaintCar","description":"Soluciones al repintado - Refinish Solutions","publisher":{"@id":"https:\/\/paint-car.com\/#organization"},"alternateName":"PaintCar","potentialAction":[{"@type":"SearchAction","target":{"@type":"EntryPoint","urlTemplate":"https:\/\/paint-car.com\/?s={search_term_string}"},"query-input":{"@type":"PropertyValueSpecification","valueRequired":true,"valueName":"search_term_string"}}],"inLanguage":"fr-FR"},{"@type":"Organization","@id":"https:\/\/paint-car.com\/#organization","name":"PaintCar","alternateName":"PaintCar - SOLUCIONES DE PINTURA PARA AUTOMOCI\u00d3N Y ANEXOS","url":"https:\/\/paint-car.com\/","logo":{"@type":"ImageObject","inLanguage":"fr-FR","@id":"https:\/\/paint-car.com\/#\/schema\/logo\/image\/","url":"https:\/\/paint-car.com\/wp-content\/uploads\/2024\/10\/PaintCar.svg","contentUrl":"https:\/\/paint-car.com\/wp-content\/uploads\/2024\/10\/PaintCar.svg","width":1,"height":1,"caption":"PaintCar"},"image":{"@id":"https:\/\/paint-car.com\/#\/schema\/logo\/image\/"},"sameAs":["https:\/\/www.facebook.com\/profile.php?id=61574894891270","https:\/\/www.instagram.com\/paintcarsolutions\/","https:\/\/www.tiktok.com\/@paintcaroficial"]}]}},"_links":{"self":[{"href":"https:\/\/paint-car.com\/fr\/wp-json\/wp\/v2\/product\/2854","targetHints":{"allow":["GET"]}}],"collection":[{"href":"https:\/\/paint-car.com\/fr\/wp-json\/wp\/v2\/product"}],"about":[{"href":"https:\/\/paint-car.com\/fr\/wp-json\/wp\/v2\/types\/product"}],"wp:featuredmedia":[{"embeddable":true,"href":"https:\/\/paint-car.com\/fr\/wp-json\/wp\/v2\/media\/2627"}],"wp:attachment":[{"href":"https:\/\/paint-car.com\/fr\/wp-json\/wp\/v2\/media?parent=2854"}],"wp:term":[{"taxonomy":"product_brand","embeddable":true,"href":"https:\/\/paint-car.com\/fr\/wp-json\/wp\/v2\/product_brand?post=2854"},{"taxonomy":"product_cat","embeddable":true,"href":"https:\/\/paint-car.com\/fr\/wp-json\/wp\/v2\/product_cat?post=2854"},{"taxonomy":"product_tag","embeddable":true,"href":"https:\/\/paint-car.com\/fr\/wp-json\/wp\/v2\/product_tag?post=2854"}],"curies":[{"name":"wp","href":"https:\/\/api.w.org\/{rel}","templated":true}]}}