{"id":2989,"date":"2025-02-20T15:27:20","date_gmt":"2025-02-20T14:27:20","guid":{"rendered":"https:\/\/new.paint-car.com\/productos\/non class\u00e9\/pur-nc-504\/"},"modified":"2025-02-20T15:27:20","modified_gmt":"2025-02-20T14:27:20","slug":"pur-nc-504","status":"publish","type":"product","link":"https:\/\/paint-car.com\/fr\/productos\/indumix-fr\/pur-nc-504\/","title":{"rendered":"PUR NC-504"},"content":{"rendered":"<p>Convertisseur polyur\u00e9thane \u00e0 base de r\u00e9sine, facile \u00e0 appliquer, finition brillante, durable et de qualit\u00e9 sans jaunissement. S\u00e9chage \u00e0 l&rsquo;air et \u00e0 la chaleur. Appliquez une fine couche sur les nouveaux substrats appr\u00eat\u00e9s ou pour repeindre d&rsquo;anciennes peintures.  <\/p>\n<p><strong>Cod. 3318122   <\/strong>&#8211; Brillant &#8211; Contenance : 2,88 L<br \/>\n<strong>Cod. 3318123   <\/strong>&#8211; Brillant &#8211; Contenant : 10,80 L<\/p>\n<p>Catalyseur \/ Durcisseur \/ Durcisseur : HS Series PaintCar<br \/>\nM\u00e9lange 2:1<\/p>\n","protected":false},"excerpt":{"rendered":"<p><strong>CONVERTER<\/strong> &#8211; Polyur\u00e9thane 2K<\/p>\n","protected":false},"featured_media":2825,"template":"","meta":{"_acf_changed":false},"product_brand":[],"product_cat":[89],"product_tag":[],"class_list":{"0":"post-2989","1":"product","2":"type-product","3":"status-publish","4":"has-post-thumbnail","6":"product_cat-indumix-fr","8":"first","9":"outofstock","10":"shipping-taxable","11":"product-type-simple"},"acf":[],"yoast_head":"<!-- This site is optimized with the Yoast SEO plugin v27.5 - https:\/\/yoast.com\/product\/yoast-seo-wordpress\/ -->\n<title>PUR NC-504 - PaintCar<\/title>\n<meta name=\"robots\" content=\"index, follow, max-snippet:-1, max-image-preview:large, max-video-preview:-1\" \/>\n<link rel=\"canonical\" href=\"https:\/\/paint-car.com\/fr\/productos\/indumix-fr\/pur-nc-504\/\" \/>\n<meta property=\"og:locale\" content=\"fr_FR\" \/>\n<meta property=\"og:type\" content=\"article\" \/>\n<meta property=\"og:title\" content=\"PUR NC-504 - PaintCar\" \/>\n<meta property=\"og:description\" content=\"CONVERTER - Polyur\u00e9thane 2K\" \/>\n<meta property=\"og:url\" content=\"https:\/\/paint-car.com\/fr\/productos\/indumix-fr\/pur-nc-504\/\" \/>\n<meta property=\"og:site_name\" content=\"PaintCar\" \/>\n<meta property=\"article:publisher\" content=\"https:\/\/www.facebook.com\/profile.php?id=61574894891270\" \/>\n<meta property=\"og:image\" content=\"https:\/\/paint-car.com\/wp-content\/uploads\/2025\/02\/envas_indumix.jpg\" \/>\n\t<meta property=\"og:image:width\" content=\"1000\" \/>\n\t<meta property=\"og:image:height\" content=\"1000\" \/>\n\t<meta property=\"og:image:type\" content=\"image\/jpeg\" \/>\n<meta name=\"twitter:card\" content=\"summary_large_image\" \/>\n<script type=\"application\/ld+json\" class=\"yoast-schema-graph\">{\"@context\":\"https:\\\/\\\/schema.org\",\"@graph\":[{\"@type\":\"WebPage\",\"@id\":\"https:\\\/\\\/paint-car.com\\\/fr\\\/productos\\\/indumix-fr\\\/pur-nc-504\\\/\",\"url\":\"https:\\\/\\\/paint-car.com\\\/fr\\\/productos\\\/indumix-fr\\\/pur-nc-504\\\/\",\"name\":\"PUR NC-504 - PaintCar\",\"isPartOf\":{\"@id\":\"https:\\\/\\\/paint-car.com\\\/#website\"},\"primaryImageOfPage\":{\"@id\":\"https:\\\/\\\/paint-car.com\\\/fr\\\/productos\\\/indumix-fr\\\/pur-nc-504\\\/#primaryimage\"},\"image\":{\"@id\":\"https:\\\/\\\/paint-car.com\\\/fr\\\/productos\\\/indumix-fr\\\/pur-nc-504\\\/#primaryimage\"},\"thumbnailUrl\":\"https:\\\/\\\/paint-car.com\\\/wp-content\\\/uploads\\\/2025\\\/02\\\/envas_indumix.jpg\",\"datePublished\":\"2025-02-20T14:27:20+00:00\",\"breadcrumb\":{\"@id\":\"https:\\\/\\\/paint-car.com\\\/fr\\\/productos\\\/indumix-fr\\\/pur-nc-504\\\/#breadcrumb\"},\"inLanguage\":\"fr-FR\",\"potentialAction\":[{\"@type\":\"ReadAction\",\"target\":[\"https:\\\/\\\/paint-car.com\\\/fr\\\/productos\\\/indumix-fr\\\/pur-nc-504\\\/\"]}]},{\"@type\":\"ImageObject\",\"inLanguage\":\"fr-FR\",\"@id\":\"https:\\\/\\\/paint-car.com\\\/fr\\\/productos\\\/indumix-fr\\\/pur-nc-504\\\/#primaryimage\",\"url\":\"https:\\\/\\\/paint-car.com\\\/wp-content\\\/uploads\\\/2025\\\/02\\\/envas_indumix.jpg\",\"contentUrl\":\"https:\\\/\\\/paint-car.com\\\/wp-content\\\/uploads\\\/2025\\\/02\\\/envas_indumix.jpg\",\"width\":1000,\"height\":1000},{\"@type\":\"BreadcrumbList\",\"@id\":\"https:\\\/\\\/paint-car.com\\\/fr\\\/productos\\\/indumix-fr\\\/pur-nc-504\\\/#breadcrumb\",\"itemListElement\":[{\"@type\":\"ListItem\",\"position\":1,\"name\":\"Inicio\",\"item\":\"https:\\\/\\\/paint-car.com\\\/\"},{\"@type\":\"ListItem\",\"position\":2,\"name\":\"Produits\",\"item\":\"https:\\\/\\\/paint-car.com\\\/fr\\\/boutique\\\/\"},{\"@type\":\"ListItem\",\"position\":3,\"name\":\"PUR NC-504\"}]},{\"@type\":\"WebSite\",\"@id\":\"https:\\\/\\\/paint-car.com\\\/#website\",\"url\":\"https:\\\/\\\/paint-car.com\\\/\",\"name\":\"PaintCar\",\"description\":\"Soluciones al repintado - Refinish Solutions\",\"publisher\":{\"@id\":\"https:\\\/\\\/paint-car.com\\\/#organization\"},\"alternateName\":\"PaintCar\",\"potentialAction\":[{\"@type\":\"SearchAction\",\"target\":{\"@type\":\"EntryPoint\",\"urlTemplate\":\"https:\\\/\\\/paint-car.com\\\/?s={search_term_string}\"},\"query-input\":{\"@type\":\"PropertyValueSpecification\",\"valueRequired\":true,\"valueName\":\"search_term_string\"}}],\"inLanguage\":\"fr-FR\"},{\"@type\":\"Organization\",\"@id\":\"https:\\\/\\\/paint-car.com\\\/#organization\",\"name\":\"PaintCar\",\"alternateName\":\"PaintCar - SOLUCIONES DE PINTURA PARA AUTOMOCI\u00d3N Y ANEXOS\",\"url\":\"https:\\\/\\\/paint-car.com\\\/\",\"logo\":{\"@type\":\"ImageObject\",\"inLanguage\":\"fr-FR\",\"@id\":\"https:\\\/\\\/paint-car.com\\\/#\\\/schema\\\/logo\\\/image\\\/\",\"url\":\"https:\\\/\\\/paint-car.com\\\/wp-content\\\/uploads\\\/2024\\\/10\\\/PaintCar.svg\",\"contentUrl\":\"https:\\\/\\\/paint-car.com\\\/wp-content\\\/uploads\\\/2024\\\/10\\\/PaintCar.svg\",\"width\":1,\"height\":1,\"caption\":\"PaintCar\"},\"image\":{\"@id\":\"https:\\\/\\\/paint-car.com\\\/#\\\/schema\\\/logo\\\/image\\\/\"},\"sameAs\":[\"https:\\\/\\\/www.facebook.com\\\/profile.php?id=61574894891270\",\"https:\\\/\\\/www.instagram.com\\\/paintcarsolutions\\\/\",\"https:\\\/\\\/www.tiktok.com\\\/@paintcaroficial\"]}]}<\/script>\n<!-- \/ Yoast SEO plugin. -->","yoast_head_json":{"title":"PUR NC-504 - PaintCar","robots":{"index":"index","follow":"follow","max-snippet":"max-snippet:-1","max-image-preview":"max-image-preview:large","max-video-preview":"max-video-preview:-1"},"canonical":"https:\/\/paint-car.com\/fr\/productos\/indumix-fr\/pur-nc-504\/","og_locale":"fr_FR","og_type":"article","og_title":"PUR NC-504 - PaintCar","og_description":"CONVERTER - Polyur\u00e9thane 2K","og_url":"https:\/\/paint-car.com\/fr\/productos\/indumix-fr\/pur-nc-504\/","og_site_name":"PaintCar","article_publisher":"https:\/\/www.facebook.com\/profile.php?id=61574894891270","og_image":[{"width":1000,"height":1000,"url":"https:\/\/paint-car.com\/wp-content\/uploads\/2025\/02\/envas_indumix.jpg","type":"image\/jpeg"}],"twitter_card":"summary_large_image","schema":{"@context":"https:\/\/schema.org","@graph":[{"@type":"WebPage","@id":"https:\/\/paint-car.com\/fr\/productos\/indumix-fr\/pur-nc-504\/","url":"https:\/\/paint-car.com\/fr\/productos\/indumix-fr\/pur-nc-504\/","name":"PUR NC-504 - PaintCar","isPartOf":{"@id":"https:\/\/paint-car.com\/#website"},"primaryImageOfPage":{"@id":"https:\/\/paint-car.com\/fr\/productos\/indumix-fr\/pur-nc-504\/#primaryimage"},"image":{"@id":"https:\/\/paint-car.com\/fr\/productos\/indumix-fr\/pur-nc-504\/#primaryimage"},"thumbnailUrl":"https:\/\/paint-car.com\/wp-content\/uploads\/2025\/02\/envas_indumix.jpg","datePublished":"2025-02-20T14:27:20+00:00","breadcrumb":{"@id":"https:\/\/paint-car.com\/fr\/productos\/indumix-fr\/pur-nc-504\/#breadcrumb"},"inLanguage":"fr-FR","potentialAction":[{"@type":"ReadAction","target":["https:\/\/paint-car.com\/fr\/productos\/indumix-fr\/pur-nc-504\/"]}]},{"@type":"ImageObject","inLanguage":"fr-FR","@id":"https:\/\/paint-car.com\/fr\/productos\/indumix-fr\/pur-nc-504\/#primaryimage","url":"https:\/\/paint-car.com\/wp-content\/uploads\/2025\/02\/envas_indumix.jpg","contentUrl":"https:\/\/paint-car.com\/wp-content\/uploads\/2025\/02\/envas_indumix.jpg","width":1000,"height":1000},{"@type":"BreadcrumbList","@id":"https:\/\/paint-car.com\/fr\/productos\/indumix-fr\/pur-nc-504\/#breadcrumb","itemListElement":[{"@type":"ListItem","position":1,"name":"Inicio","item":"https:\/\/paint-car.com\/"},{"@type":"ListItem","position":2,"name":"Produits","item":"https:\/\/paint-car.com\/fr\/boutique\/"},{"@type":"ListItem","position":3,"name":"PUR NC-504"}]},{"@type":"WebSite","@id":"https:\/\/paint-car.com\/#website","url":"https:\/\/paint-car.com\/","name":"PaintCar","description":"Soluciones al repintado - Refinish Solutions","publisher":{"@id":"https:\/\/paint-car.com\/#organization"},"alternateName":"PaintCar","potentialAction":[{"@type":"SearchAction","target":{"@type":"EntryPoint","urlTemplate":"https:\/\/paint-car.com\/?s={search_term_string}"},"query-input":{"@type":"PropertyValueSpecification","valueRequired":true,"valueName":"search_term_string"}}],"inLanguage":"fr-FR"},{"@type":"Organization","@id":"https:\/\/paint-car.com\/#organization","name":"PaintCar","alternateName":"PaintCar - SOLUCIONES DE PINTURA PARA AUTOMOCI\u00d3N Y ANEXOS","url":"https:\/\/paint-car.com\/","logo":{"@type":"ImageObject","inLanguage":"fr-FR","@id":"https:\/\/paint-car.com\/#\/schema\/logo\/image\/","url":"https:\/\/paint-car.com\/wp-content\/uploads\/2024\/10\/PaintCar.svg","contentUrl":"https:\/\/paint-car.com\/wp-content\/uploads\/2024\/10\/PaintCar.svg","width":1,"height":1,"caption":"PaintCar"},"image":{"@id":"https:\/\/paint-car.com\/#\/schema\/logo\/image\/"},"sameAs":["https:\/\/www.facebook.com\/profile.php?id=61574894891270","https:\/\/www.instagram.com\/paintcarsolutions\/","https:\/\/www.tiktok.com\/@paintcaroficial"]}]}},"_links":{"self":[{"href":"https:\/\/paint-car.com\/fr\/wp-json\/wp\/v2\/product\/2989","targetHints":{"allow":["GET"]}}],"collection":[{"href":"https:\/\/paint-car.com\/fr\/wp-json\/wp\/v2\/product"}],"about":[{"href":"https:\/\/paint-car.com\/fr\/wp-json\/wp\/v2\/types\/product"}],"wp:featuredmedia":[{"embeddable":true,"href":"https:\/\/paint-car.com\/fr\/wp-json\/wp\/v2\/media\/2825"}],"wp:attachment":[{"href":"https:\/\/paint-car.com\/fr\/wp-json\/wp\/v2\/media?parent=2989"}],"wp:term":[{"taxonomy":"product_brand","embeddable":true,"href":"https:\/\/paint-car.com\/fr\/wp-json\/wp\/v2\/product_brand?post=2989"},{"taxonomy":"product_cat","embeddable":true,"href":"https:\/\/paint-car.com\/fr\/wp-json\/wp\/v2\/product_cat?post=2989"},{"taxonomy":"product_tag","embeddable":true,"href":"https:\/\/paint-car.com\/fr\/wp-json\/wp\/v2\/product_tag?post=2989"}],"curies":[{"name":"wp","href":"https:\/\/api.w.org\/{rel}","templated":true}]}}