{"id":2993,"date":"2025-02-20T15:31:12","date_gmt":"2025-02-20T14:31:12","guid":{"rendered":"https:\/\/new.paint-car.com\/productos\/non%20class\u00e9\/pur-nc-505\/"},"modified":"2026-03-16T10:59:05","modified_gmt":"2026-03-16T09:59:05","slug":"pur-nc-505","status":"publish","type":"product","link":"https:\/\/paint-car.com\/fr\/productos\/indumix-fr\/pur-nc-505\/","title":{"rendered":"PUR NC-505"},"content":{"rendered":"<p>Poliur\u00e9thane \u00e0 base de r\u00e9sines acryliques de haute qualit\u00e9 r\u00e9ticul\u00e9 avec des isocyanates aliphatiques, offrant une haute r\u00e9sistance aux intemp\u00e9ries. Possibilit\u00e9 d\u2019application en fortes \u00e9paisseurs sans coulures.<\/p>\n<p><strong>Cod. 3318124 <\/strong>&#8211; Brillant &#8211; Emballage: 0,75 L [<a href=\"\/wp-content\/uploads\/MSDS\/INDUMIX\/MSDS_3318124_INDUMIX%20505%20PU%20INDUSTRIAL%202K%20BRILLO_FR.pdf\" target=\"_blank\" rel=\"noopener\">T\u00e9l\u00e9charger la FDS<\/a>]<br \/>\n<strong>Cod. 3318125 <\/strong>&#8211; Brillant &#8211; Emballage: 3 L [<a href=\"\/wp-content\/uploads\/MSDS\/INDUMIX\/MSDS_3318125_INDUMIX%20505%20PU%20INDUSTRIAL%202K%20BRILLO_FR.pdf\" target=\"_blank\" rel=\"noopener\">T\u00e9l\u00e9charger la FDS<\/a>]<br \/>\n<strong>Cod. 3318126 <\/strong>&#8211; Brillant &#8211; Emballage: 11,25 L [<a href=\"\/wp-content\/uploads\/MSDS\/INDUMIX\/MSDS_3318126_INDUMIX%20505%20PU%20INDUSTRIAL%202K%20BRILLO_FR.pdf\" target=\"_blank\" rel=\"noopener\">T\u00e9l\u00e9charger la FDS<\/a>]<br \/>\n<strong>Cod. 3318127 <\/strong>&#8211; Satin\u00e9 &#8211; Emballage: 0,75 L [<a href=\"\/wp-content\/uploads\/MSDS\/INDUMIX\/MSDS_3318127_INDUMIX%20505%20PU%20INDUSTRIAL%202K%20SATINADO_FR.pdf\" target=\"_blank\" rel=\"noopener\">T\u00e9l\u00e9charger la FDS<\/a>]<br \/>\n<strong>Cod. 3318128 <\/strong>&#8211; Satin\u00e9 &#8211; Emballage: 3 L [<a href=\"\/wp-content\/uploads\/MSDS\/INDUMIX\/MSDS_3318128_INDUMIX%20505%20PU%20INDUSTRIAL%202K%20SATINADO_FR.pdf\" target=\"_blank\" rel=\"noopener\">T\u00e9l\u00e9charger la FDS<\/a>]<br \/>\n<strong>Cod. 3318129 <\/strong>&#8211; Satin\u00e9 &#8211; Emballage: 11,25 L [<a href=\"\/wp-content\/uploads\/MSDS\/INDUMIX\/MSDS_3318129_INDUMIX%20505%20PU%20INDUSTRIAL%202K%20SATINADO_FR.pdf\" target=\"_blank\" rel=\"noopener\">T\u00e9l\u00e9charger la FDS<\/a>]<br \/>\n<strong>Cod. 3318130 <\/strong>&#8211; Mat &#8211; Emballage: 0,75 L [<a href=\"\/wp-content\/uploads\/MSDS\/INDUMIX\/MSDS_3318130_INDUMIX%20505%20PU%20INDUSTRIAL%202K%20MATE_FR.pdf\" target=\"_blank\" rel=\"noopener\">T\u00e9l\u00e9charger la FDS<\/a>]<br \/>\n<strong>Cod. 3318131 <\/strong>&#8211; Mat &#8211; Emballage: 3 L [<a href=\"\/wp-content\/uploads\/MSDS\/INDUMIX\/MSDS_3318131_INDUMIX%20505%20PU%20INDUSTRIAL%202K%20MATE_FR.pdf\" target=\"_blank\" rel=\"noopener\">T\u00e9l\u00e9charger la FDS<\/a>]<br \/>\n<strong>Cod. 3318132 <\/strong>&#8211; Mat &#8211; Emballage: 11,25 L [<a href=\"\/wp-content\/uploads\/MSDS\/INDUMIX\/MSDS_3318132_INDUMIX%20505%20PU%20INDUSTRIAL%202K%20MATE_FR.pdf\" target=\"_blank\" rel=\"noopener\">T\u00e9l\u00e9charger la FDS<\/a>]<br \/>\n<strong>NOUVEAU: <\/strong><strong>Cod. 3318133 <\/strong>&#8211; Extra mat &#8211; Emballage: 11,25 L [<a href=\"https:\/\/paint-car.com\/wp-content\/uploads\/MSDS\/INDUMIX\/MSDS_3318133_INDUMIX%20PUR%20NC-505%20EXTRAMATE%20POLIURETANO%20IND%202K_FR.pdf\" target=\"_blank\" rel=\"noopener\">T\u00e9l\u00e9charger la FDS<\/a>]<\/p>\n<p><strong>Produits compl\u00e9mentaires:<\/strong><br \/>\nRendement th\u00e9orique: 8-9 m2\/L<br \/>\nM\u00e9lange 5:1 &#8211; Durcisseur s\u00e9rie HS<br \/>\nDS 150 Diluant multivalent<br \/>\nDiluant de nettoyage<\/p>\n","protected":false},"excerpt":{"rendered":"<p>Poliur\u00e9thane \u00e0 base de r\u00e9sines acryliques<\/p>\n","protected":false},"featured_media":2825,"template":"","meta":{"_acf_changed":false},"product_brand":[],"product_cat":[89],"product_tag":[],"class_list":{"0":"post-2993","1":"product","2":"type-product","3":"status-publish","4":"has-post-thumbnail","6":"product_cat-indumix-fr","8":"first","9":"outofstock","10":"shipping-taxable","11":"product-type-simple"},"acf":[],"yoast_head":"<!-- This site is optimized with the Yoast SEO plugin v27.5 - https:\/\/yoast.com\/product\/yoast-seo-wordpress\/ -->\n<title>PUR NC-505 - PaintCar<\/title>\n<meta name=\"robots\" content=\"index, follow, max-snippet:-1, max-image-preview:large, max-video-preview:-1\" \/>\n<link rel=\"canonical\" href=\"https:\/\/paint-car.com\/fr\/productos\/indumix-fr\/pur-nc-505\/\" \/>\n<meta property=\"og:locale\" content=\"fr_FR\" \/>\n<meta property=\"og:type\" content=\"article\" \/>\n<meta property=\"og:title\" content=\"PUR NC-505 - PaintCar\" \/>\n<meta property=\"og:description\" content=\"Poliur\u00e9thane \u00e0 base de r\u00e9sines acryliques\" \/>\n<meta property=\"og:url\" content=\"https:\/\/paint-car.com\/fr\/productos\/indumix-fr\/pur-nc-505\/\" \/>\n<meta property=\"og:site_name\" content=\"PaintCar\" \/>\n<meta property=\"article:publisher\" content=\"https:\/\/www.facebook.com\/profile.php?id=61574894891270\" \/>\n<meta property=\"article:modified_time\" content=\"2026-03-16T09:59:05+00:00\" \/>\n<meta property=\"og:image\" content=\"https:\/\/paint-car.com\/wp-content\/uploads\/2025\/02\/envas_indumix.jpg\" \/>\n\t<meta property=\"og:image:width\" content=\"1000\" \/>\n\t<meta property=\"og:image:height\" content=\"1000\" \/>\n\t<meta property=\"og:image:type\" content=\"image\/jpeg\" \/>\n<meta name=\"twitter:card\" content=\"summary_large_image\" \/>\n<meta name=\"twitter:label1\" content=\"Dur\u00e9e de lecture estim\u00e9e\" \/>\n\t<meta name=\"twitter:data1\" content=\"1 minute\" \/>\n<script type=\"application\/ld+json\" class=\"yoast-schema-graph\">{\"@context\":\"https:\\\/\\\/schema.org\",\"@graph\":[{\"@type\":\"WebPage\",\"@id\":\"https:\\\/\\\/paint-car.com\\\/fr\\\/productos\\\/indumix-fr\\\/pur-nc-505\\\/\",\"url\":\"https:\\\/\\\/paint-car.com\\\/fr\\\/productos\\\/indumix-fr\\\/pur-nc-505\\\/\",\"name\":\"PUR NC-505 - PaintCar\",\"isPartOf\":{\"@id\":\"https:\\\/\\\/paint-car.com\\\/#website\"},\"primaryImageOfPage\":{\"@id\":\"https:\\\/\\\/paint-car.com\\\/fr\\\/productos\\\/indumix-fr\\\/pur-nc-505\\\/#primaryimage\"},\"image\":{\"@id\":\"https:\\\/\\\/paint-car.com\\\/fr\\\/productos\\\/indumix-fr\\\/pur-nc-505\\\/#primaryimage\"},\"thumbnailUrl\":\"https:\\\/\\\/paint-car.com\\\/wp-content\\\/uploads\\\/2025\\\/02\\\/envas_indumix.jpg\",\"datePublished\":\"2025-02-20T14:31:12+00:00\",\"dateModified\":\"2026-03-16T09:59:05+00:00\",\"breadcrumb\":{\"@id\":\"https:\\\/\\\/paint-car.com\\\/fr\\\/productos\\\/indumix-fr\\\/pur-nc-505\\\/#breadcrumb\"},\"inLanguage\":\"fr-FR\",\"potentialAction\":[{\"@type\":\"ReadAction\",\"target\":[\"https:\\\/\\\/paint-car.com\\\/fr\\\/productos\\\/indumix-fr\\\/pur-nc-505\\\/\"]}]},{\"@type\":\"ImageObject\",\"inLanguage\":\"fr-FR\",\"@id\":\"https:\\\/\\\/paint-car.com\\\/fr\\\/productos\\\/indumix-fr\\\/pur-nc-505\\\/#primaryimage\",\"url\":\"https:\\\/\\\/paint-car.com\\\/wp-content\\\/uploads\\\/2025\\\/02\\\/envas_indumix.jpg\",\"contentUrl\":\"https:\\\/\\\/paint-car.com\\\/wp-content\\\/uploads\\\/2025\\\/02\\\/envas_indumix.jpg\",\"width\":1000,\"height\":1000},{\"@type\":\"BreadcrumbList\",\"@id\":\"https:\\\/\\\/paint-car.com\\\/fr\\\/productos\\\/indumix-fr\\\/pur-nc-505\\\/#breadcrumb\",\"itemListElement\":[{\"@type\":\"ListItem\",\"position\":1,\"name\":\"Inicio\",\"item\":\"https:\\\/\\\/paint-car.com\\\/\"},{\"@type\":\"ListItem\",\"position\":2,\"name\":\"Produits\",\"item\":\"https:\\\/\\\/paint-car.com\\\/fr\\\/boutique\\\/\"},{\"@type\":\"ListItem\",\"position\":3,\"name\":\"PUR NC-505\"}]},{\"@type\":\"WebSite\",\"@id\":\"https:\\\/\\\/paint-car.com\\\/#website\",\"url\":\"https:\\\/\\\/paint-car.com\\\/\",\"name\":\"PaintCar\",\"description\":\"Soluciones al repintado - Refinish Solutions\",\"publisher\":{\"@id\":\"https:\\\/\\\/paint-car.com\\\/#organization\"},\"alternateName\":\"PaintCar\",\"potentialAction\":[{\"@type\":\"SearchAction\",\"target\":{\"@type\":\"EntryPoint\",\"urlTemplate\":\"https:\\\/\\\/paint-car.com\\\/?s={search_term_string}\"},\"query-input\":{\"@type\":\"PropertyValueSpecification\",\"valueRequired\":true,\"valueName\":\"search_term_string\"}}],\"inLanguage\":\"fr-FR\"},{\"@type\":\"Organization\",\"@id\":\"https:\\\/\\\/paint-car.com\\\/#organization\",\"name\":\"PaintCar\",\"alternateName\":\"PaintCar - SOLUCIONES DE PINTURA PARA AUTOMOCI\u00d3N Y ANEXOS\",\"url\":\"https:\\\/\\\/paint-car.com\\\/\",\"logo\":{\"@type\":\"ImageObject\",\"inLanguage\":\"fr-FR\",\"@id\":\"https:\\\/\\\/paint-car.com\\\/#\\\/schema\\\/logo\\\/image\\\/\",\"url\":\"https:\\\/\\\/paint-car.com\\\/wp-content\\\/uploads\\\/2024\\\/10\\\/PaintCar.svg\",\"contentUrl\":\"https:\\\/\\\/paint-car.com\\\/wp-content\\\/uploads\\\/2024\\\/10\\\/PaintCar.svg\",\"width\":1,\"height\":1,\"caption\":\"PaintCar\"},\"image\":{\"@id\":\"https:\\\/\\\/paint-car.com\\\/#\\\/schema\\\/logo\\\/image\\\/\"},\"sameAs\":[\"https:\\\/\\\/www.facebook.com\\\/profile.php?id=61574894891270\",\"https:\\\/\\\/www.instagram.com\\\/paintcarsolutions\\\/\",\"https:\\\/\\\/www.tiktok.com\\\/@paintcaroficial\"]}]}<\/script>\n<!-- \/ Yoast SEO plugin. -->","yoast_head_json":{"title":"PUR NC-505 - PaintCar","robots":{"index":"index","follow":"follow","max-snippet":"max-snippet:-1","max-image-preview":"max-image-preview:large","max-video-preview":"max-video-preview:-1"},"canonical":"https:\/\/paint-car.com\/fr\/productos\/indumix-fr\/pur-nc-505\/","og_locale":"fr_FR","og_type":"article","og_title":"PUR NC-505 - PaintCar","og_description":"Poliur\u00e9thane \u00e0 base de r\u00e9sines acryliques","og_url":"https:\/\/paint-car.com\/fr\/productos\/indumix-fr\/pur-nc-505\/","og_site_name":"PaintCar","article_publisher":"https:\/\/www.facebook.com\/profile.php?id=61574894891270","article_modified_time":"2026-03-16T09:59:05+00:00","og_image":[{"width":1000,"height":1000,"url":"https:\/\/paint-car.com\/wp-content\/uploads\/2025\/02\/envas_indumix.jpg","type":"image\/jpeg"}],"twitter_card":"summary_large_image","twitter_misc":{"Dur\u00e9e de lecture estim\u00e9e":"1 minute"},"schema":{"@context":"https:\/\/schema.org","@graph":[{"@type":"WebPage","@id":"https:\/\/paint-car.com\/fr\/productos\/indumix-fr\/pur-nc-505\/","url":"https:\/\/paint-car.com\/fr\/productos\/indumix-fr\/pur-nc-505\/","name":"PUR NC-505 - PaintCar","isPartOf":{"@id":"https:\/\/paint-car.com\/#website"},"primaryImageOfPage":{"@id":"https:\/\/paint-car.com\/fr\/productos\/indumix-fr\/pur-nc-505\/#primaryimage"},"image":{"@id":"https:\/\/paint-car.com\/fr\/productos\/indumix-fr\/pur-nc-505\/#primaryimage"},"thumbnailUrl":"https:\/\/paint-car.com\/wp-content\/uploads\/2025\/02\/envas_indumix.jpg","datePublished":"2025-02-20T14:31:12+00:00","dateModified":"2026-03-16T09:59:05+00:00","breadcrumb":{"@id":"https:\/\/paint-car.com\/fr\/productos\/indumix-fr\/pur-nc-505\/#breadcrumb"},"inLanguage":"fr-FR","potentialAction":[{"@type":"ReadAction","target":["https:\/\/paint-car.com\/fr\/productos\/indumix-fr\/pur-nc-505\/"]}]},{"@type":"ImageObject","inLanguage":"fr-FR","@id":"https:\/\/paint-car.com\/fr\/productos\/indumix-fr\/pur-nc-505\/#primaryimage","url":"https:\/\/paint-car.com\/wp-content\/uploads\/2025\/02\/envas_indumix.jpg","contentUrl":"https:\/\/paint-car.com\/wp-content\/uploads\/2025\/02\/envas_indumix.jpg","width":1000,"height":1000},{"@type":"BreadcrumbList","@id":"https:\/\/paint-car.com\/fr\/productos\/indumix-fr\/pur-nc-505\/#breadcrumb","itemListElement":[{"@type":"ListItem","position":1,"name":"Inicio","item":"https:\/\/paint-car.com\/"},{"@type":"ListItem","position":2,"name":"Produits","item":"https:\/\/paint-car.com\/fr\/boutique\/"},{"@type":"ListItem","position":3,"name":"PUR NC-505"}]},{"@type":"WebSite","@id":"https:\/\/paint-car.com\/#website","url":"https:\/\/paint-car.com\/","name":"PaintCar","description":"Soluciones al repintado - Refinish Solutions","publisher":{"@id":"https:\/\/paint-car.com\/#organization"},"alternateName":"PaintCar","potentialAction":[{"@type":"SearchAction","target":{"@type":"EntryPoint","urlTemplate":"https:\/\/paint-car.com\/?s={search_term_string}"},"query-input":{"@type":"PropertyValueSpecification","valueRequired":true,"valueName":"search_term_string"}}],"inLanguage":"fr-FR"},{"@type":"Organization","@id":"https:\/\/paint-car.com\/#organization","name":"PaintCar","alternateName":"PaintCar - SOLUCIONES DE PINTURA PARA AUTOMOCI\u00d3N Y ANEXOS","url":"https:\/\/paint-car.com\/","logo":{"@type":"ImageObject","inLanguage":"fr-FR","@id":"https:\/\/paint-car.com\/#\/schema\/logo\/image\/","url":"https:\/\/paint-car.com\/wp-content\/uploads\/2024\/10\/PaintCar.svg","contentUrl":"https:\/\/paint-car.com\/wp-content\/uploads\/2024\/10\/PaintCar.svg","width":1,"height":1,"caption":"PaintCar"},"image":{"@id":"https:\/\/paint-car.com\/#\/schema\/logo\/image\/"},"sameAs":["https:\/\/www.facebook.com\/profile.php?id=61574894891270","https:\/\/www.instagram.com\/paintcarsolutions\/","https:\/\/www.tiktok.com\/@paintcaroficial"]}]}},"_links":{"self":[{"href":"https:\/\/paint-car.com\/fr\/wp-json\/wp\/v2\/product\/2993","targetHints":{"allow":["GET"]}}],"collection":[{"href":"https:\/\/paint-car.com\/fr\/wp-json\/wp\/v2\/product"}],"about":[{"href":"https:\/\/paint-car.com\/fr\/wp-json\/wp\/v2\/types\/product"}],"wp:featuredmedia":[{"embeddable":true,"href":"https:\/\/paint-car.com\/fr\/wp-json\/wp\/v2\/media\/2825"}],"wp:attachment":[{"href":"https:\/\/paint-car.com\/fr\/wp-json\/wp\/v2\/media?parent=2993"}],"wp:term":[{"taxonomy":"product_brand","embeddable":true,"href":"https:\/\/paint-car.com\/fr\/wp-json\/wp\/v2\/product_brand?post=2993"},{"taxonomy":"product_cat","embeddable":true,"href":"https:\/\/paint-car.com\/fr\/wp-json\/wp\/v2\/product_cat?post=2993"},{"taxonomy":"product_tag","embeddable":true,"href":"https:\/\/paint-car.com\/fr\/wp-json\/wp\/v2\/product_tag?post=2993"}],"curies":[{"name":"wp","href":"https:\/\/api.w.org\/{rel}","templated":true}]}}