{"id":3019,"date":"2025-02-21T09:52:59","date_gmt":"2025-02-21T08:52:59","guid":{"rendered":"https:\/\/new.paint-car.com\/productos\/non%20class\u00e9\/bx-bases-de-xyrallico\/"},"modified":"2025-06-30T11:53:15","modified_gmt":"2025-06-30T09:53:15","slug":"bx-bases-de-xyrallico","status":"publish","type":"product","link":"https:\/\/paint-car.com\/fr\/productos\/base-car-max-fr\/bx-bases-de-xyrallico\/","title":{"rendered":"BX &#8211; BASES DE XYRALLICO"},"content":{"rendered":"<p>Base pigment\u00e9e form\u00e9e de r\u00e9sines s\u00e9lectionn\u00e9es et de pigments \u00e0 base d&rsquo;oxyde d&rsquo;aluminium.<\/p>\n<p><strong>Cod. 3332065  <\/strong>&#8211; BM-7064 Xyrallic Green &#8211; Contenance : 0,5 L<br \/>\n<strong>Cod. 3332066  <\/strong>&#8211; BM-7065 Xyrallic Blue &#8211; Contenance : 0,5 L<br \/>\n<strong>Cod. 3332067  <\/strong>&#8211; BM-7066 Xyrallic Gold &#8211; Contenance : 0,5 L<br \/>\n<strong>Cod. 3332106  <\/strong>&#8211; BM-7076 Xyrallic Red Green &#8211; Contenance : 0,5 L<br \/>\n<strong>Cod. 3332107  <\/strong>&#8211; BM-7077 Violet Xyrallic &#8211; Contenance : 0,5 L<\/p>\n","protected":false},"excerpt":{"rendered":"<p>Bases xyrallic<\/p>\n","protected":false},"featured_media":2831,"template":"","meta":{"_acf_changed":false},"product_brand":[],"product_cat":[113],"product_tag":[],"class_list":{"0":"post-3019","1":"product","2":"type-product","3":"status-publish","4":"has-post-thumbnail","6":"product_cat-base-car-max-fr","8":"first","9":"instock","10":"shipping-taxable","11":"product-type-simple"},"acf":[],"yoast_head":"<!-- This site is optimized with the Yoast SEO plugin v27.5 - https:\/\/yoast.com\/product\/yoast-seo-wordpress\/ -->\n<title>BX - BASES DE XYRALLICO - PaintCar<\/title>\n<meta name=\"robots\" content=\"index, follow, max-snippet:-1, max-image-preview:large, max-video-preview:-1\" \/>\n<link rel=\"canonical\" href=\"https:\/\/paint-car.com\/fr\/productos\/base-car-max-fr\/bx-bases-de-xyrallico\/\" \/>\n<meta property=\"og:locale\" content=\"fr_FR\" \/>\n<meta property=\"og:type\" content=\"article\" \/>\n<meta property=\"og:title\" content=\"BX - BASES DE XYRALLICO - PaintCar\" \/>\n<meta property=\"og:description\" content=\"Bases xyrallic\" \/>\n<meta property=\"og:url\" content=\"https:\/\/paint-car.com\/fr\/productos\/base-car-max-fr\/bx-bases-de-xyrallico\/\" \/>\n<meta property=\"og:site_name\" content=\"PaintCar\" \/>\n<meta property=\"article:publisher\" content=\"https:\/\/www.facebook.com\/profile.php?id=61574894891270\" \/>\n<meta property=\"article:modified_time\" content=\"2025-06-30T09:53:15+00:00\" \/>\n<meta property=\"og:image\" content=\"https:\/\/paint-car.com\/wp-content\/uploads\/2025\/02\/envas_basecar.jpg\" \/>\n\t<meta property=\"og:image:width\" content=\"1000\" \/>\n\t<meta property=\"og:image:height\" content=\"1000\" \/>\n\t<meta property=\"og:image:type\" content=\"image\/jpeg\" \/>\n<meta name=\"twitter:card\" content=\"summary_large_image\" \/>\n<script type=\"application\/ld+json\" class=\"yoast-schema-graph\">{\"@context\":\"https:\\\/\\\/schema.org\",\"@graph\":[{\"@type\":\"WebPage\",\"@id\":\"https:\\\/\\\/paint-car.com\\\/fr\\\/productos\\\/base-car-max-fr\\\/bx-bases-de-xyrallico\\\/\",\"url\":\"https:\\\/\\\/paint-car.com\\\/fr\\\/productos\\\/base-car-max-fr\\\/bx-bases-de-xyrallico\\\/\",\"name\":\"BX - BASES DE XYRALLICO - PaintCar\",\"isPartOf\":{\"@id\":\"https:\\\/\\\/paint-car.com\\\/#website\"},\"primaryImageOfPage\":{\"@id\":\"https:\\\/\\\/paint-car.com\\\/fr\\\/productos\\\/base-car-max-fr\\\/bx-bases-de-xyrallico\\\/#primaryimage\"},\"image\":{\"@id\":\"https:\\\/\\\/paint-car.com\\\/fr\\\/productos\\\/base-car-max-fr\\\/bx-bases-de-xyrallico\\\/#primaryimage\"},\"thumbnailUrl\":\"https:\\\/\\\/paint-car.com\\\/wp-content\\\/uploads\\\/2025\\\/02\\\/envas_basecar.jpg\",\"datePublished\":\"2025-02-21T08:52:59+00:00\",\"dateModified\":\"2025-06-30T09:53:15+00:00\",\"breadcrumb\":{\"@id\":\"https:\\\/\\\/paint-car.com\\\/fr\\\/productos\\\/base-car-max-fr\\\/bx-bases-de-xyrallico\\\/#breadcrumb\"},\"inLanguage\":\"fr-FR\",\"potentialAction\":[{\"@type\":\"ReadAction\",\"target\":[\"https:\\\/\\\/paint-car.com\\\/fr\\\/productos\\\/base-car-max-fr\\\/bx-bases-de-xyrallico\\\/\"]}]},{\"@type\":\"ImageObject\",\"inLanguage\":\"fr-FR\",\"@id\":\"https:\\\/\\\/paint-car.com\\\/fr\\\/productos\\\/base-car-max-fr\\\/bx-bases-de-xyrallico\\\/#primaryimage\",\"url\":\"https:\\\/\\\/paint-car.com\\\/wp-content\\\/uploads\\\/2025\\\/02\\\/envas_basecar.jpg\",\"contentUrl\":\"https:\\\/\\\/paint-car.com\\\/wp-content\\\/uploads\\\/2025\\\/02\\\/envas_basecar.jpg\",\"width\":1000,\"height\":1000},{\"@type\":\"BreadcrumbList\",\"@id\":\"https:\\\/\\\/paint-car.com\\\/fr\\\/productos\\\/base-car-max-fr\\\/bx-bases-de-xyrallico\\\/#breadcrumb\",\"itemListElement\":[{\"@type\":\"ListItem\",\"position\":1,\"name\":\"Inicio\",\"item\":\"https:\\\/\\\/paint-car.com\\\/\"},{\"@type\":\"ListItem\",\"position\":2,\"name\":\"Produits\",\"item\":\"https:\\\/\\\/paint-car.com\\\/fr\\\/boutique\\\/\"},{\"@type\":\"ListItem\",\"position\":3,\"name\":\"BX &#8211; BASES DE XYRALLICO\"}]},{\"@type\":\"WebSite\",\"@id\":\"https:\\\/\\\/paint-car.com\\\/#website\",\"url\":\"https:\\\/\\\/paint-car.com\\\/\",\"name\":\"PaintCar\",\"description\":\"Soluciones al repintado - Refinish Solutions\",\"publisher\":{\"@id\":\"https:\\\/\\\/paint-car.com\\\/#organization\"},\"alternateName\":\"PaintCar\",\"potentialAction\":[{\"@type\":\"SearchAction\",\"target\":{\"@type\":\"EntryPoint\",\"urlTemplate\":\"https:\\\/\\\/paint-car.com\\\/?s={search_term_string}\"},\"query-input\":{\"@type\":\"PropertyValueSpecification\",\"valueRequired\":true,\"valueName\":\"search_term_string\"}}],\"inLanguage\":\"fr-FR\"},{\"@type\":\"Organization\",\"@id\":\"https:\\\/\\\/paint-car.com\\\/#organization\",\"name\":\"PaintCar\",\"alternateName\":\"PaintCar - SOLUCIONES DE PINTURA PARA AUTOMOCI\u00d3N Y ANEXOS\",\"url\":\"https:\\\/\\\/paint-car.com\\\/\",\"logo\":{\"@type\":\"ImageObject\",\"inLanguage\":\"fr-FR\",\"@id\":\"https:\\\/\\\/paint-car.com\\\/#\\\/schema\\\/logo\\\/image\\\/\",\"url\":\"https:\\\/\\\/paint-car.com\\\/wp-content\\\/uploads\\\/2024\\\/10\\\/PaintCar.svg\",\"contentUrl\":\"https:\\\/\\\/paint-car.com\\\/wp-content\\\/uploads\\\/2024\\\/10\\\/PaintCar.svg\",\"width\":1,\"height\":1,\"caption\":\"PaintCar\"},\"image\":{\"@id\":\"https:\\\/\\\/paint-car.com\\\/#\\\/schema\\\/logo\\\/image\\\/\"},\"sameAs\":[\"https:\\\/\\\/www.facebook.com\\\/profile.php?id=61574894891270\",\"https:\\\/\\\/www.instagram.com\\\/paintcarsolutions\\\/\",\"https:\\\/\\\/www.tiktok.com\\\/@paintcaroficial\"]}]}<\/script>\n<!-- \/ Yoast SEO plugin. -->","yoast_head_json":{"title":"BX - BASES DE XYRALLICO - PaintCar","robots":{"index":"index","follow":"follow","max-snippet":"max-snippet:-1","max-image-preview":"max-image-preview:large","max-video-preview":"max-video-preview:-1"},"canonical":"https:\/\/paint-car.com\/fr\/productos\/base-car-max-fr\/bx-bases-de-xyrallico\/","og_locale":"fr_FR","og_type":"article","og_title":"BX - BASES DE XYRALLICO - PaintCar","og_description":"Bases xyrallic","og_url":"https:\/\/paint-car.com\/fr\/productos\/base-car-max-fr\/bx-bases-de-xyrallico\/","og_site_name":"PaintCar","article_publisher":"https:\/\/www.facebook.com\/profile.php?id=61574894891270","article_modified_time":"2025-06-30T09:53:15+00:00","og_image":[{"width":1000,"height":1000,"url":"https:\/\/paint-car.com\/wp-content\/uploads\/2025\/02\/envas_basecar.jpg","type":"image\/jpeg"}],"twitter_card":"summary_large_image","schema":{"@context":"https:\/\/schema.org","@graph":[{"@type":"WebPage","@id":"https:\/\/paint-car.com\/fr\/productos\/base-car-max-fr\/bx-bases-de-xyrallico\/","url":"https:\/\/paint-car.com\/fr\/productos\/base-car-max-fr\/bx-bases-de-xyrallico\/","name":"BX - BASES DE XYRALLICO - PaintCar","isPartOf":{"@id":"https:\/\/paint-car.com\/#website"},"primaryImageOfPage":{"@id":"https:\/\/paint-car.com\/fr\/productos\/base-car-max-fr\/bx-bases-de-xyrallico\/#primaryimage"},"image":{"@id":"https:\/\/paint-car.com\/fr\/productos\/base-car-max-fr\/bx-bases-de-xyrallico\/#primaryimage"},"thumbnailUrl":"https:\/\/paint-car.com\/wp-content\/uploads\/2025\/02\/envas_basecar.jpg","datePublished":"2025-02-21T08:52:59+00:00","dateModified":"2025-06-30T09:53:15+00:00","breadcrumb":{"@id":"https:\/\/paint-car.com\/fr\/productos\/base-car-max-fr\/bx-bases-de-xyrallico\/#breadcrumb"},"inLanguage":"fr-FR","potentialAction":[{"@type":"ReadAction","target":["https:\/\/paint-car.com\/fr\/productos\/base-car-max-fr\/bx-bases-de-xyrallico\/"]}]},{"@type":"ImageObject","inLanguage":"fr-FR","@id":"https:\/\/paint-car.com\/fr\/productos\/base-car-max-fr\/bx-bases-de-xyrallico\/#primaryimage","url":"https:\/\/paint-car.com\/wp-content\/uploads\/2025\/02\/envas_basecar.jpg","contentUrl":"https:\/\/paint-car.com\/wp-content\/uploads\/2025\/02\/envas_basecar.jpg","width":1000,"height":1000},{"@type":"BreadcrumbList","@id":"https:\/\/paint-car.com\/fr\/productos\/base-car-max-fr\/bx-bases-de-xyrallico\/#breadcrumb","itemListElement":[{"@type":"ListItem","position":1,"name":"Inicio","item":"https:\/\/paint-car.com\/"},{"@type":"ListItem","position":2,"name":"Produits","item":"https:\/\/paint-car.com\/fr\/boutique\/"},{"@type":"ListItem","position":3,"name":"BX &#8211; BASES DE XYRALLICO"}]},{"@type":"WebSite","@id":"https:\/\/paint-car.com\/#website","url":"https:\/\/paint-car.com\/","name":"PaintCar","description":"Soluciones al repintado - Refinish Solutions","publisher":{"@id":"https:\/\/paint-car.com\/#organization"},"alternateName":"PaintCar","potentialAction":[{"@type":"SearchAction","target":{"@type":"EntryPoint","urlTemplate":"https:\/\/paint-car.com\/?s={search_term_string}"},"query-input":{"@type":"PropertyValueSpecification","valueRequired":true,"valueName":"search_term_string"}}],"inLanguage":"fr-FR"},{"@type":"Organization","@id":"https:\/\/paint-car.com\/#organization","name":"PaintCar","alternateName":"PaintCar - SOLUCIONES DE PINTURA PARA AUTOMOCI\u00d3N Y ANEXOS","url":"https:\/\/paint-car.com\/","logo":{"@type":"ImageObject","inLanguage":"fr-FR","@id":"https:\/\/paint-car.com\/#\/schema\/logo\/image\/","url":"https:\/\/paint-car.com\/wp-content\/uploads\/2024\/10\/PaintCar.svg","contentUrl":"https:\/\/paint-car.com\/wp-content\/uploads\/2024\/10\/PaintCar.svg","width":1,"height":1,"caption":"PaintCar"},"image":{"@id":"https:\/\/paint-car.com\/#\/schema\/logo\/image\/"},"sameAs":["https:\/\/www.facebook.com\/profile.php?id=61574894891270","https:\/\/www.instagram.com\/paintcarsolutions\/","https:\/\/www.tiktok.com\/@paintcaroficial"]}]}},"_links":{"self":[{"href":"https:\/\/paint-car.com\/fr\/wp-json\/wp\/v2\/product\/3019","targetHints":{"allow":["GET"]}}],"collection":[{"href":"https:\/\/paint-car.com\/fr\/wp-json\/wp\/v2\/product"}],"about":[{"href":"https:\/\/paint-car.com\/fr\/wp-json\/wp\/v2\/types\/product"}],"wp:featuredmedia":[{"embeddable":true,"href":"https:\/\/paint-car.com\/fr\/wp-json\/wp\/v2\/media\/2831"}],"wp:attachment":[{"href":"https:\/\/paint-car.com\/fr\/wp-json\/wp\/v2\/media?parent=3019"}],"wp:term":[{"taxonomy":"product_brand","embeddable":true,"href":"https:\/\/paint-car.com\/fr\/wp-json\/wp\/v2\/product_brand?post=3019"},{"taxonomy":"product_cat","embeddable":true,"href":"https:\/\/paint-car.com\/fr\/wp-json\/wp\/v2\/product_cat?post=3019"},{"taxonomy":"product_tag","embeddable":true,"href":"https:\/\/paint-car.com\/fr\/wp-json\/wp\/v2\/product_tag?post=3019"}],"curies":[{"name":"wp","href":"https:\/\/api.w.org\/{rel}","templated":true}]}}