{"id":3142,"date":"2025-01-24T16:07:08","date_gmt":"2025-01-24T15:07:08","guid":{"rendered":"https:\/\/new.paint-car.com\/productos\/non%20class\u00e9\/planete-verte\/"},"modified":"2026-02-11T15:07:36","modified_gmt":"2026-02-11T14:07:36","slug":"green-planet","status":"publish","type":"product","link":"https:\/\/paint-car.com\/fr\/productos\/apprets\/green-planet\/","title":{"rendered":"GREEN PLANET"},"content":{"rendered":"<p data-start=\"890\" data-end=\"1272\"><strong data-start=\"890\" data-end=\"924\">Appr\u00eat garnissant acrylique HS<\/strong> \u00e0 haut extrait sec pour la r\u00e9paration de carrosseries sur v\u00e9hicules particuliers et utilitaires. Peut \u00e9galement \u00eatre utilis\u00e9 comme <strong data-start=\"1056\" data-end=\"1074\">appr\u00eat isolant<\/strong>. Offre un <strong data-start=\"1085\" data-end=\"1112\">fort pouvoir garnissant<\/strong>, un <strong data-start=\"1117\" data-end=\"1140\">excellent \u00e9talement<\/strong> et un <strong data-start=\"1147\" data-end=\"1165\">pon\u00e7age facile<\/strong>. <strong data-start=\"1167\" data-end=\"1185\">S\u00e9chage rapide<\/strong> et <strong data-start=\"1189\" data-end=\"1216\">application tr\u00e8s facile<\/strong>, pour une base id\u00e9ale avant finitions de haute qualit\u00e9.<\/p>\n<p data-start=\"1274\" data-end=\"1289\"><strong data-start=\"1274\" data-end=\"1289\">R\u00e9f\u00e9rences:<\/strong><\/p>\n<ul data-start=\"1290\" data-end=\"1709\">\n<li data-start=\"1290\" data-end=\"1336\">\n<p data-start=\"1292\" data-end=\"1336\"><strong data-start=\"1292\" data-end=\"1309\">Code: 3302033<\/strong> \u2013 Gris clair \u2013 Bidon 4 L<\/p>\n<\/li>\n<li data-start=\"1337\" data-end=\"1383\">\n<p data-start=\"1339\" data-end=\"1383\"><strong data-start=\"1339\" data-end=\"1356\">Code: 3302034<\/strong> \u2013 Gris clair \u2013 Bidon 1 L<\/p>\n<\/li>\n<li data-start=\"1384\" data-end=\"1430\">\n<p data-start=\"1386\" data-end=\"1430\"><strong data-start=\"1386\" data-end=\"1403\">Code: 3302035<\/strong> \u2013 Gris fonc\u00e9 \u2013 Bidon 4 L<\/p>\n<\/li>\n<li data-start=\"1431\" data-end=\"1477\">\n<p data-start=\"1433\" data-end=\"1477\"><strong data-start=\"1433\" data-end=\"1450\">Code: 3302036<\/strong> \u2013 Gris fonc\u00e9 \u2013 Bidon 1 L<\/p>\n<\/li>\n<li data-start=\"1478\" data-end=\"1519\">\n<p data-start=\"1480\" data-end=\"1519\"><strong data-start=\"1480\" data-end=\"1497\">Code: 3302037<\/strong> \u2013 Blanc \u2013 Bidon 4 L<\/p>\n<\/li>\n<li data-start=\"1520\" data-end=\"1560\">\n<p data-start=\"1522\" data-end=\"1560\"><strong data-start=\"1522\" data-end=\"1539\">Code: 3302038<\/strong> \u2013 Noir \u2013 Bidon 1 L<\/p>\n<\/li>\n<li data-start=\"1561\" data-end=\"1635\">\n<p data-start=\"1563\" data-end=\"1635\"><strong data-start=\"1563\" data-end=\"1580\">Code: 3302039<\/strong> \u2013 Blanc \u2013 Bidon 4 L <em data-start=\"1601\" data-end=\"1633\">(\u00e0 v\u00e9rifier: doublon probable)<\/em><\/p>\n<\/li>\n<li data-start=\"1636\" data-end=\"1709\">\n<p data-start=\"1638\" data-end=\"1709\"><strong data-start=\"1638\" data-end=\"1655\">Code: 3302040<\/strong> \u2013 Noir \u2013 Bidon 1 L <em data-start=\"1675\" data-end=\"1707\">(\u00e0 v\u00e9rifier: doublon probable)<\/em><\/p>\n<\/li>\n<\/ul>\n<p data-start=\"1711\" data-end=\"1751\"><strong data-start=\"1711\" data-end=\"1751\">DURCISSEUR (rapport de m\u00e9lange 5:1):<\/strong><\/p>\n<ul data-start=\"1752\" data-end=\"1866\">\n<li data-start=\"1752\" data-end=\"1806\">\n<p data-start=\"1754\" data-end=\"1806\"><strong data-start=\"1754\" data-end=\"1771\">Code: 3302024<\/strong> \u2013 Green Planet Quick \u2013 Bidon 1 L<\/p>\n<\/li>\n<li data-start=\"1807\" data-end=\"1866\">\n<p data-start=\"1809\" data-end=\"1866\"><strong data-start=\"1809\" data-end=\"1826\">Code: 3302025<\/strong> \u2013 Green Planet Extra Fast \u2013 Bidon 1 L<\/p>\n<\/li>\n<\/ul>\n","protected":false},"excerpt":{"rendered":"<p>Mastic isolant HS 2K<\/p>\n","protected":false},"featured_media":2777,"template":"","meta":{"_acf_changed":false},"product_brand":[],"product_cat":[91],"product_tag":[],"class_list":{"0":"post-3142","1":"product","2":"type-product","3":"status-publish","4":"has-post-thumbnail","6":"product_cat-apprets","8":"first","9":"outofstock","10":"shipping-taxable","11":"product-type-variable"},"acf":[],"yoast_head":"<!-- This site is optimized with the Yoast SEO plugin v27.5 - https:\/\/yoast.com\/product\/yoast-seo-wordpress\/ -->\n<title>GREEN PLANET - PaintCar<\/title>\n<meta name=\"robots\" content=\"index, follow, max-snippet:-1, max-image-preview:large, max-video-preview:-1\" \/>\n<link rel=\"canonical\" href=\"https:\/\/paint-car.com\/fr\/productos\/apprets\/green-planet\/\" \/>\n<meta property=\"og:locale\" content=\"fr_FR\" \/>\n<meta property=\"og:type\" content=\"article\" \/>\n<meta property=\"og:title\" content=\"GREEN PLANET - PaintCar\" \/>\n<meta property=\"og:description\" content=\"Mastic isolant HS 2K\" \/>\n<meta property=\"og:url\" content=\"https:\/\/paint-car.com\/fr\/productos\/apprets\/green-planet\/\" \/>\n<meta property=\"og:site_name\" content=\"PaintCar\" \/>\n<meta property=\"article:publisher\" content=\"https:\/\/www.facebook.com\/profile.php?id=61574894891270\" \/>\n<meta property=\"article:modified_time\" content=\"2026-02-11T14:07:36+00:00\" \/>\n<meta property=\"og:image\" content=\"https:\/\/paint-car.com\/wp-content\/uploads\/2025\/02\/ACRYL_FILLE_1K_PAINTCAR_APAREJO.jpg\" \/>\n\t<meta property=\"og:image:width\" content=\"1000\" \/>\n\t<meta property=\"og:image:height\" content=\"1000\" \/>\n\t<meta property=\"og:image:type\" content=\"image\/jpeg\" \/>\n<meta name=\"twitter:card\" content=\"summary_large_image\" \/>\n<meta name=\"twitter:label1\" content=\"Dur\u00e9e de lecture estim\u00e9e\" \/>\n\t<meta name=\"twitter:data1\" content=\"1 minute\" \/>\n<script type=\"application\/ld+json\" class=\"yoast-schema-graph\">{\"@context\":\"https:\\\/\\\/schema.org\",\"@graph\":[{\"@type\":\"WebPage\",\"@id\":\"https:\\\/\\\/paint-car.com\\\/fr\\\/productos\\\/apprets\\\/green-planet\\\/\",\"url\":\"https:\\\/\\\/paint-car.com\\\/fr\\\/productos\\\/apprets\\\/green-planet\\\/\",\"name\":\"GREEN PLANET - PaintCar\",\"isPartOf\":{\"@id\":\"https:\\\/\\\/paint-car.com\\\/#website\"},\"primaryImageOfPage\":{\"@id\":\"https:\\\/\\\/paint-car.com\\\/fr\\\/productos\\\/apprets\\\/green-planet\\\/#primaryimage\"},\"image\":{\"@id\":\"https:\\\/\\\/paint-car.com\\\/fr\\\/productos\\\/apprets\\\/green-planet\\\/#primaryimage\"},\"thumbnailUrl\":\"https:\\\/\\\/paint-car.com\\\/wp-content\\\/uploads\\\/2025\\\/02\\\/ACRYL_FILLE_1K_PAINTCAR_APAREJO.jpg\",\"datePublished\":\"2025-01-24T15:07:08+00:00\",\"dateModified\":\"2026-02-11T14:07:36+00:00\",\"breadcrumb\":{\"@id\":\"https:\\\/\\\/paint-car.com\\\/fr\\\/productos\\\/apprets\\\/green-planet\\\/#breadcrumb\"},\"inLanguage\":\"fr-FR\",\"potentialAction\":[{\"@type\":\"ReadAction\",\"target\":[\"https:\\\/\\\/paint-car.com\\\/fr\\\/productos\\\/apprets\\\/green-planet\\\/\"]}]},{\"@type\":\"ImageObject\",\"inLanguage\":\"fr-FR\",\"@id\":\"https:\\\/\\\/paint-car.com\\\/fr\\\/productos\\\/apprets\\\/green-planet\\\/#primaryimage\",\"url\":\"https:\\\/\\\/paint-car.com\\\/wp-content\\\/uploads\\\/2025\\\/02\\\/ACRYL_FILLE_1K_PAINTCAR_APAREJO.jpg\",\"contentUrl\":\"https:\\\/\\\/paint-car.com\\\/wp-content\\\/uploads\\\/2025\\\/02\\\/ACRYL_FILLE_1K_PAINTCAR_APAREJO.jpg\",\"width\":1000,\"height\":1000},{\"@type\":\"BreadcrumbList\",\"@id\":\"https:\\\/\\\/paint-car.com\\\/fr\\\/productos\\\/apprets\\\/green-planet\\\/#breadcrumb\",\"itemListElement\":[{\"@type\":\"ListItem\",\"position\":1,\"name\":\"Inicio\",\"item\":\"https:\\\/\\\/paint-car.com\\\/\"},{\"@type\":\"ListItem\",\"position\":2,\"name\":\"Produits\",\"item\":\"https:\\\/\\\/paint-car.com\\\/fr\\\/boutique\\\/\"},{\"@type\":\"ListItem\",\"position\":3,\"name\":\"GREEN PLANET\"}]},{\"@type\":\"WebSite\",\"@id\":\"https:\\\/\\\/paint-car.com\\\/#website\",\"url\":\"https:\\\/\\\/paint-car.com\\\/\",\"name\":\"PaintCar\",\"description\":\"Soluciones al repintado - Refinish Solutions\",\"publisher\":{\"@id\":\"https:\\\/\\\/paint-car.com\\\/#organization\"},\"alternateName\":\"PaintCar\",\"potentialAction\":[{\"@type\":\"SearchAction\",\"target\":{\"@type\":\"EntryPoint\",\"urlTemplate\":\"https:\\\/\\\/paint-car.com\\\/?s={search_term_string}\"},\"query-input\":{\"@type\":\"PropertyValueSpecification\",\"valueRequired\":true,\"valueName\":\"search_term_string\"}}],\"inLanguage\":\"fr-FR\"},{\"@type\":\"Organization\",\"@id\":\"https:\\\/\\\/paint-car.com\\\/#organization\",\"name\":\"PaintCar\",\"alternateName\":\"PaintCar - SOLUCIONES DE PINTURA PARA AUTOMOCI\u00d3N Y ANEXOS\",\"url\":\"https:\\\/\\\/paint-car.com\\\/\",\"logo\":{\"@type\":\"ImageObject\",\"inLanguage\":\"fr-FR\",\"@id\":\"https:\\\/\\\/paint-car.com\\\/#\\\/schema\\\/logo\\\/image\\\/\",\"url\":\"https:\\\/\\\/paint-car.com\\\/wp-content\\\/uploads\\\/2024\\\/10\\\/PaintCar.svg\",\"contentUrl\":\"https:\\\/\\\/paint-car.com\\\/wp-content\\\/uploads\\\/2024\\\/10\\\/PaintCar.svg\",\"width\":1,\"height\":1,\"caption\":\"PaintCar\"},\"image\":{\"@id\":\"https:\\\/\\\/paint-car.com\\\/#\\\/schema\\\/logo\\\/image\\\/\"},\"sameAs\":[\"https:\\\/\\\/www.facebook.com\\\/profile.php?id=61574894891270\",\"https:\\\/\\\/www.instagram.com\\\/paintcarsolutions\\\/\",\"https:\\\/\\\/www.tiktok.com\\\/@paintcaroficial\"]}]}<\/script>\n<!-- \/ Yoast SEO plugin. -->","yoast_head_json":{"title":"GREEN PLANET - PaintCar","robots":{"index":"index","follow":"follow","max-snippet":"max-snippet:-1","max-image-preview":"max-image-preview:large","max-video-preview":"max-video-preview:-1"},"canonical":"https:\/\/paint-car.com\/fr\/productos\/apprets\/green-planet\/","og_locale":"fr_FR","og_type":"article","og_title":"GREEN PLANET - PaintCar","og_description":"Mastic isolant HS 2K","og_url":"https:\/\/paint-car.com\/fr\/productos\/apprets\/green-planet\/","og_site_name":"PaintCar","article_publisher":"https:\/\/www.facebook.com\/profile.php?id=61574894891270","article_modified_time":"2026-02-11T14:07:36+00:00","og_image":[{"width":1000,"height":1000,"url":"https:\/\/paint-car.com\/wp-content\/uploads\/2025\/02\/ACRYL_FILLE_1K_PAINTCAR_APAREJO.jpg","type":"image\/jpeg"}],"twitter_card":"summary_large_image","twitter_misc":{"Dur\u00e9e de lecture estim\u00e9e":"1 minute"},"schema":{"@context":"https:\/\/schema.org","@graph":[{"@type":"WebPage","@id":"https:\/\/paint-car.com\/fr\/productos\/apprets\/green-planet\/","url":"https:\/\/paint-car.com\/fr\/productos\/apprets\/green-planet\/","name":"GREEN PLANET - PaintCar","isPartOf":{"@id":"https:\/\/paint-car.com\/#website"},"primaryImageOfPage":{"@id":"https:\/\/paint-car.com\/fr\/productos\/apprets\/green-planet\/#primaryimage"},"image":{"@id":"https:\/\/paint-car.com\/fr\/productos\/apprets\/green-planet\/#primaryimage"},"thumbnailUrl":"https:\/\/paint-car.com\/wp-content\/uploads\/2025\/02\/ACRYL_FILLE_1K_PAINTCAR_APAREJO.jpg","datePublished":"2025-01-24T15:07:08+00:00","dateModified":"2026-02-11T14:07:36+00:00","breadcrumb":{"@id":"https:\/\/paint-car.com\/fr\/productos\/apprets\/green-planet\/#breadcrumb"},"inLanguage":"fr-FR","potentialAction":[{"@type":"ReadAction","target":["https:\/\/paint-car.com\/fr\/productos\/apprets\/green-planet\/"]}]},{"@type":"ImageObject","inLanguage":"fr-FR","@id":"https:\/\/paint-car.com\/fr\/productos\/apprets\/green-planet\/#primaryimage","url":"https:\/\/paint-car.com\/wp-content\/uploads\/2025\/02\/ACRYL_FILLE_1K_PAINTCAR_APAREJO.jpg","contentUrl":"https:\/\/paint-car.com\/wp-content\/uploads\/2025\/02\/ACRYL_FILLE_1K_PAINTCAR_APAREJO.jpg","width":1000,"height":1000},{"@type":"BreadcrumbList","@id":"https:\/\/paint-car.com\/fr\/productos\/apprets\/green-planet\/#breadcrumb","itemListElement":[{"@type":"ListItem","position":1,"name":"Inicio","item":"https:\/\/paint-car.com\/"},{"@type":"ListItem","position":2,"name":"Produits","item":"https:\/\/paint-car.com\/fr\/boutique\/"},{"@type":"ListItem","position":3,"name":"GREEN PLANET"}]},{"@type":"WebSite","@id":"https:\/\/paint-car.com\/#website","url":"https:\/\/paint-car.com\/","name":"PaintCar","description":"Soluciones al repintado - Refinish Solutions","publisher":{"@id":"https:\/\/paint-car.com\/#organization"},"alternateName":"PaintCar","potentialAction":[{"@type":"SearchAction","target":{"@type":"EntryPoint","urlTemplate":"https:\/\/paint-car.com\/?s={search_term_string}"},"query-input":{"@type":"PropertyValueSpecification","valueRequired":true,"valueName":"search_term_string"}}],"inLanguage":"fr-FR"},{"@type":"Organization","@id":"https:\/\/paint-car.com\/#organization","name":"PaintCar","alternateName":"PaintCar - SOLUCIONES DE PINTURA PARA AUTOMOCI\u00d3N Y ANEXOS","url":"https:\/\/paint-car.com\/","logo":{"@type":"ImageObject","inLanguage":"fr-FR","@id":"https:\/\/paint-car.com\/#\/schema\/logo\/image\/","url":"https:\/\/paint-car.com\/wp-content\/uploads\/2024\/10\/PaintCar.svg","contentUrl":"https:\/\/paint-car.com\/wp-content\/uploads\/2024\/10\/PaintCar.svg","width":1,"height":1,"caption":"PaintCar"},"image":{"@id":"https:\/\/paint-car.com\/#\/schema\/logo\/image\/"},"sameAs":["https:\/\/www.facebook.com\/profile.php?id=61574894891270","https:\/\/www.instagram.com\/paintcarsolutions\/","https:\/\/www.tiktok.com\/@paintcaroficial"]}]}},"_links":{"self":[{"href":"https:\/\/paint-car.com\/fr\/wp-json\/wp\/v2\/product\/3142","targetHints":{"allow":["GET"]}}],"collection":[{"href":"https:\/\/paint-car.com\/fr\/wp-json\/wp\/v2\/product"}],"about":[{"href":"https:\/\/paint-car.com\/fr\/wp-json\/wp\/v2\/types\/product"}],"wp:featuredmedia":[{"embeddable":true,"href":"https:\/\/paint-car.com\/fr\/wp-json\/wp\/v2\/media\/2777"}],"wp:attachment":[{"href":"https:\/\/paint-car.com\/fr\/wp-json\/wp\/v2\/media?parent=3142"}],"wp:term":[{"taxonomy":"product_brand","embeddable":true,"href":"https:\/\/paint-car.com\/fr\/wp-json\/wp\/v2\/product_brand?post=3142"},{"taxonomy":"product_cat","embeddable":true,"href":"https:\/\/paint-car.com\/fr\/wp-json\/wp\/v2\/product_cat?post=3142"},{"taxonomy":"product_tag","embeddable":true,"href":"https:\/\/paint-car.com\/fr\/wp-json\/wp\/v2\/product_tag?post=3142"}],"curies":[{"name":"wp","href":"https:\/\/api.w.org\/{rel}","templated":true}]}}