{"id":5090,"date":"2026-04-17T09:31:40","date_gmt":"2026-04-17T07:31:40","guid":{"rendered":"https:\/\/paint-car.com\/?post_type=product&#038;p=5090"},"modified":"2026-04-21T10:26:20","modified_gmt":"2026-04-21T08:26:20","slug":"mastic-epoxy-nautifill","status":"publish","type":"product","link":"https:\/\/paint-car.com\/fr\/productos\/indumix-fr\/mastic-epoxy-nautifill\/","title":{"rendered":"NAUTIFILL"},"content":{"rendered":"<p>NAUTIFILL est un mastic \u00e9poxy de remplissage \u00e0 deux composants, sans solvant, con\u00e7u pour \u00eatre appliqu\u00e9 sur le fer, l&rsquo;acier, le zinc, l&rsquo;aluminium, le PRV (plastique renforc\u00e9 de fibres de verre), le bois et les supports min\u00e9raux. Il est r\u00e9sistant \u00e0 l&rsquo;eau de mer et adh\u00e8re m\u00eame sur des surfaces l\u00e9g\u00e8rement humides.<\/p>\n<p><b>Mastic COD. 3318170<\/b> \/ Couleur: Gris clair \/ Conditionnement 2 Kg.<br \/>\n<b>Catalyseur COD. 3318170<\/b> \/ Conditionnement 1 Kg.<\/p>\n","protected":false},"excerpt":{"rendered":"<p>Mastic \u00c9poxy \u00e0 deux composants.<\/p>\n","protected":false},"featured_media":4991,"template":"","meta":{"_acf_changed":false},"product_brand":[],"product_cat":[89],"product_tag":[],"class_list":{"0":"post-5090","1":"product","2":"type-product","3":"status-publish","4":"has-post-thumbnail","6":"product_cat-indumix-fr","8":"first","9":"instock","10":"shipping-taxable","11":"product-type-simple"},"acf":[],"yoast_head":"<!-- This site is optimized with the Yoast SEO plugin v27.5 - https:\/\/yoast.com\/product\/yoast-seo-wordpress\/ -->\n<title>NAUTIFILL - PaintCar<\/title>\n<meta name=\"robots\" content=\"index, follow, max-snippet:-1, max-image-preview:large, max-video-preview:-1\" \/>\n<link rel=\"canonical\" href=\"https:\/\/paint-car.com\/fr\/productos\/indumix-fr\/mastic-epoxy-nautifill\/\" \/>\n<meta property=\"og:locale\" content=\"fr_FR\" \/>\n<meta property=\"og:type\" content=\"article\" \/>\n<meta property=\"og:title\" content=\"NAUTIFILL - PaintCar\" \/>\n<meta property=\"og:description\" content=\"Mastic \u00c9poxy \u00e0 deux composants.\" \/>\n<meta property=\"og:url\" content=\"https:\/\/paint-car.com\/fr\/productos\/indumix-fr\/mastic-epoxy-nautifill\/\" \/>\n<meta property=\"og:site_name\" content=\"PaintCar\" \/>\n<meta property=\"article:publisher\" content=\"https:\/\/www.facebook.com\/profile.php?id=61574894891270\" \/>\n<meta property=\"article:modified_time\" content=\"2026-04-21T08:26:20+00:00\" \/>\n<meta property=\"og:image\" content=\"https:\/\/paint-car.com\/wp-content\/uploads\/Indumix_Masilla_Epoxy.jpg\" \/>\n\t<meta property=\"og:image:width\" content=\"2048\" \/>\n\t<meta property=\"og:image:height\" content=\"2048\" \/>\n\t<meta property=\"og:image:type\" content=\"image\/jpeg\" \/>\n<meta name=\"twitter:card\" content=\"summary_large_image\" \/>\n<meta name=\"twitter:label1\" content=\"Dur\u00e9e de lecture estim\u00e9e\" \/>\n\t<meta name=\"twitter:data1\" content=\"1 minute\" \/>\n<script type=\"application\/ld+json\" class=\"yoast-schema-graph\">{\"@context\":\"https:\\\/\\\/schema.org\",\"@graph\":[{\"@type\":\"WebPage\",\"@id\":\"https:\\\/\\\/paint-car.com\\\/fr\\\/productos\\\/indumix-fr\\\/mastic-epoxy-nautifill\\\/\",\"url\":\"https:\\\/\\\/paint-car.com\\\/fr\\\/productos\\\/indumix-fr\\\/mastic-epoxy-nautifill\\\/\",\"name\":\"NAUTIFILL - PaintCar\",\"isPartOf\":{\"@id\":\"https:\\\/\\\/paint-car.com\\\/#website\"},\"primaryImageOfPage\":{\"@id\":\"https:\\\/\\\/paint-car.com\\\/fr\\\/productos\\\/indumix-fr\\\/mastic-epoxy-nautifill\\\/#primaryimage\"},\"image\":{\"@id\":\"https:\\\/\\\/paint-car.com\\\/fr\\\/productos\\\/indumix-fr\\\/mastic-epoxy-nautifill\\\/#primaryimage\"},\"thumbnailUrl\":\"https:\\\/\\\/paint-car.com\\\/wp-content\\\/uploads\\\/Indumix_Masilla_Epoxy.jpg\",\"datePublished\":\"2026-04-17T07:31:40+00:00\",\"dateModified\":\"2026-04-21T08:26:20+00:00\",\"breadcrumb\":{\"@id\":\"https:\\\/\\\/paint-car.com\\\/fr\\\/productos\\\/indumix-fr\\\/mastic-epoxy-nautifill\\\/#breadcrumb\"},\"inLanguage\":\"fr-FR\",\"potentialAction\":[{\"@type\":\"ReadAction\",\"target\":[\"https:\\\/\\\/paint-car.com\\\/fr\\\/productos\\\/indumix-fr\\\/mastic-epoxy-nautifill\\\/\"]}]},{\"@type\":\"ImageObject\",\"inLanguage\":\"fr-FR\",\"@id\":\"https:\\\/\\\/paint-car.com\\\/fr\\\/productos\\\/indumix-fr\\\/mastic-epoxy-nautifill\\\/#primaryimage\",\"url\":\"https:\\\/\\\/paint-car.com\\\/wp-content\\\/uploads\\\/Indumix_Masilla_Epoxy.jpg\",\"contentUrl\":\"https:\\\/\\\/paint-car.com\\\/wp-content\\\/uploads\\\/Indumix_Masilla_Epoxy.jpg\",\"width\":2048,\"height\":2048},{\"@type\":\"BreadcrumbList\",\"@id\":\"https:\\\/\\\/paint-car.com\\\/fr\\\/productos\\\/indumix-fr\\\/mastic-epoxy-nautifill\\\/#breadcrumb\",\"itemListElement\":[{\"@type\":\"ListItem\",\"position\":1,\"name\":\"Inicio\",\"item\":\"https:\\\/\\\/paint-car.com\\\/\"},{\"@type\":\"ListItem\",\"position\":2,\"name\":\"Produits\",\"item\":\"https:\\\/\\\/paint-car.com\\\/fr\\\/boutique\\\/\"},{\"@type\":\"ListItem\",\"position\":3,\"name\":\"NAUTIFILL\"}]},{\"@type\":\"WebSite\",\"@id\":\"https:\\\/\\\/paint-car.com\\\/#website\",\"url\":\"https:\\\/\\\/paint-car.com\\\/\",\"name\":\"PaintCar\",\"description\":\"Soluciones al repintado - Refinish Solutions\",\"publisher\":{\"@id\":\"https:\\\/\\\/paint-car.com\\\/#organization\"},\"alternateName\":\"PaintCar\",\"potentialAction\":[{\"@type\":\"SearchAction\",\"target\":{\"@type\":\"EntryPoint\",\"urlTemplate\":\"https:\\\/\\\/paint-car.com\\\/?s={search_term_string}\"},\"query-input\":{\"@type\":\"PropertyValueSpecification\",\"valueRequired\":true,\"valueName\":\"search_term_string\"}}],\"inLanguage\":\"fr-FR\"},{\"@type\":\"Organization\",\"@id\":\"https:\\\/\\\/paint-car.com\\\/#organization\",\"name\":\"PaintCar\",\"alternateName\":\"PaintCar - SOLUCIONES DE PINTURA PARA AUTOMOCI\u00d3N Y ANEXOS\",\"url\":\"https:\\\/\\\/paint-car.com\\\/\",\"logo\":{\"@type\":\"ImageObject\",\"inLanguage\":\"fr-FR\",\"@id\":\"https:\\\/\\\/paint-car.com\\\/#\\\/schema\\\/logo\\\/image\\\/\",\"url\":\"https:\\\/\\\/paint-car.com\\\/wp-content\\\/uploads\\\/2024\\\/10\\\/PaintCar.svg\",\"contentUrl\":\"https:\\\/\\\/paint-car.com\\\/wp-content\\\/uploads\\\/2024\\\/10\\\/PaintCar.svg\",\"width\":1,\"height\":1,\"caption\":\"PaintCar\"},\"image\":{\"@id\":\"https:\\\/\\\/paint-car.com\\\/#\\\/schema\\\/logo\\\/image\\\/\"},\"sameAs\":[\"https:\\\/\\\/www.facebook.com\\\/profile.php?id=61574894891270\",\"https:\\\/\\\/www.instagram.com\\\/paintcarsolutions\\\/\",\"https:\\\/\\\/www.tiktok.com\\\/@paintcaroficial\"]}]}<\/script>\n<!-- \/ Yoast SEO plugin. -->","yoast_head_json":{"title":"NAUTIFILL - PaintCar","robots":{"index":"index","follow":"follow","max-snippet":"max-snippet:-1","max-image-preview":"max-image-preview:large","max-video-preview":"max-video-preview:-1"},"canonical":"https:\/\/paint-car.com\/fr\/productos\/indumix-fr\/mastic-epoxy-nautifill\/","og_locale":"fr_FR","og_type":"article","og_title":"NAUTIFILL - PaintCar","og_description":"Mastic \u00c9poxy \u00e0 deux composants.","og_url":"https:\/\/paint-car.com\/fr\/productos\/indumix-fr\/mastic-epoxy-nautifill\/","og_site_name":"PaintCar","article_publisher":"https:\/\/www.facebook.com\/profile.php?id=61574894891270","article_modified_time":"2026-04-21T08:26:20+00:00","og_image":[{"width":2048,"height":2048,"url":"https:\/\/paint-car.com\/wp-content\/uploads\/Indumix_Masilla_Epoxy.jpg","type":"image\/jpeg"}],"twitter_card":"summary_large_image","twitter_misc":{"Dur\u00e9e de lecture estim\u00e9e":"1 minute"},"schema":{"@context":"https:\/\/schema.org","@graph":[{"@type":"WebPage","@id":"https:\/\/paint-car.com\/fr\/productos\/indumix-fr\/mastic-epoxy-nautifill\/","url":"https:\/\/paint-car.com\/fr\/productos\/indumix-fr\/mastic-epoxy-nautifill\/","name":"NAUTIFILL - PaintCar","isPartOf":{"@id":"https:\/\/paint-car.com\/#website"},"primaryImageOfPage":{"@id":"https:\/\/paint-car.com\/fr\/productos\/indumix-fr\/mastic-epoxy-nautifill\/#primaryimage"},"image":{"@id":"https:\/\/paint-car.com\/fr\/productos\/indumix-fr\/mastic-epoxy-nautifill\/#primaryimage"},"thumbnailUrl":"https:\/\/paint-car.com\/wp-content\/uploads\/Indumix_Masilla_Epoxy.jpg","datePublished":"2026-04-17T07:31:40+00:00","dateModified":"2026-04-21T08:26:20+00:00","breadcrumb":{"@id":"https:\/\/paint-car.com\/fr\/productos\/indumix-fr\/mastic-epoxy-nautifill\/#breadcrumb"},"inLanguage":"fr-FR","potentialAction":[{"@type":"ReadAction","target":["https:\/\/paint-car.com\/fr\/productos\/indumix-fr\/mastic-epoxy-nautifill\/"]}]},{"@type":"ImageObject","inLanguage":"fr-FR","@id":"https:\/\/paint-car.com\/fr\/productos\/indumix-fr\/mastic-epoxy-nautifill\/#primaryimage","url":"https:\/\/paint-car.com\/wp-content\/uploads\/Indumix_Masilla_Epoxy.jpg","contentUrl":"https:\/\/paint-car.com\/wp-content\/uploads\/Indumix_Masilla_Epoxy.jpg","width":2048,"height":2048},{"@type":"BreadcrumbList","@id":"https:\/\/paint-car.com\/fr\/productos\/indumix-fr\/mastic-epoxy-nautifill\/#breadcrumb","itemListElement":[{"@type":"ListItem","position":1,"name":"Inicio","item":"https:\/\/paint-car.com\/"},{"@type":"ListItem","position":2,"name":"Produits","item":"https:\/\/paint-car.com\/fr\/boutique\/"},{"@type":"ListItem","position":3,"name":"NAUTIFILL"}]},{"@type":"WebSite","@id":"https:\/\/paint-car.com\/#website","url":"https:\/\/paint-car.com\/","name":"PaintCar","description":"Soluciones al repintado - Refinish Solutions","publisher":{"@id":"https:\/\/paint-car.com\/#organization"},"alternateName":"PaintCar","potentialAction":[{"@type":"SearchAction","target":{"@type":"EntryPoint","urlTemplate":"https:\/\/paint-car.com\/?s={search_term_string}"},"query-input":{"@type":"PropertyValueSpecification","valueRequired":true,"valueName":"search_term_string"}}],"inLanguage":"fr-FR"},{"@type":"Organization","@id":"https:\/\/paint-car.com\/#organization","name":"PaintCar","alternateName":"PaintCar - SOLUCIONES DE PINTURA PARA AUTOMOCI\u00d3N Y ANEXOS","url":"https:\/\/paint-car.com\/","logo":{"@type":"ImageObject","inLanguage":"fr-FR","@id":"https:\/\/paint-car.com\/#\/schema\/logo\/image\/","url":"https:\/\/paint-car.com\/wp-content\/uploads\/2024\/10\/PaintCar.svg","contentUrl":"https:\/\/paint-car.com\/wp-content\/uploads\/2024\/10\/PaintCar.svg","width":1,"height":1,"caption":"PaintCar"},"image":{"@id":"https:\/\/paint-car.com\/#\/schema\/logo\/image\/"},"sameAs":["https:\/\/www.facebook.com\/profile.php?id=61574894891270","https:\/\/www.instagram.com\/paintcarsolutions\/","https:\/\/www.tiktok.com\/@paintcaroficial"]}]}},"_links":{"self":[{"href":"https:\/\/paint-car.com\/fr\/wp-json\/wp\/v2\/product\/5090","targetHints":{"allow":["GET"]}}],"collection":[{"href":"https:\/\/paint-car.com\/fr\/wp-json\/wp\/v2\/product"}],"about":[{"href":"https:\/\/paint-car.com\/fr\/wp-json\/wp\/v2\/types\/product"}],"wp:featuredmedia":[{"embeddable":true,"href":"https:\/\/paint-car.com\/fr\/wp-json\/wp\/v2\/media\/4991"}],"wp:attachment":[{"href":"https:\/\/paint-car.com\/fr\/wp-json\/wp\/v2\/media?parent=5090"}],"wp:term":[{"taxonomy":"product_brand","embeddable":true,"href":"https:\/\/paint-car.com\/fr\/wp-json\/wp\/v2\/product_brand?post=5090"},{"taxonomy":"product_cat","embeddable":true,"href":"https:\/\/paint-car.com\/fr\/wp-json\/wp\/v2\/product_cat?post=5090"},{"taxonomy":"product_tag","embeddable":true,"href":"https:\/\/paint-car.com\/fr\/wp-json\/wp\/v2\/product_tag?post=5090"}],"curies":[{"name":"wp","href":"https:\/\/api.w.org\/{rel}","templated":true}]}}